{"id":92,"date":"2017-03-23T10:44:57","date_gmt":"2017-03-23T10:44:57","guid":{"rendered":"http:\/\/snow-mountain.ancorathemes.com\/?page_id=92"},"modified":"2024-01-18T09:49:57","modified_gmt":"2024-01-18T09:49:57","slug":"wohnung-eg","status":"publish","type":"page","link":"https:\/\/alpenhaus-steinbock.ch\/index.php\/wohnung-eg\/","title":{"rendered":"3\u00bd Wohnung EG &#8211; Deutsch"},"content":{"rendered":"<p>[vc_row equal_height=&#187;yes&#187; content_placement=&#187;middle&#187;][vc_column offset=&#187;vc_col-md-6&#8243;][vc_empty_space alter_height=&#187;huge&#187; hide_on_mobile=&#187;&#187;]<div class=\"cq-homeslider customized tinyshadow \" data-captiontop=\"\" data-captionleft=\"\" data-delaytime=\"no\" data-minheight=\"\" data-maxheight=\"\" data-contentbackground=\"rgba(236,165,73,0.77)\" data-vc-stretch-content=\"true\" data-captionwidth=\"\" data-imagestretch=\"default\" data-contentcolor=\"\"><div class=\"cq-homeslider-area btn-medium\"><div class=\"cq-homeslider-cover\"><div class=\"cq-homeslider-itemcontainer\"><div class=\"cq-homeslider-imageitem\"><img decoding=\"async\" src=\"https:\/\/alpenhaus-steinbock.ch\/wp-content\/uploads\/2018\/07\/Wohnen-3-1.jpg\" class=\"cq-homeslider-image\" alt=\"\"\n><\/div><div class=\"cq-homeslider-imageitem\"><img decoding=\"async\" src=\"https:\/\/alpenhaus-steinbock.ch\/wp-content\/uploads\/2018\/07\/Zimmer-1.jpg\" class=\"cq-homeslider-image\" alt=\"\"\n><\/div><\/div><\/div><div class=\"cq-homeslider-contentcontainer square\"><div class=\"cq-homeslider-content\"><div class=\"cq-homeslider-contentitem\"><h4 class=\"cq-homeslider-title\"><\/h4>\n<p><big><strong>Allgemeine Informationen<\/strong><\/big><\/p>\n<ul>\n<li>Belegung mind. 1, max. 5 Personen<\/li>\n<li>Haustiere nicht erlaubt<\/li>\n<li>Nichtraucher-Wohnung<\/li>\n<\/ul>\n<p><\/div><div class=\"cq-homeslider-contentitem\">\n<p><big><strong>Raumprogramm<\/strong><\/big><\/p>\n<ul>\n<li>1 Doppelzimmer (Eltern)<\/li>\n<li>Kinderzimmer (Etagenbett und Einzelbett)<\/li>\n<li>Dusche \/ WC<\/li>\n<li>grossz\u00fcgige und sehr gut eingerichtete K\u00fcche mit Geschirrsp\u00fcler<\/li>\n<li>Wohn- und Essraum<\/li>\n<li>sch\u00f6ner Sitzplatz (S\u00fcd-Westen)<\/li>\n<\/ul>\n<p><br \/>\n<big><\/big><\/p>\n<p><\/div><div class=\"cq-homeslider-contentitem\">\n<p><big><strong>Preise<\/strong><\/big><\/p>\n<p><strong>Saison A: CHF 210.- \/ Tag<br \/>\n<\/strong>20.12.2019 &#8211; 04.01.2020<br \/>\n25.01.2020 &#8211; 07.03.2020<br \/>\n04.04.2020 &#8211; 18.04.2020<\/p>\n<p><strong>Saison B: CHF 190.- \/ Tag<br \/>\n<\/strong>04.01.2020 &#8211; 25.01.2020<br \/>\n07.03.2020 &#8211; 04.04.2020<\/p>\n<p><strong>Sommersaison: CHF 120.- \/ Tag<br \/>\n<\/strong>01.06.2020 &#8211; 01.11.2020<\/p>\n<p><\/p>\n<p><\/div><\/div><div class=\"cq-homeslider-navigation btn-medium\"><div class=\"homeslider-navigation-prev\"><i class=\"cq-homeslider-icon entypo-icon entypo-icon-left-open-big\"><\/i><\/div><div class=\"homeslider-navigation-next\"><i class=\"cq-homeslider-icon entypo-icon entypo-icon-right-open-big\"><\/i><\/div><\/div><\/div><\/div><\/div>[vc_empty_space alter_height=&#187;huge&#187; hide_on_mobile=&#187;1&#8243; css=&#187;.vc_custom_1492425939927{margin-top: 1.2rem !important;}&#187;][\/vc_column][vc_column css=&#187;.vc_custom_1492425874349{padding-left: 55px !important;}&#187; el_class=&#187;welcome_column&#187; offset=&#187;vc_col-md-6&#8243;][vc_empty_space alter_height=&#187;huge&#187; hide_on_mobile=&#187;&#187;]<div id=\"sc_title_1711785191\"\n\t\tclass=\"sc_title sc_title_default\"><h6 class=\"sc_item_subtitle sc_title_subtitle sc_align_left sc_item_title_style_default\">Alpenhaus Steinbock<\/h6><h3 class=\"sc_item_title sc_title_title sc_align_left sc_item_title_style_default\">3\u00bd Zimmer EG<\/h3><\/div><!-- \/.sc_title -->[vc_empty_space hide_on_mobile=&#187;&#187; css=&#187;.vc_custom_1492073785547{margin-top: 0.3rem !important;}&#187;][vc_column_text]Die Wohnung ist hell und gem\u00fctlich eingerichtet mit neuer Sitzgruppe und Satelliten-TV. Gratis WLAN! Fussbodenheizung. Familienspiele. Sie verf\u00fcgt \u00fcber eine gutausgestattete K\u00fcche mit Geschirrsp\u00fcler, Glaskeramikherd, Umluftbackofen, Raclette-Tischgrill, Fondue-Set, Schnellwasserkocher, Kaffeemaschine, Mixer und Toaster. 1 Eltern-Schlafzimmer mit Doppelbett (2 Matratzen). 1 Kinderzimmer mit 1 Einzelbett und 1 Etagenbett. WC mit Dusche, Haartrockner und Handtuchw\u00e4rmer. S\u00fcd- und Westbalkon mit Gartentisch und \u2013st\u00fchlen und einer atemberaubenden Sicht auf die Walliser Alpen.<\/p>\n<p>Im Sommer steht Ihnen ein kleiner Holzkohlengrill zur Verf\u00fcgung. Im Winter sch\u00e4tzen unsere G\u00e4ste den Skischuhw\u00e4rmer im Ski-Raum.[\/vc_column_text][vc_empty_space alter_height=&#187;medium&#187; hide_on_mobile=&#187;&#187; css=&#187;.vc_custom_1492073851908{margin-top: -0.1rem !important;}&#187;]<a href=\"https:\/\/direct.bookingandmore.com\/accommodation\/719e4752-6dc0-4208-8811-0e10f09c5b8c?lang=de\" id=\"sc_button_1964738036\" class=\"sc_button sc_button_default sc_button_size_normal sc_button_icon_left\"><span class=\"sc_button_text\"><span class=\"sc_button_title\">Wohnung Buchen<\/span><\/span><!-- \/.sc_button_text --><\/a><!-- \/.sc_button -->[vc_empty_space alter_height=&#187;huge&#187; hide_on_mobile=&#187;&#187;][\/vc_column][\/vc_row][vc_row][vc_column][vc_column_text]<\/p>\n<p>&nbsp;<\/p>\n<p>[\/vc_column_text][\/vc_column][\/vc_row][vc_row][vc_column][vc_empty_space hide_on_mobile=&#187;&#187;]<div id=\"sc_title_468025416\"\n\t\tclass=\"sc_title sc_title_default\"><h6 class=\"sc_item_subtitle sc_title_subtitle sc_align_center sc_item_title_style_default\">3\u00bd Zimmer EG<\/h6><h3 class=\"sc_item_title sc_title_title sc_align_center sc_item_title_style_default\">Fotos<\/h3><\/div><!-- \/.sc_title -->[vc_empty_space alter_height=&#187;medium&#187; hide_on_mobile=&#187;&#187;]<div class=\"sc_layouts sc_layouts_default sc_layouts_1244\">[vc_row][vc_column icons_position=\"left\"]<div class=\"cq-medium-gallery\" data-gallerywidth=\"\" data-background=\"\" data-layoutno=\"21343522341234232233\" data-lowreswidth=\"\" data-gutter=\"10px\" style=\"margin:0 auto;\"><img decoding=\"async\" src=\"https:\/\/alpenhaus-steinbock.ch\/wp-content\/uploads\/2018\/07\/Wohnen-1.jpg\" data-highres=\"https:\/\/alpenhaus-steinbock.ch\/wp-content\/uploads\/2018\/07\/Wohnen-1.jpg\" class=\"mediumgallery-img \" title=\"\" alt=\"\" \/><img decoding=\"async\" src=\"https:\/\/alpenhaus-steinbock.ch\/wp-content\/uploads\/2018\/07\/Wohnen-3.jpg\" data-highres=\"https:\/\/alpenhaus-steinbock.ch\/wp-content\/uploads\/2018\/07\/Wohnen-3.jpg\" class=\"mediumgallery-img \" title=\"\" alt=\"\" \/><\/div>[vc_empty_space height=\"10px\" alter_height=\"none\" hide_on_mobile=\"\"]<div class=\"cq-medium-gallery\" data-gallerywidth=\"\" data-background=\"\" data-layoutno=\"21343522341234232233\" data-lowreswidth=\"\" data-gutter=\"10px\" style=\"margin:0 auto;\"><img decoding=\"async\" src=\"https:\/\/alpenhaus-steinbock.ch\/wp-content\/uploads\/2018\/07\/Eingang.jpg\" data-highres=\"https:\/\/alpenhaus-steinbock.ch\/wp-content\/uploads\/2018\/07\/Eingang.jpg\" class=\"mediumgallery-img \" title=\"\" alt=\"\" \/><img decoding=\"async\" src=\"https:\/\/alpenhaus-steinbock.ch\/wp-content\/uploads\/2018\/07\/Wohnen-2.jpg\" data-highres=\"https:\/\/alpenhaus-steinbock.ch\/wp-content\/uploads\/2018\/07\/Wohnen-2.jpg\" class=\"mediumgallery-img \" title=\"\" alt=\"\" \/><img decoding=\"async\" src=\"https:\/\/alpenhaus-steinbock.ch\/wp-content\/uploads\/2018\/07\/Sitzplatz.jpg\" data-highres=\"https:\/\/alpenhaus-steinbock.ch\/wp-content\/uploads\/2018\/07\/Sitzplatz.jpg\" class=\"mediumgallery-img \" title=\"\" alt=\"\" \/><\/div>[vc_empty_space height=\"10px\" alter_height=\"none\" hide_on_mobile=\"\"]<div class=\"cq-medium-gallery\" data-gallerywidth=\"\" data-background=\"\" data-layoutno=\"21343522341234232233\" data-lowreswidth=\"\" data-gutter=\"10px\" style=\"margin:0 auto;\"><img decoding=\"async\" src=\"https:\/\/alpenhaus-steinbock.ch\/wp-content\/uploads\/2018\/07\/Du-WC-e1532077376742.jpg\" data-highres=\"https:\/\/alpenhaus-steinbock.ch\/wp-content\/uploads\/2018\/07\/Du-WC-e1532077376742.jpg\" class=\"mediumgallery-img \" title=\"\" alt=\"\" \/><img decoding=\"async\" src=\"https:\/\/alpenhaus-steinbock.ch\/wp-content\/uploads\/2018\/07\/Kinderzimmer.jpg\" data-highres=\"https:\/\/alpenhaus-steinbock.ch\/wp-content\/uploads\/2018\/07\/Kinderzimmer.jpg\" class=\"mediumgallery-img \" title=\"\" alt=\"\" \/><img decoding=\"async\" src=\"https:\/\/alpenhaus-steinbock.ch\/wp-content\/uploads\/2018\/07\/Zimmer.jpg\" data-highres=\"https:\/\/alpenhaus-steinbock.ch\/wp-content\/uploads\/2018\/07\/Zimmer.jpg\" class=\"mediumgallery-img \" title=\"\" alt=\"\" \/><\/div>[vc_empty_space hide_on_mobile=\"\"][\/vc_column][\/vc_row]<\/div>[vc_empty_space hide_on_mobile=&#187;&#187;][\/vc_column][\/vc_row][vc_row][\/vc_row][vc_column][\/vc_column][vc_empty_space alter_height=&#187;huge&#187; hide_on_mobile=&#187;&#187; css=&#187;.vc_custom_1492072195660{margin-top: -0.65rem !important;}&#187;]<div class=\"sc_layouts sc_layouts_default sc_layouts_228\">[vc_row][vc_column icons_position=\"left\"]<div class=\"sc_layouts_item\"><div id=\"sc_title_2118229520\"\n\t\tclass=\"sc_title sc_title_default\"><h6 class=\"sc_item_subtitle sc_title_subtitle sc_align_center sc_item_title_style_default\">Alpenhaus Steinbock<\/h6><h1 class=\"sc_item_title sc_title_title sc_align_center sc_item_title_style_default sc_item_title_tag\">Angebot & Freizeit<\/h1><\/div><!-- \/.sc_title --><\/div>[vc_empty_space alter_height=\"medium\" hide_on_mobile=\"\" css=\".vc_custom_1491654928648{margin-top: -0.5rem !important;}\"][vc_tta_tabs spacing=\"\" alignment=\"center\" active_section=\"1\" no_fill_content_area=\"true\"][vc_tta_section title=\"Wohnungen\" tab_id=\"1490369526311-f94eb064-a2dc\"]<div class=\"sc_layouts sc_layouts_default sc_layouts_1318\">[vc_row row_delimiter=\"\" row_fixed=\"\" hide_on_tablet=\"\" hide_on_mobile=\"\" hide_on_frontpage=\"\" css=\".vc_custom_1532179288256{margin-top: -3em !important;}\"][vc_column width=\"1\/3\" icons_position=\"left\"]<div class=\" cq-flipbox-container cq-rightleft\" data-frontbg=\"\" data-backbg=\"#eca549\" data-fontcolor=\"\" data-face1=\"cq-flipbox-front\" data-face2=\"cq-flipbox-back\" data-flipdirection=\"rightleft\" data-elementheight=\"\" data-avatarsize=\"80\" data-frontcontentcolor=\"\" data-backcontentcolor=\"#ffffff\" data-titlesize=\"\" data-contentsize=\"\" data-contentwidth=\"\" data-iconcolor=\"\" data-iconbg=\"\" data-elementmargin=\"\" data-elementwidth=\"\" data-cardborder=\"\" data-cardbordersize=\"1px\" data-bordercolor=\"\" data-backbuttonbg=\"\" data-backbuttonhoverbg=\"\" data-contentmargintop=\"\" data-cardshape=\"\" data-frontfullimage=\"https:\/\/alpenhaus-steinbock.ch\/wp-content\/uploads\/2018\/07\/Wohnung-EG.jpg\" data-avatartype=\"none\" data-backfullimage=\"\" data-backavatar=\"none\"><a href=\"\/index.php\/wohnung-eg\/\" title=\"\" target=\"\" class=\"cq-flipbox-link\"><div class=\"cq-flipbox-flipper\"><div class=\"cq-flipbox-item cq-flipbox-front\"><div class=\"cq-flipbox-content\"><\/div><\/div><div class=\"cq-flipbox-item cq-flipbox-back\"><div class=\"cq-flipbox-content\"><h4 class=\"cq-flipbox-title\">Hier klicken...<\/h4>...f\u00fcr weitere Infos &amp; Fotos<\/div><\/div><\/div><\/a><\/div>[vc_empty_space alter_height=\"medium\" hide_on_mobile=\"\"][vc_column_text]\r\n<h4 style=\"text-align: center;\">3\u00bd Zimmer EG<\/h4>\r\n<p style=\"text-align: center;\">Belegung: mind. 1 bis max. 5 Personen<\/p>\r\n<p style=\"text-align: center;\"><a href=\"\/index.php\/wohnung-eg\/\">Weitere Infos \/ Fotos<\/a><\/p>\r\n[\/vc_column_text][\/vc_column][vc_column width=\"1\/3\" icons_position=\"left\"]<div class=\" cq-flipbox-container cq-rightleft\" data-frontbg=\"\" data-backbg=\"#eca549\" data-fontcolor=\"\" data-face1=\"cq-flipbox-front\" data-face2=\"cq-flipbox-back\" data-flipdirection=\"rightleft\" data-elementheight=\"\" data-avatarsize=\"80\" data-frontcontentcolor=\"\" data-backcontentcolor=\"#ffffff\" data-titlesize=\"\" data-contentsize=\"\" data-contentwidth=\"\" data-iconcolor=\"\" data-iconbg=\"\" data-elementmargin=\"\" data-elementwidth=\"\" data-cardborder=\"\" data-cardbordersize=\"1px\" data-bordercolor=\"\" data-backbuttonbg=\"\" data-backbuttonhoverbg=\"\" data-contentmargintop=\"\" data-cardshape=\"\" data-frontfullimage=\"https:\/\/alpenhaus-steinbock.ch\/wp-content\/uploads\/2018\/07\/Wohnung-OG-West.jpg\" data-avatartype=\"none\" data-backfullimage=\"\" data-backavatar=\"none\"><a href=\"\/index.php\/wohnung-og-west\/\" title=\"\" target=\"\" class=\"cq-flipbox-link\"><div class=\"cq-flipbox-flipper\"><div class=\"cq-flipbox-item cq-flipbox-front\"><div class=\"cq-flipbox-content\"><\/div><\/div><div class=\"cq-flipbox-item cq-flipbox-back\"><div class=\"cq-flipbox-content\"><h4 class=\"cq-flipbox-title\">Hier klicken...<\/h4>...f\u00fcr weitere Infos &amp; Fotos<\/div><\/div><\/div><\/a><\/div>[vc_empty_space alter_height=\"medium\" hide_on_mobile=\"\"][vc_column_text]\r\n<h4 style=\"text-align: center;\">3\u00bd Zimmer 1.OG West<\/h4>\r\n<p style=\"text-align: center;\">Belegung: mind. 1 bis max. 6 Personen<\/p>\r\n<p style=\"text-align: center;\"><a href=\"\/index.php\/wohnung-og-west\/\">Weitere Infos \/ Fotos<\/a><\/p>\r\n[\/vc_column_text][\/vc_column][vc_column width=\"1\/3\" icons_position=\"left\"]<div class=\" cq-flipbox-container cq-rightleft\" data-frontbg=\"\" data-backbg=\"#eca549\" data-fontcolor=\"\" data-face1=\"cq-flipbox-front\" data-face2=\"cq-flipbox-back\" data-flipdirection=\"rightleft\" data-elementheight=\"\" data-avatarsize=\"80\" data-frontcontentcolor=\"\" data-backcontentcolor=\"#ffffff\" data-titlesize=\"\" data-contentsize=\"\" data-contentwidth=\"\" data-iconcolor=\"\" data-iconbg=\"\" data-elementmargin=\"\" data-elementwidth=\"\" data-cardborder=\"\" data-cardbordersize=\"1px\" data-bordercolor=\"\" data-backbuttonbg=\"\" data-backbuttonhoverbg=\"\" data-contentmargintop=\"\" data-cardshape=\"\" data-frontfullimage=\"https:\/\/alpenhaus-steinbock.ch\/wp-content\/uploads\/2018\/07\/Wohnung-OG-Ost.jpg\" data-avatartype=\"none\" data-backfullimage=\"\" data-backavatar=\"none\"><a href=\"\/index.php\/wohnung-og-ost\/\" title=\"\" target=\"\" class=\"cq-flipbox-link\"><div class=\"cq-flipbox-flipper\"><div class=\"cq-flipbox-item cq-flipbox-front\"><div class=\"cq-flipbox-content\"><\/div><\/div><div class=\"cq-flipbox-item cq-flipbox-back\"><div class=\"cq-flipbox-content\"><h4 class=\"cq-flipbox-title\">Hier klicken...<\/h4>...f\u00fcr weitere Infos &amp; Fotos<\/div><\/div><\/div><\/a><\/div>[vc_empty_space alter_height=\"medium\" hide_on_mobile=\"\"][vc_column_text]\r\n<h4 style=\"text-align: center;\">3\u00bd Zimmer 1.OG Ost<\/h4>\r\n<p style=\"text-align: center;\">Belegung: mind. 1 bis max. 6 Personen<\/p>\r\n<p style=\"text-align: center;\"><a href=\"\/index.php\/wohnung-og-ost\/\">Weitere Infos \/ Fotos<\/a><\/p>\r\n[\/vc_column_text][\/vc_column][\/vc_row]<\/div>[\/vc_tta_section][vc_tta_section title=\"Ausstattung\" tab_id=\"1490369526318-e25077c7-208f\"]<div class=\"sc_layouts sc_layouts_default sc_layouts_1328\">[vc_row row_delimiter=\"\" row_fixed=\"\" hide_on_tablet=\"\" hide_on_mobile=\"\" hide_on_frontpage=\"\" css=\".vc_custom_1532179288256{margin-top: -3em !important;}\"][vc_column width=\"1\/3\" icons_position=\"left\"]<div class=\" cq-flipbox-container cq-rightleft\" data-frontbg=\"\" data-backbg=\"#eca549\" data-fontcolor=\"\" data-face1=\"cq-flipbox-front\" data-face2=\"cq-flipbox-back\" data-flipdirection=\"rightleft\" data-elementheight=\"\" data-avatarsize=\"100\" data-frontcontentcolor=\"#eca549\" data-backcontentcolor=\"#ffffff\" data-titlesize=\"\" data-contentsize=\"\" data-contentwidth=\"\" data-iconcolor=\"\" data-iconbg=\"\" data-elementmargin=\"\" data-elementwidth=\"\" data-cardborder=\"\" data-cardbordersize=\"1px\" data-bordercolor=\"\" data-backbuttonbg=\"\" data-backbuttonhoverbg=\"\" data-contentmargintop=\"\" data-cardshape=\"\" data-frontfullimage=\"\" data-avatartype=\"icon\" data-backfullimage=\"\" data-backavatar=\"none\"><div class=\"cq-flipbox-flipper\"><div class=\"cq-flipbox-item cq-flipbox-front\"><div class=\"cq-flipbox-content\"><i class=\"cq-flipbox-cardavatar cq-shadow typcn typcn-wi-fi\"><\/i><h4 class=\"cq-flipbox-title\">Gratis WLAN<\/h4><\/div><\/div><div class=\"cq-flipbox-item cq-flipbox-back\"><div class=\"cq-flipbox-content\"><h4 class=\"cq-flipbox-title\">TV, Radio, Internet<\/h4>TV, Radio sowie WLAN stehen bei allen Wohnungen gratis zur Verf\u00fcgung<\/div><\/div><\/div><\/div>[\/vc_column][vc_column width=\"1\/3\" icons_position=\"left\"]<div class=\" cq-flipbox-container cq-rightleft\" data-frontbg=\"\" data-backbg=\"#eca549\" data-fontcolor=\"\" data-face1=\"cq-flipbox-front\" data-face2=\"cq-flipbox-back\" data-flipdirection=\"rightleft\" data-elementheight=\"\" data-avatarsize=\"100\" data-frontcontentcolor=\"#eca549\" data-backcontentcolor=\"#ffffff\" data-titlesize=\"\" data-contentsize=\"\" data-contentwidth=\"\" data-iconcolor=\"\" data-iconbg=\"\" data-elementmargin=\"\" data-elementwidth=\"\" data-cardborder=\"\" data-cardbordersize=\"1px\" data-bordercolor=\"\" data-backbuttonbg=\"\" data-backbuttonhoverbg=\"\" data-contentmargintop=\"\" data-cardshape=\"\" data-frontfullimage=\"\" data-avatartype=\"icon\" data-backfullimage=\"\" data-backavatar=\"none\"><div class=\"cq-flipbox-flipper\"><div class=\"cq-flipbox-item cq-flipbox-front\"><div class=\"cq-flipbox-content\"><i class=\"cq-flipbox-cardavatar cq-shadow typcn typcn-adjust-brightness\"><\/i><h4 class=\"cq-flipbox-title\">Balkon \/ Sitzplatz<\/h4><\/div><\/div><div class=\"cq-flipbox-item cq-flipbox-back\"><div class=\"cq-flipbox-content\"><h4 class=\"cq-flipbox-title\">Balkon \/ Sitzplatz<\/h4>Alle Wohnungen verf\u00fcgen \u00fcber einen Balkon oder Sitzplatz<\/div><\/div><\/div><\/div>[\/vc_column][vc_column width=\"1\/3\" icons_position=\"left\"]<div class=\" cq-flipbox-container cq-rightleft\" data-frontbg=\"\" data-backbg=\"#eca549\" data-fontcolor=\"\" data-face1=\"cq-flipbox-front\" data-face2=\"cq-flipbox-back\" data-flipdirection=\"rightleft\" data-elementheight=\"\" data-avatarsize=\"100\" data-frontcontentcolor=\"#eca549\" data-backcontentcolor=\"#ffffff\" data-titlesize=\"\" data-contentsize=\"\" data-contentwidth=\"\" data-iconcolor=\"\" data-iconbg=\"\" data-elementmargin=\"\" data-elementwidth=\"\" data-cardborder=\"\" data-cardbordersize=\"1px\" data-bordercolor=\"\" data-backbuttonbg=\"\" data-backbuttonhoverbg=\"\" data-contentmargintop=\"\" data-cardshape=\"\" data-frontfullimage=\"\" data-avatartype=\"icon\" data-backfullimage=\"\" data-backavatar=\"none\"><div class=\"cq-flipbox-flipper\"><div class=\"cq-flipbox-item cq-flipbox-front\"><div class=\"cq-flipbox-content\"><i class=\"cq-flipbox-cardavatar cq-shadow fa fa-car\"><\/i><h4 class=\"cq-flipbox-title\">Parkplatz \/ Taxi<\/h4><\/div><\/div><div class=\"cq-flipbox-item cq-flipbox-back\"><div class=\"cq-flipbox-content\"><h4 class=\"cq-flipbox-title\">Wintersaison<\/h4>Reservierter Parkplatz in M\u00f6rel (w\u00e4hrend der Wintersaison)\r\n- Die G\u00e4ste haben 50% Rabatt auf das Taxi<\/div><\/div><\/div><\/div>[\/vc_column][\/vc_row]<\/div>[\/vc_tta_section][vc_tta_section title=\"Freizeit\" tab_id=\"1490369559225-fdc21af2-1289\"]<div class=\"sc_layouts sc_layouts_default sc_layouts_1331\">[vc_row row_delimiter=\"\" row_fixed=\"\" hide_on_tablet=\"\" hide_on_mobile=\"\" hide_on_frontpage=\"\" css=\".vc_custom_1532179288256{margin-top: -3em !important;}\"][vc_column width=\"1\/3\" icons_position=\"left\"]<div class=\" cq-flipbox-container cq-rightleft\" data-frontbg=\"\" data-backbg=\"#eca549\" data-fontcolor=\"\" data-face1=\"cq-flipbox-front\" data-face2=\"cq-flipbox-back\" data-flipdirection=\"rightleft\" data-elementheight=\"\" data-avatarsize=\"100\" data-frontcontentcolor=\"#eca549\" data-backcontentcolor=\"#ffffff\" data-titlesize=\"\" data-contentsize=\"\" data-contentwidth=\"\" data-iconcolor=\"\" data-iconbg=\"\" data-elementmargin=\"\" data-elementwidth=\"\" data-cardborder=\"\" data-cardbordersize=\"1px\" data-bordercolor=\"\" data-backbuttonbg=\"\" data-backbuttonhoverbg=\"\" data-contentmargintop=\"\" data-cardshape=\"\" data-frontfullimage=\"https:\/\/alpenhaus-steinbock.ch\/wp-content\/uploads\/2018\/07\/golfclub.jpg\" data-avatartype=\"none\" data-backfullimage=\"\" data-backavatar=\"none\"><div class=\"cq-flipbox-flipper\"><div class=\"cq-flipbox-item cq-flipbox-front\"><div class=\"cq-flipbox-content\"><\/div><\/div><div class=\"cq-flipbox-item cq-flipbox-back\"><div class=\"cq-flipbox-content\"><h4 class=\"cq-flipbox-title\">Golfclub Riederalp<\/h4>Golf f\u00fcr Jedermann - vom Anf\u00e4nger bis zum Profi. 9-Loch Golfanlage auf 2000 m \u00fc.M.\r\nHIER klicken f\u00fcr weitere Impressionen<\/div><\/div><\/div><\/div>[\/vc_column][vc_column width=\"1\/3\" icons_position=\"left\"]<div class=\" cq-flipbox-container cq-rightleft\" data-frontbg=\"\" data-backbg=\"#eca549\" data-fontcolor=\"\" data-face1=\"cq-flipbox-front\" data-face2=\"cq-flipbox-back\" data-flipdirection=\"rightleft\" data-elementheight=\"\" data-avatarsize=\"100\" data-frontcontentcolor=\"#eca549\" data-backcontentcolor=\"#ffffff\" data-titlesize=\"\" data-contentsize=\"\" data-contentwidth=\"\" data-iconcolor=\"\" data-iconbg=\"\" data-elementmargin=\"\" data-elementwidth=\"\" data-cardborder=\"\" data-cardbordersize=\"1px\" data-bordercolor=\"\" data-backbuttonbg=\"\" data-backbuttonhoverbg=\"\" data-contentmargintop=\"\" data-cardshape=\"\" data-frontfullimage=\"https:\/\/alpenhaus-steinbock.ch\/wp-content\/uploads\/2018\/07\/Riederalp.jpg\" data-avatartype=\"none\" data-backfullimage=\"\" data-backavatar=\"none\"><div class=\"cq-flipbox-flipper\"><div class=\"cq-flipbox-item cq-flipbox-front\"><div class=\"cq-flipbox-content\"><\/div><\/div><div class=\"cq-flipbox-item cq-flipbox-back\"><div class=\"cq-flipbox-content\"><h4 class=\"cq-flipbox-title\">Aletsch Arena<\/h4>Mitten im sch\u00f6nen Ski- und Wandergebiet. 104 Pistenkilometern im Winter und im Sommer umfasst das Gebiet 150 km Wanderwege und 100 km Mountain-Bike-Trails.<\/div><\/div><\/div><\/div>[\/vc_column][vc_column width=\"1\/3\" icons_position=\"left\"]<div class=\" cq-flipbox-container cq-rightleft\" data-frontbg=\"\" data-backbg=\"#eca549\" data-fontcolor=\"\" data-face1=\"cq-flipbox-front\" data-face2=\"cq-flipbox-back\" data-flipdirection=\"rightleft\" data-elementheight=\"\" data-avatarsize=\"100\" data-frontcontentcolor=\"#eca549\" data-backcontentcolor=\"#ffffff\" data-titlesize=\"\" data-contentsize=\"\" data-contentwidth=\"\" data-iconcolor=\"\" data-iconbg=\"\" data-elementmargin=\"\" data-elementwidth=\"\" data-cardborder=\"\" data-cardbordersize=\"1px\" data-bordercolor=\"\" data-backbuttonbg=\"\" data-backbuttonhoverbg=\"\" data-contentmargintop=\"\" data-cardshape=\"\" data-frontfullimage=\"https:\/\/alpenhaus-steinbock.ch\/wp-content\/uploads\/2018\/07\/aletschgletscher.jpg\" data-avatartype=\"none\" data-backfullimage=\"\" data-backavatar=\"none\"><a href=\"https:\/\/3color.ch\/alpenhaus-steinbock\/index.php\/impression-deutsch\/\" title=\"\" target=\"\" class=\"cq-flipbox-link\"><div class=\"cq-flipbox-flipper\"><div class=\"cq-flipbox-item cq-flipbox-front\"><div class=\"cq-flipbox-content\"><\/div><\/div><div class=\"cq-flipbox-item cq-flipbox-back\"><div class=\"cq-flipbox-content\"><h4 class=\"cq-flipbox-title\">Impressionen \/ Galerie<\/h4>Ferien im Paradies -\r\nF\u00fcr weitere Fotos und Eindr\u00fccke HIER klicken...<\/div><\/div><\/div><\/a><\/div>[\/vc_column][\/vc_row]<\/div>[\/vc_tta_section][\/vc_tta_tabs][vc_empty_space alter_height=\"medium\" hide_on_mobile=\"\"][\/vc_column][\/vc_row]<\/div>[vc_empty_space alter_height=&#187;small&#187; hide_on_mobile=&#187;&#187; css=&#187;.vc_custom_1492072291028{margin-top: 0.4rem !important;}&#187;]<\/p>\n","protected":false},"excerpt":{"rendered":"<p>[vc_row equal_height=&#187;yes&#187; content_placement=&#187;middle&#187;][vc_column offset=&#187;vc_col-md-6&#8243;][vc_empty_space alter_height=&#187;huge&#187; hide_on_mobile=&#187;&#187;][vc_empty_space alter_height=&#187;huge&#187; hide_on_mobile=&#187;1&#8243; css=&#187;.vc_custom_1492425939927{margin-top: 1.2rem !important;}&#187;][\/vc_column][vc_column css=&#187;.vc_custom_1492425874349{padding-left: 55px !important;}&#187; el_class=&#187;welcome_column&#187; offset=&#187;vc_col-md-6&#8243;][vc_empty_space alter_height=&#187;huge&#187; hide_on_mobile=&#187;&#187;][vc_empty_space hide_on_mobile=&#187;&#187; css=&#187;.vc_custom_1492073785547{margin-top: 0.3rem !important;}&#187;][vc_column_text]Die Wohnung ist hell und gem\u00fctlich eingerichtet mit neuer Sitzgruppe und Satelliten-TV. Gratis WLAN! Fussbodenheizung. Familienspiele. Sie verf\u00fcgt \u00fcber eine gutausgestattete K\u00fcche mit Geschirrsp\u00fcler, Glaskeramikherd, Umluftbackofen, Raclette-Tischgrill, Fondue-Set, Schnellwasserkocher, Kaffeemaschine, Mixer und Toaster. 1 Eltern-Schlafzimmer mit Doppelbett (2 Matratzen).&hellip;<\/p>\n","protected":false},"author":1,"featured_media":0,"parent":0,"menu_order":0,"comment_status":"closed","ping_status":"closed","template":"","meta":{"footnotes":""},"_links":{"self":[{"href":"https:\/\/alpenhaus-steinbock.ch\/index.php\/wp-json\/wp\/v2\/pages\/92"}],"collection":[{"href":"https:\/\/alpenhaus-steinbock.ch\/index.php\/wp-json\/wp\/v2\/pages"}],"about":[{"href":"https:\/\/alpenhaus-steinbock.ch\/index.php\/wp-json\/wp\/v2\/types\/page"}],"author":[{"embeddable":true,"href":"https:\/\/alpenhaus-steinbock.ch\/index.php\/wp-json\/wp\/v2\/users\/1"}],"replies":[{"embeddable":true,"href":"https:\/\/alpenhaus-steinbock.ch\/index.php\/wp-json\/wp\/v2\/comments?post=92"}],"version-history":[{"count":141,"href":"https:\/\/alpenhaus-steinbock.ch\/index.php\/wp-json\/wp\/v2\/pages\/92\/revisions"}],"predecessor-version":[{"id":2029,"href":"https:\/\/alpenhaus-steinbock.ch\/index.php\/wp-json\/wp\/v2\/pages\/92\/revisions\/2029"}],"wp:attachment":[{"href":"https:\/\/alpenhaus-steinbock.ch\/index.php\/wp-json\/wp\/v2\/media?parent=92"}],"curies":[{"name":"wp","href":"https:\/\/api.w.org\/{rel}","templated":true}]}}