{"id":90,"date":"2017-03-23T10:44:26","date_gmt":"2017-03-23T10:44:26","guid":{"rendered":"http:\/\/snow-mountain.ancorathemes.com\/?page_id=90"},"modified":"2020-08-05T09:01:00","modified_gmt":"2020-08-05T09:01:00","slug":"anreise","status":"publish","type":"page","link":"https:\/\/alpenhaus-steinbock.ch\/index.php\/anreise\/","title":{"rendered":"Anreise &#8211; Deutsch"},"content":{"rendered":"<p>[vc_row][vc_column][vc_empty_space alter_height=&#187;medium&#187; hide_on_mobile=&#187;&#187; css=&#187;.vc_custom_1532180509564{margin-top: -0.4rem !important;}&#187;]<div id=\"sc_title_1611353253\"\n\t\tclass=\"sc_title sc_title_default\"><h6 class=\"sc_item_subtitle sc_title_subtitle sc_align_center sc_item_title_style_default\">Alpenhaus Steinbock<\/h6><h1 class=\"sc_item_title sc_title_title sc_align_center sc_item_title_style_default sc_item_title_tag\">Lage & Anreise<\/h1><\/div><!-- \/.sc_title -->[vc_empty_space alter_height=&#187;large&#187; hide_on_mobile=&#187;&#187; css=&#187;.vc_custom_1532180517193{margin-top: 0.3rem !important;}&#187;][vc_column_text]<\/p>\n<h3 style=\"text-align: center;\">Lage<\/h3>\n<p class=\"lead\" style=\"text-align: center;\"><strong><span class=\"text1\">Das Alpenhaus Steinbock besticht durch seine ausgezeichnete Lage im Herzen der Riederalp. Vom Haus aus erreichen Sie in ca. 8 Gehminuten die Seilbahnstation, Einkaufsl\u00e4den, die Post, das Verkehrs-, Golf- und Skilschulb\u00fcro.<\/span><\/strong><\/p>\n<p style=\"text-align: center;\"><span class=\"text1\">In unmittelbarer N\u00e4he des Hauses befindet sich der \u00dcbungslift. So haben Sie Ihre Kinder &#171;immer im Blickwinkel&#187;. Skier vor dem Haus anziehen und 2 Min. sp\u00e4ter sind Sie an der Talsation der Gondelbahn &#171;Moosfluh&#187;. Am Abend fahren Sie bequem mit den Skis wieder vor die Haust\u00fcre.<br \/>\nIm Sommer sind Sie nur wenige Meter vom FunPark und dem Minigolf entfernt.<\/span><\/p>\n<p style=\"text-align: center;\">Dank der S\u00fcd-Ausrichtung der Wohnungen geniessen Sie eine herrliche Aussicht auf die gegen\u00fcberliegenden Viertausender der Walliser Alpen. Zudem profitieren Sie von einer optimalen Sonneneinstrahlung.<\/p>\n<h3 style=\"text-align: center;\">Anreise<\/h3>\n<p style=\"text-align: center;\">Mit dem Auto oder der Bahn bis nach M\u00f6rel. Dort steht den G\u00e4sten mit Auto ein Parkplatz zur Verf\u00fcgung (Wintersaison).<\/p>\n<p style=\"text-align: center;\">Anschliessend mit der Luftseilbahn (Grosskabinenbahn) auf die Riederalp. Die Bahn verkehrt alle 30 Minuten. An Samstagen in der Saison alle 15 Minuten. Die Fahrzeit betr\u00e4gt ca. 10 Minuten.<\/p>\n<p style=\"text-align: center;\">Auf der Riederalp haben Sie die M\u00f6glichkeit ein Taxi zu bestellen. Dieses bringt Sie in weniger als 5 Minuten bis vor die Haust\u00fcre. Oder Sie haben die M\u00f6glichkeit den hauseigenen Holzschlitten (Winter) oder den Handwagen (Sommer) \u00a0beim Haus zu holen, mit dem Sie das Gep\u00e4ck zum Haus transportieren k\u00f6nnen. Das Tourismusb\u00fcro vermietet ebenfalls Schlitten und Handwagen f\u00fcr den Transport.<\/p>\n<p>[\/vc_column_text][vc_empty_space alter_height=&#187;large&#187; hide_on_mobile=&#187;&#187;][vc_gmaps link=&#187;#E-8_JTNDaWZyYW1lJTIwc3JjJTNEJTIyaHR0cHMlM0ElMkYlMkZ3d3cuZ29vZ2xlLmNvbSUyRm1hcHMlMkZlbWJlZCUzRnBiJTNEJTIxMW0xOCUyMTFtMTIlMjExbTMlMjExZDI3NTIuMzg5MDY3ODQ5OTM0MiUyMTJkOC4wMzI4MDUwMTU1ODg0NDIlMjEzZDQ2LjM4MTUwNzg3OTEyMjUyJTIxMm0zJTIxMWYwJTIxMmYwJTIxM2YwJTIxM20yJTIxMWkxMDI0JTIxMmk3NjglMjE0ZjEzLjElMjEzbTMlMjExbTIlMjExczB4NDc4ZjZmZGM1M2FiNzIyZiUyNTNBMHhkNjcwNzYxZjgxNzIzNjhhJTIxMnNIYXVzJTJCU3RlaW5ib2NrJTI1MkMlMkIzOTg3JTJCUmllZGVyYWxwJTIxNWUwJTIxM20yJTIxMXNkZSUyMTJzY2glMjE0djE1MzIxNzU2NjE5MTclMjIlMjB3aWR0aCUzRCUyMjEwMCUyNSUyMiUyMGhlaWdodCUzRCUyMjUzMCUyMiUyMGZyYW1lYm9yZGVyJTNEJTIyMCUyMiUyMHN0eWxlJTNEJTIyYm9yZGVyJTNBMCUyMiUyMGFsbG93ZnVsbHNjcmVlbiUzRSUzQyUyRmlmcmFtZSUzRQ==&#187;][vc_empty_space alter_height=&#187;large&#187; hide_on_mobile=&#187;&#187;][\/vc_column][\/vc_row][vc_row][vc_column]<div class=\"sc_layouts sc_layouts_default sc_layouts_228\">[vc_row][vc_column icons_position=\"left\"]<div class=\"sc_layouts_item\"><div id=\"sc_title_1955864565\"\n\t\tclass=\"sc_title sc_title_default\"><h6 class=\"sc_item_subtitle sc_title_subtitle sc_align_center sc_item_title_style_default\">Alpenhaus Steinbock<\/h6><h1 class=\"sc_item_title sc_title_title sc_align_center sc_item_title_style_default sc_item_title_tag\">Angebot & Freizeit<\/h1><\/div><!-- \/.sc_title --><\/div>[vc_empty_space alter_height=\"medium\" hide_on_mobile=\"\" css=\".vc_custom_1491654928648{margin-top: -0.5rem !important;}\"][vc_tta_tabs spacing=\"\" alignment=\"center\" active_section=\"1\" no_fill_content_area=\"true\"][vc_tta_section title=\"Wohnungen\" tab_id=\"1490369526311-f94eb064-a2dc\"]<div class=\"sc_layouts sc_layouts_default sc_layouts_1318\">[vc_row row_delimiter=\"\" row_fixed=\"\" hide_on_tablet=\"\" hide_on_mobile=\"\" hide_on_frontpage=\"\" css=\".vc_custom_1532179288256{margin-top: -3em !important;}\"][vc_column width=\"1\/3\" icons_position=\"left\"]<div class=\" cq-flipbox-container cq-rightleft\" data-frontbg=\"\" data-backbg=\"#eca549\" data-fontcolor=\"\" data-face1=\"cq-flipbox-front\" data-face2=\"cq-flipbox-back\" data-flipdirection=\"rightleft\" data-elementheight=\"\" data-avatarsize=\"80\" data-frontcontentcolor=\"\" data-backcontentcolor=\"#ffffff\" data-titlesize=\"\" data-contentsize=\"\" data-contentwidth=\"\" data-iconcolor=\"\" data-iconbg=\"\" data-elementmargin=\"\" data-elementwidth=\"\" data-cardborder=\"\" data-cardbordersize=\"1px\" data-bordercolor=\"\" data-backbuttonbg=\"\" data-backbuttonhoverbg=\"\" data-contentmargintop=\"\" data-cardshape=\"\" data-frontfullimage=\"https:\/\/alpenhaus-steinbock.ch\/wp-content\/uploads\/2018\/07\/Wohnung-EG.jpg\" data-avatartype=\"none\" data-backfullimage=\"\" data-backavatar=\"none\"><a href=\"\/index.php\/wohnung-eg\/\" title=\"\" target=\"\" class=\"cq-flipbox-link\"><div class=\"cq-flipbox-flipper\"><div class=\"cq-flipbox-item cq-flipbox-front\"><div class=\"cq-flipbox-content\"><\/div><\/div><div class=\"cq-flipbox-item cq-flipbox-back\"><div class=\"cq-flipbox-content\"><h4 class=\"cq-flipbox-title\">Hier klicken...<\/h4>...f\u00fcr weitere Infos &amp; Fotos<\/div><\/div><\/div><\/a><\/div>[vc_empty_space alter_height=\"medium\" hide_on_mobile=\"\"][vc_column_text]\r\n<h4 style=\"text-align: center;\">3\u00bd Zimmer EG<\/h4>\r\n<p style=\"text-align: center;\">Belegung: mind. 1 bis max. 5 Personen<\/p>\r\n<p style=\"text-align: center;\"><a href=\"\/index.php\/wohnung-eg\/\">Weitere Infos \/ Fotos<\/a><\/p>\r\n[\/vc_column_text][\/vc_column][vc_column width=\"1\/3\" icons_position=\"left\"]<div class=\" cq-flipbox-container cq-rightleft\" data-frontbg=\"\" data-backbg=\"#eca549\" data-fontcolor=\"\" data-face1=\"cq-flipbox-front\" data-face2=\"cq-flipbox-back\" data-flipdirection=\"rightleft\" data-elementheight=\"\" data-avatarsize=\"80\" data-frontcontentcolor=\"\" data-backcontentcolor=\"#ffffff\" data-titlesize=\"\" data-contentsize=\"\" data-contentwidth=\"\" data-iconcolor=\"\" data-iconbg=\"\" data-elementmargin=\"\" data-elementwidth=\"\" data-cardborder=\"\" data-cardbordersize=\"1px\" data-bordercolor=\"\" data-backbuttonbg=\"\" data-backbuttonhoverbg=\"\" data-contentmargintop=\"\" data-cardshape=\"\" data-frontfullimage=\"https:\/\/alpenhaus-steinbock.ch\/wp-content\/uploads\/2018\/07\/Wohnung-OG-West.jpg\" data-avatartype=\"none\" data-backfullimage=\"\" data-backavatar=\"none\"><a href=\"\/index.php\/wohnung-og-west\/\" title=\"\" target=\"\" class=\"cq-flipbox-link\"><div class=\"cq-flipbox-flipper\"><div class=\"cq-flipbox-item cq-flipbox-front\"><div class=\"cq-flipbox-content\"><\/div><\/div><div class=\"cq-flipbox-item cq-flipbox-back\"><div class=\"cq-flipbox-content\"><h4 class=\"cq-flipbox-title\">Hier klicken...<\/h4>...f\u00fcr weitere Infos &amp; Fotos<\/div><\/div><\/div><\/a><\/div>[vc_empty_space alter_height=\"medium\" hide_on_mobile=\"\"][vc_column_text]\r\n<h4 style=\"text-align: center;\">3\u00bd Zimmer 1.OG West<\/h4>\r\n<p style=\"text-align: center;\">Belegung: mind. 1 bis max. 6 Personen<\/p>\r\n<p style=\"text-align: center;\"><a href=\"\/index.php\/wohnung-og-west\/\">Weitere Infos \/ Fotos<\/a><\/p>\r\n[\/vc_column_text][\/vc_column][vc_column width=\"1\/3\" icons_position=\"left\"]<div class=\" cq-flipbox-container cq-rightleft\" data-frontbg=\"\" data-backbg=\"#eca549\" data-fontcolor=\"\" data-face1=\"cq-flipbox-front\" data-face2=\"cq-flipbox-back\" data-flipdirection=\"rightleft\" data-elementheight=\"\" data-avatarsize=\"80\" data-frontcontentcolor=\"\" data-backcontentcolor=\"#ffffff\" data-titlesize=\"\" data-contentsize=\"\" data-contentwidth=\"\" data-iconcolor=\"\" data-iconbg=\"\" data-elementmargin=\"\" data-elementwidth=\"\" data-cardborder=\"\" data-cardbordersize=\"1px\" data-bordercolor=\"\" data-backbuttonbg=\"\" data-backbuttonhoverbg=\"\" data-contentmargintop=\"\" data-cardshape=\"\" data-frontfullimage=\"https:\/\/alpenhaus-steinbock.ch\/wp-content\/uploads\/2018\/07\/Wohnung-OG-Ost.jpg\" data-avatartype=\"none\" data-backfullimage=\"\" data-backavatar=\"none\"><a href=\"\/index.php\/wohnung-og-ost\/\" title=\"\" target=\"\" class=\"cq-flipbox-link\"><div class=\"cq-flipbox-flipper\"><div class=\"cq-flipbox-item cq-flipbox-front\"><div class=\"cq-flipbox-content\"><\/div><\/div><div class=\"cq-flipbox-item cq-flipbox-back\"><div class=\"cq-flipbox-content\"><h4 class=\"cq-flipbox-title\">Hier klicken...<\/h4>...f\u00fcr weitere Infos &amp; Fotos<\/div><\/div><\/div><\/a><\/div>[vc_empty_space alter_height=\"medium\" hide_on_mobile=\"\"][vc_column_text]\r\n<h4 style=\"text-align: center;\">3\u00bd Zimmer 1.OG Ost<\/h4>\r\n<p style=\"text-align: center;\">Belegung: mind. 1 bis max. 6 Personen<\/p>\r\n<p style=\"text-align: center;\"><a href=\"\/index.php\/wohnung-og-ost\/\">Weitere Infos \/ Fotos<\/a><\/p>\r\n[\/vc_column_text][\/vc_column][\/vc_row]<\/div>[\/vc_tta_section][vc_tta_section title=\"Ausstattung\" tab_id=\"1490369526318-e25077c7-208f\"]<div class=\"sc_layouts sc_layouts_default sc_layouts_1328\">[vc_row row_delimiter=\"\" row_fixed=\"\" hide_on_tablet=\"\" hide_on_mobile=\"\" hide_on_frontpage=\"\" css=\".vc_custom_1532179288256{margin-top: -3em !important;}\"][vc_column width=\"1\/3\" icons_position=\"left\"]<div class=\" cq-flipbox-container cq-rightleft\" data-frontbg=\"\" data-backbg=\"#eca549\" data-fontcolor=\"\" data-face1=\"cq-flipbox-front\" data-face2=\"cq-flipbox-back\" data-flipdirection=\"rightleft\" data-elementheight=\"\" data-avatarsize=\"100\" data-frontcontentcolor=\"#eca549\" data-backcontentcolor=\"#ffffff\" data-titlesize=\"\" data-contentsize=\"\" data-contentwidth=\"\" data-iconcolor=\"\" data-iconbg=\"\" data-elementmargin=\"\" data-elementwidth=\"\" data-cardborder=\"\" data-cardbordersize=\"1px\" data-bordercolor=\"\" data-backbuttonbg=\"\" data-backbuttonhoverbg=\"\" data-contentmargintop=\"\" data-cardshape=\"\" data-frontfullimage=\"\" data-avatartype=\"icon\" data-backfullimage=\"\" data-backavatar=\"none\"><div class=\"cq-flipbox-flipper\"><div class=\"cq-flipbox-item cq-flipbox-front\"><div class=\"cq-flipbox-content\"><i class=\"cq-flipbox-cardavatar cq-shadow typcn typcn-wi-fi\"><\/i><h4 class=\"cq-flipbox-title\">Gratis WLAN<\/h4><\/div><\/div><div class=\"cq-flipbox-item cq-flipbox-back\"><div class=\"cq-flipbox-content\"><h4 class=\"cq-flipbox-title\">TV, Radio, Internet<\/h4>TV, Radio sowie WLAN stehen bei allen Wohnungen gratis zur Verf\u00fcgung<\/div><\/div><\/div><\/div>[\/vc_column][vc_column width=\"1\/3\" icons_position=\"left\"]<div class=\" cq-flipbox-container cq-rightleft\" data-frontbg=\"\" data-backbg=\"#eca549\" data-fontcolor=\"\" data-face1=\"cq-flipbox-front\" data-face2=\"cq-flipbox-back\" data-flipdirection=\"rightleft\" data-elementheight=\"\" data-avatarsize=\"100\" data-frontcontentcolor=\"#eca549\" data-backcontentcolor=\"#ffffff\" data-titlesize=\"\" data-contentsize=\"\" data-contentwidth=\"\" data-iconcolor=\"\" data-iconbg=\"\" data-elementmargin=\"\" data-elementwidth=\"\" data-cardborder=\"\" data-cardbordersize=\"1px\" data-bordercolor=\"\" data-backbuttonbg=\"\" data-backbuttonhoverbg=\"\" data-contentmargintop=\"\" data-cardshape=\"\" data-frontfullimage=\"\" data-avatartype=\"icon\" data-backfullimage=\"\" data-backavatar=\"none\"><div class=\"cq-flipbox-flipper\"><div class=\"cq-flipbox-item cq-flipbox-front\"><div class=\"cq-flipbox-content\"><i class=\"cq-flipbox-cardavatar cq-shadow typcn typcn-adjust-brightness\"><\/i><h4 class=\"cq-flipbox-title\">Balkon \/ Sitzplatz<\/h4><\/div><\/div><div class=\"cq-flipbox-item cq-flipbox-back\"><div class=\"cq-flipbox-content\"><h4 class=\"cq-flipbox-title\">Balkon \/ Sitzplatz<\/h4>Alle Wohnungen verf\u00fcgen \u00fcber einen Balkon oder Sitzplatz<\/div><\/div><\/div><\/div>[\/vc_column][vc_column width=\"1\/3\" icons_position=\"left\"]<div class=\" cq-flipbox-container cq-rightleft\" data-frontbg=\"\" data-backbg=\"#eca549\" data-fontcolor=\"\" data-face1=\"cq-flipbox-front\" data-face2=\"cq-flipbox-back\" data-flipdirection=\"rightleft\" data-elementheight=\"\" data-avatarsize=\"100\" data-frontcontentcolor=\"#eca549\" data-backcontentcolor=\"#ffffff\" data-titlesize=\"\" data-contentsize=\"\" data-contentwidth=\"\" data-iconcolor=\"\" data-iconbg=\"\" data-elementmargin=\"\" data-elementwidth=\"\" data-cardborder=\"\" data-cardbordersize=\"1px\" data-bordercolor=\"\" data-backbuttonbg=\"\" data-backbuttonhoverbg=\"\" data-contentmargintop=\"\" data-cardshape=\"\" data-frontfullimage=\"\" data-avatartype=\"icon\" data-backfullimage=\"\" data-backavatar=\"none\"><div class=\"cq-flipbox-flipper\"><div class=\"cq-flipbox-item cq-flipbox-front\"><div class=\"cq-flipbox-content\"><i class=\"cq-flipbox-cardavatar cq-shadow fa fa-car\"><\/i><h4 class=\"cq-flipbox-title\">Parkplatz \/ Taxi<\/h4><\/div><\/div><div class=\"cq-flipbox-item cq-flipbox-back\"><div class=\"cq-flipbox-content\"><h4 class=\"cq-flipbox-title\">Wintersaison<\/h4>Reservierter Parkplatz in M\u00f6rel (w\u00e4hrend der Wintersaison)\r\n- Die G\u00e4ste haben 50% Rabatt auf das Taxi<\/div><\/div><\/div><\/div>[\/vc_column][\/vc_row]<\/div>[\/vc_tta_section][vc_tta_section title=\"Freizeit\" tab_id=\"1490369559225-fdc21af2-1289\"]<div class=\"sc_layouts sc_layouts_default sc_layouts_1331\">[vc_row row_delimiter=\"\" row_fixed=\"\" hide_on_tablet=\"\" hide_on_mobile=\"\" hide_on_frontpage=\"\" css=\".vc_custom_1532179288256{margin-top: -3em !important;}\"][vc_column width=\"1\/3\" icons_position=\"left\"]<div class=\" cq-flipbox-container cq-rightleft\" data-frontbg=\"\" data-backbg=\"#eca549\" data-fontcolor=\"\" data-face1=\"cq-flipbox-front\" data-face2=\"cq-flipbox-back\" data-flipdirection=\"rightleft\" data-elementheight=\"\" data-avatarsize=\"100\" data-frontcontentcolor=\"#eca549\" data-backcontentcolor=\"#ffffff\" data-titlesize=\"\" data-contentsize=\"\" data-contentwidth=\"\" data-iconcolor=\"\" data-iconbg=\"\" data-elementmargin=\"\" data-elementwidth=\"\" data-cardborder=\"\" data-cardbordersize=\"1px\" data-bordercolor=\"\" data-backbuttonbg=\"\" data-backbuttonhoverbg=\"\" data-contentmargintop=\"\" data-cardshape=\"\" data-frontfullimage=\"https:\/\/alpenhaus-steinbock.ch\/wp-content\/uploads\/2018\/07\/golfclub.jpg\" data-avatartype=\"none\" data-backfullimage=\"\" data-backavatar=\"none\"><div class=\"cq-flipbox-flipper\"><div class=\"cq-flipbox-item cq-flipbox-front\"><div class=\"cq-flipbox-content\"><\/div><\/div><div class=\"cq-flipbox-item cq-flipbox-back\"><div class=\"cq-flipbox-content\"><h4 class=\"cq-flipbox-title\">Golfclub Riederalp<\/h4>Golf f\u00fcr Jedermann - vom Anf\u00e4nger bis zum Profi. 9-Loch Golfanlage auf 2000 m \u00fc.M.\r\nHIER klicken f\u00fcr weitere Impressionen<\/div><\/div><\/div><\/div>[\/vc_column][vc_column width=\"1\/3\" icons_position=\"left\"]<div class=\" cq-flipbox-container cq-rightleft\" data-frontbg=\"\" data-backbg=\"#eca549\" data-fontcolor=\"\" data-face1=\"cq-flipbox-front\" data-face2=\"cq-flipbox-back\" data-flipdirection=\"rightleft\" data-elementheight=\"\" data-avatarsize=\"100\" data-frontcontentcolor=\"#eca549\" data-backcontentcolor=\"#ffffff\" data-titlesize=\"\" data-contentsize=\"\" data-contentwidth=\"\" data-iconcolor=\"\" data-iconbg=\"\" data-elementmargin=\"\" data-elementwidth=\"\" data-cardborder=\"\" data-cardbordersize=\"1px\" data-bordercolor=\"\" data-backbuttonbg=\"\" data-backbuttonhoverbg=\"\" data-contentmargintop=\"\" data-cardshape=\"\" data-frontfullimage=\"https:\/\/alpenhaus-steinbock.ch\/wp-content\/uploads\/2018\/07\/Riederalp.jpg\" data-avatartype=\"none\" data-backfullimage=\"\" data-backavatar=\"none\"><div class=\"cq-flipbox-flipper\"><div class=\"cq-flipbox-item cq-flipbox-front\"><div class=\"cq-flipbox-content\"><\/div><\/div><div class=\"cq-flipbox-item cq-flipbox-back\"><div class=\"cq-flipbox-content\"><h4 class=\"cq-flipbox-title\">Aletsch Arena<\/h4>Mitten im sch\u00f6nen Ski- und Wandergebiet. 104 Pistenkilometern im Winter und im Sommer umfasst das Gebiet 150 km Wanderwege und 100 km Mountain-Bike-Trails.<\/div><\/div><\/div><\/div>[\/vc_column][vc_column width=\"1\/3\" icons_position=\"left\"]<div class=\" cq-flipbox-container cq-rightleft\" data-frontbg=\"\" data-backbg=\"#eca549\" data-fontcolor=\"\" data-face1=\"cq-flipbox-front\" data-face2=\"cq-flipbox-back\" data-flipdirection=\"rightleft\" data-elementheight=\"\" data-avatarsize=\"100\" data-frontcontentcolor=\"#eca549\" data-backcontentcolor=\"#ffffff\" data-titlesize=\"\" data-contentsize=\"\" data-contentwidth=\"\" data-iconcolor=\"\" data-iconbg=\"\" data-elementmargin=\"\" data-elementwidth=\"\" data-cardborder=\"\" data-cardbordersize=\"1px\" data-bordercolor=\"\" data-backbuttonbg=\"\" data-backbuttonhoverbg=\"\" data-contentmargintop=\"\" data-cardshape=\"\" data-frontfullimage=\"https:\/\/alpenhaus-steinbock.ch\/wp-content\/uploads\/2018\/07\/aletschgletscher.jpg\" data-avatartype=\"none\" data-backfullimage=\"\" data-backavatar=\"none\"><a href=\"https:\/\/3color.ch\/alpenhaus-steinbock\/index.php\/impression-deutsch\/\" title=\"\" target=\"\" class=\"cq-flipbox-link\"><div class=\"cq-flipbox-flipper\"><div class=\"cq-flipbox-item cq-flipbox-front\"><div class=\"cq-flipbox-content\"><\/div><\/div><div class=\"cq-flipbox-item cq-flipbox-back\"><div class=\"cq-flipbox-content\"><h4 class=\"cq-flipbox-title\">Impressionen \/ Galerie<\/h4>Ferien im Paradies -\r\nF\u00fcr weitere Fotos und Eindr\u00fccke HIER klicken...<\/div><\/div><\/div><\/a><\/div>[\/vc_column][\/vc_row]<\/div>[\/vc_tta_section][\/vc_tta_tabs][vc_empty_space alter_height=\"medium\" hide_on_mobile=\"\"][\/vc_column][\/vc_row]<\/div>[vc_empty_space alter_height=&#187;small&#187; hide_on_mobile=&#187;&#187;][\/vc_column][\/vc_row]<\/p>\n","protected":false},"excerpt":{"rendered":"<p>[vc_row][vc_column][vc_empty_space alter_height=&#187;medium&#187; hide_on_mobile=&#187;&#187; css=&#187;.vc_custom_1532180509564{margin-top: -0.4rem !important;}&#187;][vc_empty_space alter_height=&#187;large&#187; hide_on_mobile=&#187;&#187; css=&#187;.vc_custom_1532180517193{margin-top: 0.3rem !important;}&#187;][vc_column_text] Lage Das Alpenhaus Steinbock besticht durch seine ausgezeichnete Lage im Herzen der Riederalp. Vom Haus aus erreichen Sie in ca. 8 Gehminuten die Seilbahnstation, Einkaufsl\u00e4den, die Post, das Verkehrs-, Golf- und Skilschulb\u00fcro. In unmittelbarer N\u00e4he des Hauses befindet sich der \u00dcbungslift. So haben Sie Ihre Kinder &#171;immer im Blickwinkel&#187;.&hellip;<\/p>\n","protected":false},"author":1,"featured_media":0,"parent":0,"menu_order":0,"comment_status":"closed","ping_status":"closed","template":"","meta":{"footnotes":""},"_links":{"self":[{"href":"https:\/\/alpenhaus-steinbock.ch\/index.php\/wp-json\/wp\/v2\/pages\/90"}],"collection":[{"href":"https:\/\/alpenhaus-steinbock.ch\/index.php\/wp-json\/wp\/v2\/pages"}],"about":[{"href":"https:\/\/alpenhaus-steinbock.ch\/index.php\/wp-json\/wp\/v2\/types\/page"}],"author":[{"embeddable":true,"href":"https:\/\/alpenhaus-steinbock.ch\/index.php\/wp-json\/wp\/v2\/users\/1"}],"replies":[{"embeddable":true,"href":"https:\/\/alpenhaus-steinbock.ch\/index.php\/wp-json\/wp\/v2\/comments?post=90"}],"version-history":[{"count":52,"href":"https:\/\/alpenhaus-steinbock.ch\/index.php\/wp-json\/wp\/v2\/pages\/90\/revisions"}],"predecessor-version":[{"id":1146,"href":"https:\/\/alpenhaus-steinbock.ch\/index.php\/wp-json\/wp\/v2\/pages\/90\/revisions\/1146"}],"wp:attachment":[{"href":"https:\/\/alpenhaus-steinbock.ch\/index.php\/wp-json\/wp\/v2\/media?parent=90"}],"curies":[{"name":"wp","href":"https:\/\/api.w.org\/{rel}","templated":true}]}}