{"id":86,"date":"2017-03-23T10:41:56","date_gmt":"2017-03-23T10:41:56","guid":{"rendered":"http:\/\/snow-mountain.ancorathemes.com\/?page_id=86"},"modified":"2021-04-19T06:24:27","modified_gmt":"2021-04-19T06:24:27","slug":"home-1","status":"publish","type":"page","link":"https:\/\/alpenhaus-steinbock.ch\/","title":{"rendered":"Startseite &#8211; Deutsch"},"content":{"rendered":"<p>[vc_row 0=&#187;&#187; full_width=&#187;stretch_row_content_no_spaces&#187;][vc_column 0=&#187;&#187;][rev_slider_vc alias=&#187;home-1&#8243;][\/vc_column][\/vc_row][vc_row 0=&#187;&#187; equal_height=&#187;yes&#187; content_placement=&#187;middle&#187; css=&#187;.vc_custom_1531819838770{margin-top: 50px !important;}&#187;][vc_column]<div class=\"sc_layouts sc_layouts_default sc_layouts_720\">[vc_row 0=\"\" equal_height=\"yes\" content_placement=\"middle\"][vc_column icons_position=\"left\"][vc_empty_space hide_on_mobile=\"\" css=\".vc_custom_1492078151528{margin-top: -0.75rem !important;}\"]<div class=\"sc_layouts_item\"><div id=\"sc_title_2072019565\"\n\t\tclass=\"sc_title sc_title_default\"><h6 class=\"sc_item_subtitle sc_title_subtitle sc_align_left sc_item_title_style_default\">Willkommen im Alpenhaus Steinbock<\/h6><h1 class=\"sc_item_title sc_title_title sc_align_left sc_item_title_style_default sc_item_title_tag\">Alpenhaus Steinbock<\/h1><\/div><!-- \/.sc_title --><\/div>[vc_empty_space hide_on_mobile=\"\" css=\".vc_custom_1492078336722{margin-top: 0.3rem !important;}\"][vc_column_text]Vom Bett auf die Ski! Direkt vor der Haust\u00fcre k\u00f6nnen Sie Skifahren, Snowboarden, Carven, Langlauf machen, Schlitten fahren oder Schneeschuh laufen.\u00a0\u00dcberzeugen Sie sich von der einmaligen Lage des Hauses direkt am Trainerlift, \u00dcbungshang und Skischulsammelplatz. Durch die zentrale Lage k\u00f6nnen Sie mittags\u00a0bequem und ohne grossen Zeitverlust einen \u201eBoxenstopp\u201c zuhause einlegen. Oder Sie k\u00f6nnen gem\u00fctlich auf dem Balkon Kaffee trinken und sich von den Fortschritten Ihres Nachwuchses am Trainerlift \u00fcberzeugen.[\/vc_column_text][vc_empty_space hide_on_mobile=\"\"][vc_column_text]Die Riederalp ist auch im Sommer eine Reise wert. Der \"Steinbock\" ist 2 Minuten vom Golfplatz entfernt. Sie k\u00f6nnen wandern, Bike Touren machen, beim Bettmersee oder Blausee baden, grillieren und picknicken oder einfach nur faulenzen. Geniessen Sie den einmaligen Ausblick auf die gegen\u00fcberliegenden Berge der Walliser Alpen.[\/vc_column_text][vc_empty_space alter_height=\"medium\" hide_on_mobile=\"\" css=\".vc_custom_1492088020630{margin-top: 1.55rem !important;}\"][\/vc_column][\/vc_row]<\/div>[\/vc_column][\/vc_row][vc_row 0=&#187;&#187;][vc_column 0=&#187;&#187;][vc_empty_space alter_height=&#187;huge&#187; hide_on_mobile=&#187;&#187; css=&#187;.vc_custom_1492154555027{margin-top: -0.55rem !important;}&#187;]<div class=\"sc_layouts sc_layouts_default sc_layouts_228\">[vc_row][vc_column icons_position=\"left\"]<div class=\"sc_layouts_item\"><div id=\"sc_title_1159105360\"\n\t\tclass=\"sc_title sc_title_default\"><h6 class=\"sc_item_subtitle sc_title_subtitle sc_align_center sc_item_title_style_default\">Alpenhaus Steinbock<\/h6><h1 class=\"sc_item_title sc_title_title sc_align_center sc_item_title_style_default sc_item_title_tag\">Angebot & Freizeit<\/h1><\/div><!-- \/.sc_title --><\/div>[vc_empty_space alter_height=\"medium\" hide_on_mobile=\"\" css=\".vc_custom_1491654928648{margin-top: -0.5rem !important;}\"][vc_tta_tabs spacing=\"\" alignment=\"center\" active_section=\"1\" no_fill_content_area=\"true\"][vc_tta_section title=\"Wohnungen\" tab_id=\"1490369526311-f94eb064-a2dc\"]<div class=\"sc_layouts sc_layouts_default sc_layouts_1318\">[vc_row row_delimiter=\"\" row_fixed=\"\" hide_on_tablet=\"\" hide_on_mobile=\"\" hide_on_frontpage=\"\" css=\".vc_custom_1532179288256{margin-top: -3em !important;}\"][vc_column width=\"1\/3\" icons_position=\"left\"]<div class=\" cq-flipbox-container cq-rightleft\" data-frontbg=\"\" data-backbg=\"#eca549\" data-fontcolor=\"\" data-face1=\"cq-flipbox-front\" data-face2=\"cq-flipbox-back\" data-flipdirection=\"rightleft\" data-elementheight=\"\" data-avatarsize=\"80\" data-frontcontentcolor=\"\" data-backcontentcolor=\"#ffffff\" data-titlesize=\"\" data-contentsize=\"\" data-contentwidth=\"\" data-iconcolor=\"\" data-iconbg=\"\" data-elementmargin=\"\" data-elementwidth=\"\" data-cardborder=\"\" data-cardbordersize=\"1px\" data-bordercolor=\"\" data-backbuttonbg=\"\" data-backbuttonhoverbg=\"\" data-contentmargintop=\"\" data-cardshape=\"\" data-frontfullimage=\"https:\/\/alpenhaus-steinbock.ch\/wp-content\/uploads\/2018\/07\/Wohnung-EG.jpg\" data-avatartype=\"none\" data-backfullimage=\"\" data-backavatar=\"none\"><a href=\"\/index.php\/wohnung-eg\/\" title=\"\" target=\"\" class=\"cq-flipbox-link\"><div class=\"cq-flipbox-flipper\"><div class=\"cq-flipbox-item cq-flipbox-front\"><div class=\"cq-flipbox-content\"><\/div><\/div><div class=\"cq-flipbox-item cq-flipbox-back\"><div class=\"cq-flipbox-content\"><h4 class=\"cq-flipbox-title\">Hier klicken...<\/h4>...f\u00fcr weitere Infos &amp; Fotos<\/div><\/div><\/div><\/a><\/div>[vc_empty_space alter_height=\"medium\" hide_on_mobile=\"\"][vc_column_text]\r\n<h4 style=\"text-align: center;\">3\u00bd Zimmer EG<\/h4>\r\n<p style=\"text-align: center;\">Belegung: mind. 1 bis max. 5 Personen<\/p>\r\n<p style=\"text-align: center;\"><a href=\"\/index.php\/wohnung-eg\/\">Weitere Infos \/ Fotos<\/a><\/p>\r\n[\/vc_column_text][\/vc_column][vc_column width=\"1\/3\" icons_position=\"left\"]<div class=\" cq-flipbox-container cq-rightleft\" data-frontbg=\"\" data-backbg=\"#eca549\" data-fontcolor=\"\" data-face1=\"cq-flipbox-front\" data-face2=\"cq-flipbox-back\" data-flipdirection=\"rightleft\" data-elementheight=\"\" data-avatarsize=\"80\" data-frontcontentcolor=\"\" data-backcontentcolor=\"#ffffff\" data-titlesize=\"\" data-contentsize=\"\" data-contentwidth=\"\" data-iconcolor=\"\" data-iconbg=\"\" data-elementmargin=\"\" data-elementwidth=\"\" data-cardborder=\"\" data-cardbordersize=\"1px\" data-bordercolor=\"\" data-backbuttonbg=\"\" data-backbuttonhoverbg=\"\" data-contentmargintop=\"\" data-cardshape=\"\" data-frontfullimage=\"https:\/\/alpenhaus-steinbock.ch\/wp-content\/uploads\/2018\/07\/Wohnung-OG-West.jpg\" data-avatartype=\"none\" data-backfullimage=\"\" data-backavatar=\"none\"><a href=\"\/index.php\/wohnung-og-west\/\" title=\"\" target=\"\" class=\"cq-flipbox-link\"><div class=\"cq-flipbox-flipper\"><div class=\"cq-flipbox-item cq-flipbox-front\"><div class=\"cq-flipbox-content\"><\/div><\/div><div class=\"cq-flipbox-item cq-flipbox-back\"><div class=\"cq-flipbox-content\"><h4 class=\"cq-flipbox-title\">Hier klicken...<\/h4>...f\u00fcr weitere Infos &amp; Fotos<\/div><\/div><\/div><\/a><\/div>[vc_empty_space alter_height=\"medium\" hide_on_mobile=\"\"][vc_column_text]\r\n<h4 style=\"text-align: center;\">3\u00bd Zimmer 1.OG West<\/h4>\r\n<p style=\"text-align: center;\">Belegung: mind. 1 bis max. 6 Personen<\/p>\r\n<p style=\"text-align: center;\"><a href=\"\/index.php\/wohnung-og-west\/\">Weitere Infos \/ Fotos<\/a><\/p>\r\n[\/vc_column_text][\/vc_column][vc_column width=\"1\/3\" icons_position=\"left\"]<div class=\" cq-flipbox-container cq-rightleft\" data-frontbg=\"\" data-backbg=\"#eca549\" data-fontcolor=\"\" data-face1=\"cq-flipbox-front\" data-face2=\"cq-flipbox-back\" data-flipdirection=\"rightleft\" data-elementheight=\"\" data-avatarsize=\"80\" data-frontcontentcolor=\"\" data-backcontentcolor=\"#ffffff\" data-titlesize=\"\" data-contentsize=\"\" data-contentwidth=\"\" data-iconcolor=\"\" data-iconbg=\"\" data-elementmargin=\"\" data-elementwidth=\"\" data-cardborder=\"\" data-cardbordersize=\"1px\" data-bordercolor=\"\" data-backbuttonbg=\"\" data-backbuttonhoverbg=\"\" data-contentmargintop=\"\" data-cardshape=\"\" data-frontfullimage=\"https:\/\/alpenhaus-steinbock.ch\/wp-content\/uploads\/2018\/07\/Wohnung-OG-Ost.jpg\" data-avatartype=\"none\" data-backfullimage=\"\" data-backavatar=\"none\"><a href=\"\/index.php\/wohnung-og-ost\/\" title=\"\" target=\"\" class=\"cq-flipbox-link\"><div class=\"cq-flipbox-flipper\"><div class=\"cq-flipbox-item cq-flipbox-front\"><div class=\"cq-flipbox-content\"><\/div><\/div><div class=\"cq-flipbox-item cq-flipbox-back\"><div class=\"cq-flipbox-content\"><h4 class=\"cq-flipbox-title\">Hier klicken...<\/h4>...f\u00fcr weitere Infos &amp; Fotos<\/div><\/div><\/div><\/a><\/div>[vc_empty_space alter_height=\"medium\" hide_on_mobile=\"\"][vc_column_text]\r\n<h4 style=\"text-align: center;\">3\u00bd Zimmer 1.OG Ost<\/h4>\r\n<p style=\"text-align: center;\">Belegung: mind. 1 bis max. 6 Personen<\/p>\r\n<p style=\"text-align: center;\"><a href=\"\/index.php\/wohnung-og-ost\/\">Weitere Infos \/ Fotos<\/a><\/p>\r\n[\/vc_column_text][\/vc_column][\/vc_row]<\/div>[\/vc_tta_section][vc_tta_section title=\"Ausstattung\" tab_id=\"1490369526318-e25077c7-208f\"]<div class=\"sc_layouts sc_layouts_default sc_layouts_1328\">[vc_row row_delimiter=\"\" row_fixed=\"\" hide_on_tablet=\"\" hide_on_mobile=\"\" hide_on_frontpage=\"\" css=\".vc_custom_1532179288256{margin-top: -3em !important;}\"][vc_column width=\"1\/3\" icons_position=\"left\"]<div class=\" cq-flipbox-container cq-rightleft\" data-frontbg=\"\" data-backbg=\"#eca549\" data-fontcolor=\"\" data-face1=\"cq-flipbox-front\" data-face2=\"cq-flipbox-back\" data-flipdirection=\"rightleft\" data-elementheight=\"\" data-avatarsize=\"100\" data-frontcontentcolor=\"#eca549\" data-backcontentcolor=\"#ffffff\" data-titlesize=\"\" data-contentsize=\"\" data-contentwidth=\"\" data-iconcolor=\"\" data-iconbg=\"\" data-elementmargin=\"\" data-elementwidth=\"\" data-cardborder=\"\" data-cardbordersize=\"1px\" data-bordercolor=\"\" data-backbuttonbg=\"\" data-backbuttonhoverbg=\"\" data-contentmargintop=\"\" data-cardshape=\"\" data-frontfullimage=\"\" data-avatartype=\"icon\" data-backfullimage=\"\" data-backavatar=\"none\"><div class=\"cq-flipbox-flipper\"><div class=\"cq-flipbox-item cq-flipbox-front\"><div class=\"cq-flipbox-content\"><i class=\"cq-flipbox-cardavatar cq-shadow typcn typcn-wi-fi\"><\/i><h4 class=\"cq-flipbox-title\">Gratis WLAN<\/h4><\/div><\/div><div class=\"cq-flipbox-item cq-flipbox-back\"><div class=\"cq-flipbox-content\"><h4 class=\"cq-flipbox-title\">TV, Radio, Internet<\/h4>TV, Radio sowie WLAN stehen bei allen Wohnungen gratis zur Verf\u00fcgung<\/div><\/div><\/div><\/div>[\/vc_column][vc_column width=\"1\/3\" icons_position=\"left\"]<div class=\" cq-flipbox-container cq-rightleft\" data-frontbg=\"\" data-backbg=\"#eca549\" data-fontcolor=\"\" data-face1=\"cq-flipbox-front\" data-face2=\"cq-flipbox-back\" data-flipdirection=\"rightleft\" data-elementheight=\"\" data-avatarsize=\"100\" data-frontcontentcolor=\"#eca549\" data-backcontentcolor=\"#ffffff\" data-titlesize=\"\" data-contentsize=\"\" data-contentwidth=\"\" data-iconcolor=\"\" data-iconbg=\"\" data-elementmargin=\"\" data-elementwidth=\"\" data-cardborder=\"\" data-cardbordersize=\"1px\" data-bordercolor=\"\" data-backbuttonbg=\"\" data-backbuttonhoverbg=\"\" data-contentmargintop=\"\" data-cardshape=\"\" data-frontfullimage=\"\" data-avatartype=\"icon\" data-backfullimage=\"\" data-backavatar=\"none\"><div class=\"cq-flipbox-flipper\"><div class=\"cq-flipbox-item cq-flipbox-front\"><div class=\"cq-flipbox-content\"><i class=\"cq-flipbox-cardavatar cq-shadow typcn typcn-adjust-brightness\"><\/i><h4 class=\"cq-flipbox-title\">Balkon \/ Sitzplatz<\/h4><\/div><\/div><div class=\"cq-flipbox-item cq-flipbox-back\"><div class=\"cq-flipbox-content\"><h4 class=\"cq-flipbox-title\">Balkon \/ Sitzplatz<\/h4>Alle Wohnungen verf\u00fcgen \u00fcber einen Balkon oder Sitzplatz<\/div><\/div><\/div><\/div>[\/vc_column][vc_column width=\"1\/3\" icons_position=\"left\"]<div class=\" cq-flipbox-container cq-rightleft\" data-frontbg=\"\" data-backbg=\"#eca549\" data-fontcolor=\"\" data-face1=\"cq-flipbox-front\" data-face2=\"cq-flipbox-back\" data-flipdirection=\"rightleft\" data-elementheight=\"\" data-avatarsize=\"100\" data-frontcontentcolor=\"#eca549\" data-backcontentcolor=\"#ffffff\" data-titlesize=\"\" data-contentsize=\"\" data-contentwidth=\"\" data-iconcolor=\"\" data-iconbg=\"\" data-elementmargin=\"\" data-elementwidth=\"\" data-cardborder=\"\" data-cardbordersize=\"1px\" data-bordercolor=\"\" data-backbuttonbg=\"\" data-backbuttonhoverbg=\"\" data-contentmargintop=\"\" data-cardshape=\"\" data-frontfullimage=\"\" data-avatartype=\"icon\" data-backfullimage=\"\" data-backavatar=\"none\"><div class=\"cq-flipbox-flipper\"><div class=\"cq-flipbox-item cq-flipbox-front\"><div class=\"cq-flipbox-content\"><i class=\"cq-flipbox-cardavatar cq-shadow fa fa-car\"><\/i><h4 class=\"cq-flipbox-title\">Parkplatz \/ Taxi<\/h4><\/div><\/div><div class=\"cq-flipbox-item cq-flipbox-back\"><div class=\"cq-flipbox-content\"><h4 class=\"cq-flipbox-title\">Wintersaison<\/h4>Reservierter Parkplatz in M\u00f6rel (w\u00e4hrend der Wintersaison)\r\n- Die G\u00e4ste haben 50% Rabatt auf das Taxi<\/div><\/div><\/div><\/div>[\/vc_column][\/vc_row]<\/div>[\/vc_tta_section][vc_tta_section title=\"Freizeit\" tab_id=\"1490369559225-fdc21af2-1289\"]<div class=\"sc_layouts sc_layouts_default sc_layouts_1331\">[vc_row row_delimiter=\"\" row_fixed=\"\" hide_on_tablet=\"\" hide_on_mobile=\"\" hide_on_frontpage=\"\" css=\".vc_custom_1532179288256{margin-top: -3em !important;}\"][vc_column width=\"1\/3\" icons_position=\"left\"]<div class=\" cq-flipbox-container cq-rightleft\" data-frontbg=\"\" data-backbg=\"#eca549\" data-fontcolor=\"\" data-face1=\"cq-flipbox-front\" data-face2=\"cq-flipbox-back\" data-flipdirection=\"rightleft\" data-elementheight=\"\" data-avatarsize=\"100\" data-frontcontentcolor=\"#eca549\" data-backcontentcolor=\"#ffffff\" data-titlesize=\"\" data-contentsize=\"\" data-contentwidth=\"\" data-iconcolor=\"\" data-iconbg=\"\" data-elementmargin=\"\" data-elementwidth=\"\" data-cardborder=\"\" data-cardbordersize=\"1px\" data-bordercolor=\"\" data-backbuttonbg=\"\" data-backbuttonhoverbg=\"\" data-contentmargintop=\"\" data-cardshape=\"\" data-frontfullimage=\"https:\/\/alpenhaus-steinbock.ch\/wp-content\/uploads\/2018\/07\/golfclub.jpg\" data-avatartype=\"none\" data-backfullimage=\"\" data-backavatar=\"none\"><div class=\"cq-flipbox-flipper\"><div class=\"cq-flipbox-item cq-flipbox-front\"><div class=\"cq-flipbox-content\"><\/div><\/div><div class=\"cq-flipbox-item cq-flipbox-back\"><div class=\"cq-flipbox-content\"><h4 class=\"cq-flipbox-title\">Golfclub Riederalp<\/h4>Golf f\u00fcr Jedermann - vom Anf\u00e4nger bis zum Profi. 9-Loch Golfanlage auf 2000 m \u00fc.M.\r\nHIER klicken f\u00fcr weitere Impressionen<\/div><\/div><\/div><\/div>[\/vc_column][vc_column width=\"1\/3\" icons_position=\"left\"]<div class=\" cq-flipbox-container cq-rightleft\" data-frontbg=\"\" data-backbg=\"#eca549\" data-fontcolor=\"\" data-face1=\"cq-flipbox-front\" data-face2=\"cq-flipbox-back\" data-flipdirection=\"rightleft\" data-elementheight=\"\" data-avatarsize=\"100\" data-frontcontentcolor=\"#eca549\" data-backcontentcolor=\"#ffffff\" data-titlesize=\"\" data-contentsize=\"\" data-contentwidth=\"\" data-iconcolor=\"\" data-iconbg=\"\" data-elementmargin=\"\" data-elementwidth=\"\" data-cardborder=\"\" data-cardbordersize=\"1px\" data-bordercolor=\"\" data-backbuttonbg=\"\" data-backbuttonhoverbg=\"\" data-contentmargintop=\"\" data-cardshape=\"\" data-frontfullimage=\"https:\/\/alpenhaus-steinbock.ch\/wp-content\/uploads\/2018\/07\/Riederalp.jpg\" data-avatartype=\"none\" data-backfullimage=\"\" data-backavatar=\"none\"><div class=\"cq-flipbox-flipper\"><div class=\"cq-flipbox-item cq-flipbox-front\"><div class=\"cq-flipbox-content\"><\/div><\/div><div class=\"cq-flipbox-item cq-flipbox-back\"><div class=\"cq-flipbox-content\"><h4 class=\"cq-flipbox-title\">Aletsch Arena<\/h4>Mitten im sch\u00f6nen Ski- und Wandergebiet. 104 Pistenkilometern im Winter und im Sommer umfasst das Gebiet 150 km Wanderwege und 100 km Mountain-Bike-Trails.<\/div><\/div><\/div><\/div>[\/vc_column][vc_column width=\"1\/3\" icons_position=\"left\"]<div class=\" cq-flipbox-container cq-rightleft\" data-frontbg=\"\" data-backbg=\"#eca549\" data-fontcolor=\"\" data-face1=\"cq-flipbox-front\" data-face2=\"cq-flipbox-back\" data-flipdirection=\"rightleft\" data-elementheight=\"\" data-avatarsize=\"100\" data-frontcontentcolor=\"#eca549\" data-backcontentcolor=\"#ffffff\" data-titlesize=\"\" data-contentsize=\"\" data-contentwidth=\"\" data-iconcolor=\"\" data-iconbg=\"\" data-elementmargin=\"\" data-elementwidth=\"\" data-cardborder=\"\" data-cardbordersize=\"1px\" data-bordercolor=\"\" data-backbuttonbg=\"\" data-backbuttonhoverbg=\"\" data-contentmargintop=\"\" data-cardshape=\"\" data-frontfullimage=\"https:\/\/alpenhaus-steinbock.ch\/wp-content\/uploads\/2018\/07\/aletschgletscher.jpg\" data-avatartype=\"none\" data-backfullimage=\"\" data-backavatar=\"none\"><a href=\"https:\/\/3color.ch\/alpenhaus-steinbock\/index.php\/impression-deutsch\/\" title=\"\" target=\"\" class=\"cq-flipbox-link\"><div class=\"cq-flipbox-flipper\"><div class=\"cq-flipbox-item cq-flipbox-front\"><div class=\"cq-flipbox-content\"><\/div><\/div><div class=\"cq-flipbox-item cq-flipbox-back\"><div class=\"cq-flipbox-content\"><h4 class=\"cq-flipbox-title\">Impressionen \/ Galerie<\/h4>Ferien im Paradies -\r\nF\u00fcr weitere Fotos und Eindr\u00fccke HIER klicken...<\/div><\/div><\/div><\/a><\/div>[\/vc_column][\/vc_row]<\/div>[\/vc_tta_section][\/vc_tta_tabs][vc_empty_space alter_height=\"medium\" hide_on_mobile=\"\"][\/vc_column][\/vc_row]<\/div>[vc_empty_space hide_on_mobile=&#187;&#187; css=&#187;.vc_custom_1492154609728{margin-top: -0.4rem !important;}&#187;][\/vc_column][\/vc_row][vc_row full_width=&#187;stretch_row_content_no_spaces&#187;][vc_column 0=&#187;&#187; offset=&#187;vc_hidden-xs&#187;]<div style=\"width:;\" class=\"cqtooltip-wrapper \" data-opacity=\"1\" data-tooltipanimation=\"grow\" data-tooltipstyle=\"shadow\" data-trigger=\"hover\" data-maxwidth=\"240\" data-marginoffset=\"\" data-isdisplayall=\"off\" data-displayednum=\"1\"><img decoding=\"async\" src=\"https:\/\/alpenhaus-steinbock.ch\/wp-content\/uploads\/2018\/07\/Map-Fusszeile.jpg\" \/><div class=\"cq-hotspots\"><div class=\"hotspot-item pulse-white \" style=\"top:45%;left:56%;\" data-top=\"45%\" data-left=\"56%\"><a href=\"#\" class=\"cq-tooltip\" style=\"background:rgba(236,165,73,0.5);\" data-tooltip=\"\n&lt;img class=&quot;alignnone wp-image-931 size-full&quot; src=&quot;https:\/\/3color.ch\/alpenhaus-steinbock\/wp-content\/uploads\/2018\/07\/Vorschau-Map.jpg&quot; alt=&quot;&quot; width=&quot;527&quot; height=&quot;147&quot; \/&gt;&lt;\/p&gt;\n&lt;div class=&quot;title&quot;&gt;&lt;span class=&quot;trx_addons_tiny_text&quot; style=&quot;color: #8eb2c7;&quot;&gt;Alpenhaus Steinbock&lt;\/span&gt;&lt;\/div&gt;\n&lt;p class=&quot;info&quot;&gt;Vom Bett auf die Ski! Direkt vor der Haust\u00fcre k\u00f6nnen Sie Skifahren, Snowboarden, Carven, Langlauf machen, Schlitten fahren oder Schneeschuh laufen.&lt;\/p&gt;\n&lt;div class=&quot;info&quot;&gt;\" data-arrowposition=\"\"><span style=\"background:#eca549;\"><\/span><\/a><\/div><div class=\"hotspot-item pulse-white \" style=\"top:65%;left:49%;\" data-top=\"65%\" data-left=\"49%\"><a href=\"#\" class=\"cq-tooltip\" style=\"background:rgba(236,165,73,0.5);\" data-tooltip=\"\n&lt;img class=&quot;alignnone wp-image-935 size-full&quot; src=&quot;https:\/\/3color.ch\/alpenhaus-steinbock\/wp-content\/uploads\/2018\/07\/Vorschau-Map-Golf.jpg&quot; alt=&quot;&quot; width=&quot;527&quot; height=&quot;147&quot; \/&gt;&lt;\/div&gt;\n&lt;div class=&quot;title&quot;&gt;&lt;span class=&quot;trx_addons_tiny_text&quot; style=&quot;color: #8eb2c7;&quot;&gt;Golfclub Riederalp&lt;\/span&gt;&lt;\/div&gt;\n&lt;div class=&quot;info&quot;&gt;\n&lt;p&gt;Golf f\u00fcr Jedermann &amp;#8211; vom Anf\u00e4nger bis zum Profi &amp;#8211; bei uns sind alle herzlich Willkommen. 9-Loch Golfanlage auf 2000 m \u00fc.M.&lt;\/p&gt;\n&lt;\/div&gt;\n&lt;p&gt;&lt;a href=&quot;http:\/\/golfclub-riederalp.ch\/sites\/de\/&quot; target=&quot;_blank&quot; rel=&quot;noopener&quot;&gt;Mehr erfahren&lt;\/a&gt;\" data-arrowposition=\"top\"><span style=\"background:#eca549;\"><\/span><\/a><\/div><div class=\"hotspot-item pulse-white \" style=\"top:72%;left:53.6%;\" data-top=\"72%\" data-left=\"53.6%\"><a href=\"#\" class=\"cq-tooltip\" style=\"background:rgba(236,165,73,0.5);\" data-tooltip=\"\n&lt;img class=&quot;alignnone wp-image-1384 size-full&quot; src=&quot;https:\/\/3color.ch\/alpenhaus-steinbock\/wp-content\/uploads\/2018\/07\/Vorschaubilder-Bergstation.jpg&quot; alt=&quot;&quot; width=&quot;527&quot; height=&quot;147&quot; \/&gt;&lt;\/p&gt;\n&lt;div class=&quot;title&quot;&gt;&lt;span class=&quot;trx_addons_tiny_text&quot; style=&quot;color: #8eb2c7;&quot;&gt;Seilbahn Bergstation&lt;\/span&gt;&lt;\/div&gt;\n&lt;div class=&quot;info&quot;&gt;Bergstation der Seilbahn M\u00f6rel &amp;#8211;\u00a0 Riederalp (Mitte)&lt;\/div&gt;\n&lt;div class=&quot;info&quot;&gt;\" data-arrowposition=\"top\"><span style=\"background:#eca549;\"><\/span><\/a><\/div><div class=\"hotspot-item pulse-white \" style=\"top:72%;left:43.5%;\" data-top=\"72%\" data-left=\"43.5%\"><a href=\"#\" class=\"cq-tooltip\" style=\"background:rgba(236,165,73,0.5);\" data-tooltip=\"\n&lt;img class=&quot;alignnone wp-image-1382 size-full&quot; src=&quot;https:\/\/3color.ch\/alpenhaus-steinbock\/wp-content\/uploads\/2018\/07\/Vorschau-Tennisplatz.jpg&quot; alt=&quot;&quot; width=&quot;527&quot; height=&quot;147&quot; \/&gt;&lt;\/div&gt;\n&lt;div class=&quot;title&quot;&gt;&lt;span class=&quot;trx_addons_tiny_text&quot; style=&quot;color: #8eb2c7;&quot;&gt;Tennisplatz &amp;#8211; Riederalp&lt;\/span&gt;&lt;\/div&gt;\n&lt;div class=&quot;info&quot;&gt;Ihr Tennis muss bei einem Urlaub in der Aletsch Arena nicht Pause haben. Die Ferienorte Riederalp, Bettmeralp und Fiesch-Eggishorn bieten Freunden des Tennis auf herrlich gelegenen Aussen- und Hallenpl\u00e4tzen die M\u00f6glichkeit, sich am Tennis-Court zu matchen.&lt;\/div&gt;\n&lt;div class=&quot;info&quot;&gt;\" data-arrowposition=\"top\"><span style=\"background:#eca549;\"><\/span><\/a><\/div><div class=\"hotspot-item pulse-white \" style=\"top:47.3%;left:65.5%;\" data-top=\"47.3%\" data-left=\"65.5%\"><a href=\"#\" class=\"cq-tooltip\" style=\"background:rgba(236,165,73,0.5);\" data-tooltip=\"\n&lt;img class=&quot;alignnone wp-image-1373 size-full&quot; src=&quot;https:\/\/3color.ch\/alpenhaus-steinbock\/wp-content\/uploads\/2018\/07\/Vorschhau-Moosfluh.jpg&quot; alt=&quot;&quot; width=&quot;527&quot; height=&quot;147&quot; \/&gt;&lt;\/div&gt;\n&lt;div class=&quot;title&quot;&gt;&lt;span class=&quot;trx_addons_tiny_text&quot; style=&quot;color: #8eb2c7;&quot;&gt;Seilbahn-Moosfluh&lt;\/span&gt;&lt;\/div&gt;\n&lt;div class=&quot;info&quot;&gt;Oben angekommen, scheint der gewaltige Gletscher zum Greifen nah &amp;#8211; ein herrlicher Aussichtspunkte.&lt;\/div&gt;\n&lt;p&gt;\" data-arrowposition=\"top\"><span style=\"background:#eca549;\"><\/span><\/a><\/div><\/div><\/div>[\/vc_column][\/vc_row]<\/p>\n","protected":false},"excerpt":{"rendered":"<p>[vc_row 0=&#187;&#187; full_width=&#187;stretch_row_content_no_spaces&#187;][vc_column 0=&#187;&#187;][rev_slider_vc alias=&#187;home-1&#8243;][\/vc_column][\/vc_row][vc_row 0=&#187;&#187; equal_height=&#187;yes&#187; content_placement=&#187;middle&#187; css=&#187;.vc_custom_1531819838770{margin-top: 50px !important;}&#187;][vc_column][\/vc_column][\/vc_row][vc_row 0=&#187;&#187;][vc_column 0=&#187;&#187;][vc_empty_space alter_height=&#187;huge&#187; hide_on_mobile=&#187;&#187; css=&#187;.vc_custom_1492154555027{margin-top: -0.55rem !important;}&#187;][vc_empty_space hide_on_mobile=&#187;&#187; css=&#187;.vc_custom_1492154609728{margin-top: -0.4rem !important;}&#187;][\/vc_column][\/vc_row][vc_row full_width=&#187;stretch_row_content_no_spaces&#187;][vc_column 0=&#187;&#187; offset=&#187;vc_hidden-xs&#187;][\/vc_column][\/vc_row]<\/p>\n","protected":false},"author":1,"featured_media":0,"parent":0,"menu_order":0,"comment_status":"closed","ping_status":"closed","template":"","meta":{"footnotes":""},"_links":{"self":[{"href":"https:\/\/alpenhaus-steinbock.ch\/index.php\/wp-json\/wp\/v2\/pages\/86"}],"collection":[{"href":"https:\/\/alpenhaus-steinbock.ch\/index.php\/wp-json\/wp\/v2\/pages"}],"about":[{"href":"https:\/\/alpenhaus-steinbock.ch\/index.php\/wp-json\/wp\/v2\/types\/page"}],"author":[{"embeddable":true,"href":"https:\/\/alpenhaus-steinbock.ch\/index.php\/wp-json\/wp\/v2\/users\/1"}],"replies":[{"embeddable":true,"href":"https:\/\/alpenhaus-steinbock.ch\/index.php\/wp-json\/wp\/v2\/comments?post=86"}],"version-history":[{"count":80,"href":"https:\/\/alpenhaus-steinbock.ch\/index.php\/wp-json\/wp\/v2\/pages\/86\/revisions"}],"predecessor-version":[{"id":2015,"href":"https:\/\/alpenhaus-steinbock.ch\/index.php\/wp-json\/wp\/v2\/pages\/86\/revisions\/2015"}],"wp:attachment":[{"href":"https:\/\/alpenhaus-steinbock.ch\/index.php\/wp-json\/wp\/v2\/media?parent=86"}],"curies":[{"name":"wp","href":"https:\/\/api.w.org\/{rel}","templated":true}]}}