{"id":789,"date":"2018-06-27T08:52:20","date_gmt":"2018-06-27T08:52:20","guid":{"rendered":"https:\/\/3color.ch\/alpenhaus-steinbock\/?page_id=789"},"modified":"2021-04-19T06:26:15","modified_gmt":"2021-04-19T06:26:15","slug":"startseite-franzoesisch","status":"publish","type":"page","link":"https:\/\/alpenhaus-steinbock.ch\/index.php\/fr\/startseite-franzoesisch\/","title":{"rendered":"Startseite &#8211; Francais"},"content":{"rendered":"<p>[vc_row 0=&#187;&#187; full_width=&#187;stretch_row_content_no_spaces&#187;][vc_column 0=&#187;&#187;][rev_slider_vc alias=&#187;home-1&#8243;][\/vc_column][\/vc_row][vc_row 0=&#187;&#187; equal_height=&#187;yes&#187; content_placement=&#187;middle&#187; css=&#187;.vc_custom_1531819838770{margin-top: 50px !important;}&#187;][vc_column]<div class=\"sc_layouts sc_layouts_default sc_layouts_1482\">[vc_row 0=\"\" equal_height=\"yes\" content_placement=\"middle\"][vc_column icons_position=\"left\"][vc_empty_space hide_on_mobile=\"\" css=\".vc_custom_1492078151528{margin-top: -0.75rem !important;}\"]<div class=\"sc_layouts_item\"><div id=\"sc_title_1175086894\"\n\t\tclass=\"sc_title sc_title_default\"><h6 class=\"sc_item_subtitle sc_title_subtitle sc_align_left sc_item_title_style_default\">Bienvenue au ``Steinbock``<\/h6><h1 class=\"sc_item_title sc_title_title sc_align_left sc_item_title_style_default sc_item_title_tag\">Description g\u00e9n\u00e9rale<\/h1><\/div><!-- \/.sc_title --><\/div>[vc_empty_space hide_on_mobile=\"\" css=\".vc_custom_1492078336722{margin-top: 0.3rem !important;}\"][vc_column_text]Du lit sur les skis! Directement devant la porte vous pouvez skier, carver ou faire du ski de fond, des tours en raquettes ou faire de la luge.\u00a0Convainquez-vous de la situation unique de notre maison \u201eSteinbock\u201c. Nous sommes tout pr\u00e8s des remont\u00e9es m\u00e9caniques pour les d\u00e9butants, la place de rassemblement\u00a0de l\u2019\u00e9cole de ski et du terrain pour les tout-petits. Gr\u00e2ce \u00e0 notre situation centrale, vous pouvez rentrer chez vous pour manger quelque chose \u00e0 midi sans perdre trop de temps. Vous pouvez boire tranquillement un caf\u00e9 sur votre balcon et observer les progr\u00e8s de vos enfants.\r\n\r\nUn voyage \u00e0 Riederalp vaut toujours la peine! En \u00e9t\u00e9 aussi, la nature stup\u00e9fiante vous offre un grand choix de randonn\u00e9es.\u00a0Le \u00ab Steinbock \u00bb est \u00e0 2 minutes du cours de golf. Si vous aimez nager, vous pouvez le faire au Blausee ou dans le Bettmersee,\u00a0o\u00f9 il y a aussi des possibilit\u00e9s pour faire la grillade ou de piqueniquer. Faites des tours en mountainbike ou tout simplement relaxez sur le balcon et profitez de la vue inoubliable sur les montagnes Valaisannes ![\/vc_column_text][vc_empty_space alter_height=\"medium\" hide_on_mobile=\"\" css=\".vc_custom_1492088020630{margin-top: 1.55rem !important;}\"][\/vc_column][\/vc_row]<\/div>[\/vc_column][\/vc_row][vc_row 0=&#187;&#187;][vc_column 0=&#187;&#187;][vc_empty_space alter_height=&#187;huge&#187; hide_on_mobile=&#187;&#187; css=&#187;.vc_custom_1492154555027{margin-top: -0.55rem !important;}&#187;]<div class=\"sc_layouts sc_layouts_default sc_layouts_1625\">[vc_row][vc_column icons_position=\"left\"]<div class=\"sc_layouts_item\"><div id=\"sc_title_1144983927\"\n\t\tclass=\"sc_title sc_title_default\"><h6 class=\"sc_item_subtitle sc_title_subtitle sc_align_center sc_item_title_style_default\">Alpenhaus Steinbock<\/h6><h1 class=\"sc_item_title sc_title_title sc_align_center sc_item_title_style_default sc_item_title_tag\"> Offre et loisirs<\/h1><\/div><!-- \/.sc_title --><\/div>[vc_empty_space alter_height=\"medium\" hide_on_mobile=\"\" css=\".vc_custom_1491654928648{margin-top: -0.5rem !important;}\"][vc_tta_tabs spacing=\"\" alignment=\"center\" active_section=\"1\" no_fill_content_area=\"true\"][vc_tta_section title=\"Bo\u00eetier\" tab_id=\"1490369526311-f94eb064-a2dc\"]<div class=\"sc_layouts sc_layouts_default sc_layouts_1619\">[vc_row row_delimiter=\"\" row_fixed=\"\" hide_on_tablet=\"\" hide_on_mobile=\"\" hide_on_frontpage=\"\" css=\".vc_custom_1532179288256{margin-top: -3em !important;}\"][vc_column width=\"1\/3\" icons_position=\"left\"]<div class=\" cq-flipbox-container cq-rightleft\" data-frontbg=\"\" data-backbg=\"#eca549\" data-fontcolor=\"\" data-face1=\"cq-flipbox-front\" data-face2=\"cq-flipbox-back\" data-flipdirection=\"rightleft\" data-elementheight=\"\" data-avatarsize=\"80\" data-frontcontentcolor=\"\" data-backcontentcolor=\"#ffffff\" data-titlesize=\"\" data-contentsize=\"\" data-contentwidth=\"\" data-iconcolor=\"\" data-iconbg=\"\" data-elementmargin=\"\" data-elementwidth=\"\" data-cardborder=\"\" data-cardbordersize=\"1px\" data-bordercolor=\"\" data-backbuttonbg=\"\" data-backbuttonhoverbg=\"\" data-contentmargintop=\"\" data-cardshape=\"\" data-frontfullimage=\"https:\/\/alpenhaus-steinbock.ch\/wp-content\/uploads\/2018\/07\/Wohnung-EG.jpg\" data-avatartype=\"none\" data-backfullimage=\"\" data-backavatar=\"none\"><a href=\"\/index.php\/fr\/wohnung-eg-francais\/\" title=\"\" target=\"\" class=\"cq-flipbox-link\"><div class=\"cq-flipbox-flipper\"><div class=\"cq-flipbox-item cq-flipbox-front\"><div class=\"cq-flipbox-content\"><\/div><\/div><div class=\"cq-flipbox-item cq-flipbox-back\"><div class=\"cq-flipbox-content\"><h4 class=\"cq-flipbox-title\"> Cliquez ici...<\/h4>...pour plus d'informations et de photos<\/div><\/div><\/div><\/a><\/div>[vc_empty_space alter_height=\"medium\" hide_on_mobile=\"\"][vc_column_text]\r\n<h4 style=\"text-align: center;\">3\u00bd pi\u00e8ces EG<\/h4>\r\n<p style=\"text-align: center;\">min. 1, max 5 personnes<\/p>\r\n<p style=\"text-align: center;\"><a href=\"\/index.php\/fr\/wohnung-eg-francais\/\">Plus d'informations \/ photos<\/a><\/p>\r\n[\/vc_column_text][\/vc_column][vc_column width=\"1\/3\" icons_position=\"left\"]<div class=\" cq-flipbox-container cq-rightleft\" data-frontbg=\"\" data-backbg=\"#eca549\" data-fontcolor=\"\" data-face1=\"cq-flipbox-front\" data-face2=\"cq-flipbox-back\" data-flipdirection=\"rightleft\" data-elementheight=\"\" data-avatarsize=\"80\" data-frontcontentcolor=\"\" data-backcontentcolor=\"#ffffff\" data-titlesize=\"\" data-contentsize=\"\" data-contentwidth=\"\" data-iconcolor=\"\" data-iconbg=\"\" data-elementmargin=\"\" data-elementwidth=\"\" data-cardborder=\"\" data-cardbordersize=\"1px\" data-bordercolor=\"\" data-backbuttonbg=\"\" data-backbuttonhoverbg=\"\" data-contentmargintop=\"\" data-cardshape=\"\" data-frontfullimage=\"https:\/\/alpenhaus-steinbock.ch\/wp-content\/uploads\/2018\/07\/Wohnung-OG-West.jpg\" data-avatartype=\"none\" data-backfullimage=\"\" data-backavatar=\"none\"><a href=\"\/index.php\/fr\/wohnung-og-west-francais\/\" title=\"\" target=\"\" class=\"cq-flipbox-link\"><div class=\"cq-flipbox-flipper\"><div class=\"cq-flipbox-item cq-flipbox-front\"><div class=\"cq-flipbox-content\"><\/div><\/div><div class=\"cq-flipbox-item cq-flipbox-back\"><div class=\"cq-flipbox-content\"><h4 class=\"cq-flipbox-title\"> Cliquez ici...<\/h4>...pour plus d'informations et de photos<\/div><\/div><\/div><\/a><\/div>[vc_empty_space alter_height=\"medium\" hide_on_mobile=\"\"][vc_column_text]\r\n<h4 style=\"text-align: center;\">3\u00bd pi\u00e8ces 1.OG West<\/h4>\r\n<p style=\"text-align: center;\">min. 1, max 6 personnes<\/p>\r\n<p style=\"text-align: center;\"><a href=\"\/index.php\/fr\/wohnung-og-west-francais\/\">Plus d'informations \/ photos<\/a><\/p>\r\n[\/vc_column_text][\/vc_column][vc_column width=\"1\/3\" icons_position=\"left\"]<div class=\" cq-flipbox-container cq-rightleft\" data-frontbg=\"\" data-backbg=\"#eca549\" data-fontcolor=\"\" data-face1=\"cq-flipbox-front\" data-face2=\"cq-flipbox-back\" data-flipdirection=\"rightleft\" data-elementheight=\"\" data-avatarsize=\"80\" data-frontcontentcolor=\"\" data-backcontentcolor=\"#ffffff\" data-titlesize=\"\" data-contentsize=\"\" data-contentwidth=\"\" data-iconcolor=\"\" data-iconbg=\"\" data-elementmargin=\"\" data-elementwidth=\"\" data-cardborder=\"\" data-cardbordersize=\"1px\" data-bordercolor=\"\" data-backbuttonbg=\"\" data-backbuttonhoverbg=\"\" data-contentmargintop=\"\" data-cardshape=\"\" data-frontfullimage=\"https:\/\/alpenhaus-steinbock.ch\/wp-content\/uploads\/2018\/07\/Wohnung-OG-Ost.jpg\" data-avatartype=\"none\" data-backfullimage=\"\" data-backavatar=\"none\"><a href=\"\/index.php\/fr\/wohnung-og-ost-francais\/\" title=\"\" target=\"\" class=\"cq-flipbox-link\"><div class=\"cq-flipbox-flipper\"><div class=\"cq-flipbox-item cq-flipbox-front\"><div class=\"cq-flipbox-content\"><\/div><\/div><div class=\"cq-flipbox-item cq-flipbox-back\"><div class=\"cq-flipbox-content\"><h4 class=\"cq-flipbox-title\"> Cliquez ici...<\/h4>...pour plus d'informations et de photos<\/div><\/div><\/div><\/a><\/div>[vc_empty_space alter_height=\"medium\" hide_on_mobile=\"\"][vc_column_text]\r\n<h4 style=\"text-align: center;\">3\u00bd pi\u00e8ces 1.OG Ost<\/h4>\r\n<p style=\"text-align: center;\">min. 1, max 6 personnes<\/p>\r\n<p style=\"text-align: center;\"><a href=\"\/index.php\/fr\/wohnung-og-ost-francais\/\">Plus d'informations \/ photos<\/a><\/p>\r\n[\/vc_column_text][\/vc_column][\/vc_row]<\/div>[\/vc_tta_section][vc_tta_section title=\"\u00c9quipement\" tab_id=\"1490369526318-e25077c7-208f\"]<div class=\"sc_layouts sc_layouts_default sc_layouts_1620\">[vc_row row_delimiter=\"\" row_fixed=\"\" hide_on_tablet=\"\" hide_on_mobile=\"\" hide_on_frontpage=\"\" css=\".vc_custom_1532179288256{margin-top: -3em !important;}\"][vc_column width=\"1\/3\" icons_position=\"left\"]<div class=\" cq-flipbox-container cq-rightleft\" data-frontbg=\"\" data-backbg=\"#eca549\" data-fontcolor=\"\" data-face1=\"cq-flipbox-front\" data-face2=\"cq-flipbox-back\" data-flipdirection=\"rightleft\" data-elementheight=\"\" data-avatarsize=\"100\" data-frontcontentcolor=\"#eca549\" data-backcontentcolor=\"#ffffff\" data-titlesize=\"\" data-contentsize=\"\" data-contentwidth=\"\" data-iconcolor=\"\" data-iconbg=\"\" data-elementmargin=\"\" data-elementwidth=\"\" data-cardborder=\"\" data-cardbordersize=\"1px\" data-bordercolor=\"\" data-backbuttonbg=\"\" data-backbuttonhoverbg=\"\" data-contentmargintop=\"\" data-cardshape=\"\" data-frontfullimage=\"\" data-avatartype=\"icon\" data-backfullimage=\"\" data-backavatar=\"none\"><div class=\"cq-flipbox-flipper\"><div class=\"cq-flipbox-item cq-flipbox-front\"><div class=\"cq-flipbox-content\"><i class=\"cq-flipbox-cardavatar cq-shadow typcn typcn-wi-fi\"><\/i><h4 class=\"cq-flipbox-title\"> Wi-Fi gratuit<\/h4><\/div><\/div><div class=\"cq-flipbox-item cq-flipbox-back\"><div class=\"cq-flipbox-content\"><h4 class=\"cq-flipbox-title\"> TV, radio, internet<\/h4>TV, radio et Wi-Fi sont disponibles gratuitement dans tous les appartements<\/div><\/div><\/div><\/div>[\/vc_column][vc_column width=\"1\/3\" icons_position=\"left\"]<div class=\" cq-flipbox-container cq-rightleft\" data-frontbg=\"\" data-backbg=\"#eca549\" data-fontcolor=\"\" data-face1=\"cq-flipbox-front\" data-face2=\"cq-flipbox-back\" data-flipdirection=\"rightleft\" data-elementheight=\"\" data-avatarsize=\"100\" data-frontcontentcolor=\"#eca549\" data-backcontentcolor=\"#ffffff\" data-titlesize=\"\" data-contentsize=\"\" data-contentwidth=\"\" data-iconcolor=\"\" data-iconbg=\"\" data-elementmargin=\"\" data-elementwidth=\"\" data-cardborder=\"\" data-cardbordersize=\"1px\" data-bordercolor=\"\" data-backbuttonbg=\"\" data-backbuttonhoverbg=\"\" data-contentmargintop=\"\" data-cardshape=\"\" data-frontfullimage=\"\" data-avatartype=\"icon\" data-backfullimage=\"\" data-backavatar=\"none\"><div class=\"cq-flipbox-flipper\"><div class=\"cq-flipbox-item cq-flipbox-front\"><div class=\"cq-flipbox-content\"><i class=\"cq-flipbox-cardavatar cq-shadow typcn typcn-adjust-brightness\"><\/i><h4 class=\"cq-flipbox-title\"> Balcon \/ si\u00e8ge<\/h4><\/div><\/div><div class=\"cq-flipbox-item cq-flipbox-back\"><div class=\"cq-flipbox-content\"><h4 class=\"cq-flipbox-title\"> Balcon \/ si\u00e8ge<\/h4>Tous les appartements disposent d'un balcon ou d'une terrasse<\/div><\/div><\/div><\/div>[\/vc_column][vc_column width=\"1\/3\" icons_position=\"left\"]<div class=\" cq-flipbox-container cq-rightleft\" data-frontbg=\"\" data-backbg=\"#eca549\" data-fontcolor=\"\" data-face1=\"cq-flipbox-front\" data-face2=\"cq-flipbox-back\" data-flipdirection=\"rightleft\" data-elementheight=\"\" data-avatarsize=\"100\" data-frontcontentcolor=\"#eca549\" data-backcontentcolor=\"#ffffff\" data-titlesize=\"\" data-contentsize=\"\" data-contentwidth=\"\" data-iconcolor=\"\" data-iconbg=\"\" data-elementmargin=\"\" data-elementwidth=\"\" data-cardborder=\"\" data-cardbordersize=\"1px\" data-bordercolor=\"\" data-backbuttonbg=\"\" data-backbuttonhoverbg=\"\" data-contentmargintop=\"\" data-cardshape=\"\" data-frontfullimage=\"\" data-avatartype=\"icon\" data-backfullimage=\"\" data-backavatar=\"none\"><div class=\"cq-flipbox-flipper\"><div class=\"cq-flipbox-item cq-flipbox-front\"><div class=\"cq-flipbox-content\"><i class=\"cq-flipbox-cardavatar cq-shadow fa fa-car\"><\/i><h4 class=\"cq-flipbox-title\">parking<\/h4><\/div><\/div><div class=\"cq-flipbox-item cq-flipbox-back\"><div class=\"cq-flipbox-content\"><h4 class=\"cq-flipbox-title\">Saison d'hiver \/ taxi<\/h4>Parking r\u00e9serv\u00e9 \u00e0 M\u00f6rel (pendant la saison d'hiver)\r\n- Les clients b\u00e9n\u00e9ficient d'une r\u00e9duction de 50% sur le taxi<\/div><\/div><\/div><\/div>[\/vc_column][\/vc_row]<\/div>[\/vc_tta_section][vc_tta_section title=\"Loisir\" tab_id=\"1490369559225-fdc21af2-1289\"]<div class=\"sc_layouts sc_layouts_default sc_layouts_1618\">[vc_row row_delimiter=\"\" row_fixed=\"\" hide_on_tablet=\"\" hide_on_mobile=\"\" hide_on_frontpage=\"\" css=\".vc_custom_1532179288256{margin-top: -3em !important;}\"][vc_column width=\"1\/3\" icons_position=\"left\"]<div class=\" cq-flipbox-container cq-rightleft\" data-frontbg=\"\" data-backbg=\"#eca549\" data-fontcolor=\"\" data-face1=\"cq-flipbox-front\" data-face2=\"cq-flipbox-back\" data-flipdirection=\"rightleft\" data-elementheight=\"\" data-avatarsize=\"100\" data-frontcontentcolor=\"#eca549\" data-backcontentcolor=\"#ffffff\" data-titlesize=\"\" data-contentsize=\"\" data-contentwidth=\"\" data-iconcolor=\"\" data-iconbg=\"\" data-elementmargin=\"\" data-elementwidth=\"\" data-cardborder=\"\" data-cardbordersize=\"1px\" data-bordercolor=\"\" data-backbuttonbg=\"\" data-backbuttonhoverbg=\"\" data-contentmargintop=\"\" data-cardshape=\"\" data-frontfullimage=\"https:\/\/alpenhaus-steinbock.ch\/wp-content\/uploads\/2018\/07\/golfclub.jpg\" data-avatartype=\"none\" data-backfullimage=\"\" data-backavatar=\"none\"><div class=\"cq-flipbox-flipper\"><div class=\"cq-flipbox-item cq-flipbox-front\"><div class=\"cq-flipbox-content\"><\/div><\/div><div class=\"cq-flipbox-item cq-flipbox-back\"><div class=\"cq-flipbox-content\"><h4 class=\"cq-flipbox-title\"> Club de golf Riederalp<\/h4>Golf pour tout le monde - des d\u00e9butants aux professionnels. Golf de 9 trous \u00e0 2000 m d'altitude.<\/div><\/div><\/div><\/div>[\/vc_column][vc_column width=\"1\/3\" icons_position=\"left\"]<div class=\" cq-flipbox-container cq-rightleft\" data-frontbg=\"\" data-backbg=\"#eca549\" data-fontcolor=\"\" data-face1=\"cq-flipbox-front\" data-face2=\"cq-flipbox-back\" data-flipdirection=\"rightleft\" data-elementheight=\"\" data-avatarsize=\"100\" data-frontcontentcolor=\"#eca549\" data-backcontentcolor=\"#ffffff\" data-titlesize=\"\" data-contentsize=\"\" data-contentwidth=\"\" data-iconcolor=\"\" data-iconbg=\"\" data-elementmargin=\"\" data-elementwidth=\"\" data-cardborder=\"\" data-cardbordersize=\"1px\" data-bordercolor=\"\" data-backbuttonbg=\"\" data-backbuttonhoverbg=\"\" data-contentmargintop=\"\" data-cardshape=\"\" data-frontfullimage=\"https:\/\/alpenhaus-steinbock.ch\/wp-content\/uploads\/2018\/07\/Riederalp.jpg\" data-avatartype=\"none\" data-backfullimage=\"\" data-backavatar=\"none\"><div class=\"cq-flipbox-flipper\"><div class=\"cq-flipbox-item cq-flipbox-front\"><div class=\"cq-flipbox-content\"><\/div><\/div><div class=\"cq-flipbox-item cq-flipbox-back\"><div class=\"cq-flipbox-content\"><h4 class=\"cq-flipbox-title\">Aletsch Arena<\/h4>Au milieu de la belle r\u00e9gion de ski et de randonn\u00e9e. 104 km de pistes en hiver et en \u00e9t\u00e9, la r\u00e9gion comprend 150 km de sentiers de randonn\u00e9e et 100 km de sentiers de v\u00e9lo de montagne.<\/div><\/div><\/div><\/div>[\/vc_column][vc_column width=\"1\/3\" icons_position=\"left\"]<div class=\" cq-flipbox-container cq-rightleft\" data-frontbg=\"\" data-backbg=\"#eca549\" data-fontcolor=\"\" data-face1=\"cq-flipbox-front\" data-face2=\"cq-flipbox-back\" data-flipdirection=\"rightleft\" data-elementheight=\"\" data-avatarsize=\"100\" data-frontcontentcolor=\"#eca549\" data-backcontentcolor=\"#ffffff\" data-titlesize=\"\" data-contentsize=\"\" data-contentwidth=\"\" data-iconcolor=\"\" data-iconbg=\"\" data-elementmargin=\"\" data-elementwidth=\"\" data-cardborder=\"\" data-cardbordersize=\"1px\" data-bordercolor=\"\" data-backbuttonbg=\"\" data-backbuttonhoverbg=\"\" data-contentmargintop=\"\" data-cardshape=\"\" data-frontfullimage=\"https:\/\/alpenhaus-steinbock.ch\/wp-content\/uploads\/2018\/07\/aletschgletscher.jpg\" data-avatartype=\"none\" data-backfullimage=\"\" data-backavatar=\"none\"><a href=\"https:\/\/3color.ch\/alpenhaus-steinbock\/index.php\/fr\/impression-francais\/\" title=\"\" target=\"\" class=\"cq-flipbox-link\"><div class=\"cq-flipbox-flipper\"><div class=\"cq-flipbox-item cq-flipbox-front\"><div class=\"cq-flipbox-content\"><\/div><\/div><div class=\"cq-flipbox-item cq-flipbox-back\"><div class=\"cq-flipbox-content\"><h4 class=\"cq-flipbox-title\">Impressions \/ Galerie<\/h4>Vacances au paradis - Cliquez pour plus de photos et d'impressions ICI<\/div><\/div><\/div><\/a><\/div>[\/vc_column][\/vc_row]<\/div>[\/vc_tta_section][\/vc_tta_tabs][vc_empty_space alter_height=\"medium\" hide_on_mobile=\"\"][\/vc_column][\/vc_row]<\/div>[vc_empty_space hide_on_mobile=&#187;&#187; css=&#187;.vc_custom_1492154609728{margin-top: -0.4rem !important;}&#187;][\/vc_column][\/vc_row][vc_row full_width=&#187;stretch_row_content_no_spaces&#187;][vc_column 0=&#187;&#187; offset=&#187;vc_hidden-xs&#187;]<div style=\"width:;\" class=\"cqtooltip-wrapper \" data-opacity=\"1\" data-tooltipanimation=\"grow\" data-tooltipstyle=\"shadow\" data-trigger=\"hover\" data-maxwidth=\"240\" data-marginoffset=\"\" data-isdisplayall=\"off\" data-displayednum=\"1\"><img decoding=\"async\" src=\"https:\/\/alpenhaus-steinbock.ch\/wp-content\/uploads\/2018\/07\/Map-Fusszeile.jpg\" \/><div class=\"cq-hotspots\"><div class=\"hotspot-item pulse-white \" style=\"top:45%;left:56%;\" data-top=\"45%\" data-left=\"56%\"><a href=\"#\" class=\"cq-tooltip\" style=\"background:rgba(236,165,73,0.5);\" data-tooltip=\"\n&lt;img class=&quot;alignnone wp-image-931 size-full&quot; src=&quot;https:\/\/3color.ch\/alpenhaus-steinbock\/wp-content\/uploads\/2018\/07\/Vorschau-Map.jpg&quot; alt=&quot;&quot; width=&quot;527&quot; height=&quot;147&quot; \/&gt;&lt;\/p&gt;\n&lt;div class=&quot;title&quot;&gt;&lt;span class=&quot;trx_addons_tiny_text&quot; style=&quot;color: #8eb2c7;&quot;&gt;maison Alpine &amp;#171;Steinbock&amp;#187;&lt;\/span&gt;&lt;\/div&gt;\n&lt;p class=&quot;info&quot;&gt;Du lit sur les skis! Directement devant la porte vous pouvez skier, carver ou faire du ski de fond, des tours en raquettes ou faire de la luge.&lt;\/p&gt;\n&lt;div class=&quot;info&quot;&gt;\" data-arrowposition=\"\"><span style=\"background:#eca549;\"><\/span><\/a><\/div><div class=\"hotspot-item pulse-white \" style=\"top:65%;left:49%;\" data-top=\"65%\" data-left=\"49%\"><a href=\"#\" class=\"cq-tooltip\" style=\"background:rgba(236,165,73,0.5);\" data-tooltip=\"\n&lt;img class=&quot;alignnone wp-image-935 size-full&quot; src=&quot;https:\/\/3color.ch\/alpenhaus-steinbock\/wp-content\/uploads\/2018\/07\/Vorschau-Map-Golf.jpg&quot; alt=&quot;&quot; width=&quot;527&quot; height=&quot;147&quot; \/&gt;&lt;\/div&gt;\n&lt;div class=&quot;title&quot;&gt;&lt;span class=&quot;trx_addons_tiny_text&quot; style=&quot;color: #8eb2c7;&quot;&gt;CLUB DE GOLF Riederalp&lt;\/span&gt;&lt;\/div&gt;\n&lt;div class=&quot;info&quot;&gt;\n&lt;p&gt;Golf pour tout le monde &amp;#8211; des d\u00e9butants aux professionnels &amp;#8211; nous sommes tous les bienvenus. Golf de 9 trous \u00e0 2000 m d&amp;#8217;altitude.&lt;\/p&gt;\n&lt;\/div&gt;\n&lt;p&gt;&lt;a href=&quot;http:\/\/golfclub-riederalp.ch\/sites\/de\/&quot; target=&quot;_blank&quot; rel=&quot;noopener&quot;&gt;En savoir plus&lt;\/a&gt;\" data-arrowposition=\"top\"><span style=\"background:#eca549;\"><\/span><\/a><\/div><div class=\"hotspot-item pulse-white \" style=\"top:72%;left:53.6%;\" data-top=\"72%\" data-left=\"53.6%\"><a href=\"#\" class=\"cq-tooltip\" style=\"background:rgba(236,165,73,0.5);\" data-tooltip=\"\n&lt;img class=&quot;alignnone wp-image-1384 size-full&quot; src=&quot;https:\/\/3color.ch\/alpenhaus-steinbock\/wp-content\/uploads\/2018\/07\/Vorschaubilder-Bergstation.jpg&quot; alt=&quot;&quot; width=&quot;527&quot; height=&quot;147&quot; \/&gt;&lt;\/p&gt;\n&lt;div class=&quot;title&quot;&gt;&lt;span class=&quot;trx_addons_tiny_text&quot; style=&quot;color: #8eb2c7;&quot;&gt;T\u00e9l\u00e9ph\u00e9rique &amp;#8211; station de montagne&lt;\/span&gt;&lt;\/div&gt;\n&lt;div class=&quot;info&quot;&gt;Station de montagne du t\u00e9l\u00e9ph\u00e9rique M\u00f6rel &amp;#8211; Riederalp (au milieu)&lt;\/div&gt;\n&lt;div class=&quot;info&quot;&gt;\" data-arrowposition=\"top\"><span style=\"background:#eca549;\"><\/span><\/a><\/div><div class=\"hotspot-item pulse-white \" style=\"top:72%;left:43.5%;\" data-top=\"72%\" data-left=\"43.5%\"><a href=\"#\" class=\"cq-tooltip\" style=\"background:rgba(236,165,73,0.5);\" data-tooltip=\"\n&lt;img class=&quot;alignnone wp-image-1382 size-full&quot; src=&quot;https:\/\/3color.ch\/alpenhaus-steinbock\/wp-content\/uploads\/2018\/07\/Vorschau-Tennisplatz.jpg&quot; alt=&quot;&quot; width=&quot;527&quot; height=&quot;147&quot; \/&gt;&lt;\/div&gt;\n&lt;div class=&quot;title&quot;&gt;&lt;span class=&quot;trx_addons_tiny_text&quot; style=&quot;color: #8eb2c7;&quot;&gt;court de tennis &amp;#8211; Riederalp&lt;\/span&gt;&lt;\/div&gt;\n&lt;div class=&quot;info&quot;&gt;Votre tennis ne doit pas casser pendant les vacances dans l&amp;#8217;Aletsch Arena. Les stations de vacances de Riederalp, Bettmeralp et Fiesch-Eggishorn offrent aux amateurs de tennis sur des courts int\u00e9rieurs et ext\u00e9rieurs magnifiquement situ\u00e9s la possibilit\u00e9 de concourir sur le court de tennis.&lt;\/div&gt;\n&lt;div class=&quot;info&quot;&gt;\" data-arrowposition=\"top\"><span style=\"background:#eca549;\"><\/span><\/a><\/div><div class=\"hotspot-item pulse-white \" style=\"top:47.3%;left:65.5%;\" data-top=\"47.3%\" data-left=\"65.5%\"><a href=\"#\" class=\"cq-tooltip\" style=\"background:rgba(236,165,73,0.5);\" data-tooltip=\"\n&lt;img class=&quot;alignnone wp-image-1373 size-full&quot; src=&quot;https:\/\/3color.ch\/alpenhaus-steinbock\/wp-content\/uploads\/2018\/07\/Vorschhau-Moosfluh.jpg&quot; alt=&quot;&quot; width=&quot;527&quot; height=&quot;147&quot; \/&gt;&lt;\/div&gt;\n&lt;div class=&quot;title&quot;&gt;&lt;span class=&quot;trx_addons_tiny_text&quot; style=&quot;color: #8eb2c7;&quot;&gt;T\u00e9l\u00e9ph\u00e9rique &amp;#8211; Moosfluh&lt;\/span&gt;&lt;\/div&gt;\n&lt;div class=&quot;info&quot;&gt;Une fois au sommet, le puissant glacier semble assez proche pour toucher &amp;#8211; un point de vue magnifique.&lt;\/div&gt;\n&lt;p&gt;\" data-arrowposition=\"top\"><span style=\"background:#eca549;\"><\/span><\/a><\/div><\/div><\/div>[\/vc_column][\/vc_row]<\/p>\n","protected":false},"excerpt":{"rendered":"<p>[vc_row 0=&#187;&#187; full_width=&#187;stretch_row_content_no_spaces&#187;][vc_column 0=&#187;&#187;][rev_slider_vc alias=&#187;home-1&#8243;][\/vc_column][\/vc_row][vc_row 0=&#187;&#187; equal_height=&#187;yes&#187; content_placement=&#187;middle&#187; css=&#187;.vc_custom_1531819838770{margin-top: 50px !important;}&#187;][vc_column][\/vc_column][\/vc_row][vc_row 0=&#187;&#187;][vc_column 0=&#187;&#187;][vc_empty_space alter_height=&#187;huge&#187; hide_on_mobile=&#187;&#187; css=&#187;.vc_custom_1492154555027{margin-top: -0.55rem !important;}&#187;][vc_empty_space hide_on_mobile=&#187;&#187; css=&#187;.vc_custom_1492154609728{margin-top: -0.4rem !important;}&#187;][\/vc_column][\/vc_row][vc_row full_width=&#187;stretch_row_content_no_spaces&#187;][vc_column 0=&#187;&#187; offset=&#187;vc_hidden-xs&#187;][\/vc_column][\/vc_row]<\/p>\n","protected":false},"author":1,"featured_media":0,"parent":0,"menu_order":0,"comment_status":"closed","ping_status":"closed","template":"","meta":{"footnotes":""},"_links":{"self":[{"href":"https:\/\/alpenhaus-steinbock.ch\/index.php\/wp-json\/wp\/v2\/pages\/789"}],"collection":[{"href":"https:\/\/alpenhaus-steinbock.ch\/index.php\/wp-json\/wp\/v2\/pages"}],"about":[{"href":"https:\/\/alpenhaus-steinbock.ch\/index.php\/wp-json\/wp\/v2\/types\/page"}],"author":[{"embeddable":true,"href":"https:\/\/alpenhaus-steinbock.ch\/index.php\/wp-json\/wp\/v2\/users\/1"}],"replies":[{"embeddable":true,"href":"https:\/\/alpenhaus-steinbock.ch\/index.php\/wp-json\/wp\/v2\/comments?post=789"}],"version-history":[{"count":15,"href":"https:\/\/alpenhaus-steinbock.ch\/index.php\/wp-json\/wp\/v2\/pages\/789\/revisions"}],"predecessor-version":[{"id":2017,"href":"https:\/\/alpenhaus-steinbock.ch\/index.php\/wp-json\/wp\/v2\/pages\/789\/revisions\/2017"}],"wp:attachment":[{"href":"https:\/\/alpenhaus-steinbock.ch\/index.php\/wp-json\/wp\/v2\/media?parent=789"}],"curies":[{"name":"wp","href":"https:\/\/api.w.org\/{rel}","templated":true}]}}