{"id":1437,"date":"2018-07-22T14:02:24","date_gmt":"2018-07-22T14:02:24","guid":{"rendered":"https:\/\/3color.ch\/alpenhaus-steinbock\/?page_id=1437"},"modified":"2018-09-02T11:32:58","modified_gmt":"2018-09-02T11:32:58","slug":"anreise-francais","status":"publish","type":"page","link":"https:\/\/alpenhaus-steinbock.ch\/index.php\/fr\/anreise-francais\/","title":{"rendered":"Anreise &#8211; Francais"},"content":{"rendered":"<p>[vc_row][vc_column][vc_empty_space alter_height=&#187;medium&#187; hide_on_mobile=&#187;&#187; css=&#187;.vc_custom_1532180509564{margin-top: -0.4rem !important;}&#187;]<div id=\"sc_title_33695597\"\n\t\tclass=\"sc_title sc_title_default\"><h6 class=\"sc_item_subtitle sc_title_subtitle sc_align_center sc_item_title_style_default\">Alpenhaus Steinbock<\/h6><h1 class=\"sc_item_title sc_title_title sc_align_center sc_item_title_style_default sc_item_title_tag\">Emplacement et arriv\u00e9e<\/h1><\/div><!-- \/.sc_title -->[vc_empty_space alter_height=&#187;large&#187; hide_on_mobile=&#187;&#187; css=&#187;.vc_custom_1532180517193{margin-top: 0.3rem !important;}&#187;][vc_column_text]<\/p>\n<h3 style=\"text-align: center;\">Emplacement<\/h3>\n<p class=\"lead\" style=\"text-align: center;\"><strong>L&#8217;Alpenhaus Steinbock b\u00e9n\u00e9ficie d&#8217;un excellent emplacement au c\u0153ur du Riederalp. De la maison, vous pouvez atteindre en environ 8 minutes la station de t\u00e9l\u00e9ph\u00e9rique, les magasins, la poste, la circulation, le golf et l&#8217;\u00e9cole de ski.<\/strong><\/p>\n<p class=\"lead\" style=\"text-align: center;\">Dans le voisinage imm\u00e9diat de la maison est l&#8217;ascenseur d&#8217;entra\u00eenement. Vous avez donc vos enfants &#171;toujours en vue&#187;. Mettez les skis devant la maison et 2 minutes plus tard vous serez au d\u00e9part de la t\u00e9l\u00e9cabine &#171;Moosfluh&#187;. Dans la soir\u00e9e, vous conduisez confortablement avec les skis \u00e0 la porte d&#8217;entr\u00e9e.<br \/>\nEn \u00e9t\u00e9, vous \u00eates \u00e0 seulement quelques m\u00e8tres du FunPark et du golf miniature.<\/p>\n<p style=\"text-align: center;\">Gr\u00e2ce \u00e0 l&#8217;orientation sud des appartements, vous pouvez profiter d&#8217;une vue magnifique sur les sommets de quatre mille m\u00e8tres en face des Alpes valaisannes. De plus, vous b\u00e9n\u00e9ficiez d&#8217;un ensoleillement optimal.<\/p>\n<h3 style=\"text-align: center;\">Comment y arriver<\/h3>\n<p style=\"text-align: center;\">En voiture ou en train \u00e0 M\u00f6rel. Il y a une place de parking \u00e0 la disposition des clients en voiture.<\/p>\n<p style=\"text-align: center;\">Puis en t\u00e9l\u00e9ph\u00e9rique (Grosskabinenbahn) jusqu&#8217;\u00e0 Riederalp. Le train circule toutes les 30 minutes. Le samedi dans la saison toutes les 15 minutes. Le trajet dure environ 10 minutes.<\/p>\n<p style=\"text-align: center;\">Sur le Riederalp, vous avez la possibilit\u00e9 de commander un taxi. Cela vous m\u00e8nera \u00e0 la porte dans environ 5 minutes. Ou vous avez la possibilit\u00e9 d&#8217;apporter votre propre tra\u00eeneau en bois \u00e0 la maison, avec lequel vous pouvez transporter les bagages \u00e0 la maison. L&#8217;office de tourisme loue \u00e9galement des luges pour le transport.<\/p>\n<p>[\/vc_column_text][vc_empty_space alter_height=&#187;large&#187; hide_on_mobile=&#187;&#187;][vc_gmaps link=&#187;#E-8_JTNDaWZyYW1lJTIwc3JjJTNEJTIyaHR0cHMlM0ElMkYlMkZ3d3cuZ29vZ2xlLmNvbSUyRm1hcHMlMkZlbWJlZCUzRnBiJTNEJTIxMW0xOCUyMTFtMTIlMjExbTMlMjExZDI3NTIuMzg5MDY3ODQ5OTM0MiUyMTJkOC4wMzI4MDUwMTU1ODg0NDIlMjEzZDQ2LjM4MTUwNzg3OTEyMjUyJTIxMm0zJTIxMWYwJTIxMmYwJTIxM2YwJTIxM20yJTIxMWkxMDI0JTIxMmk3NjglMjE0ZjEzLjElMjEzbTMlMjExbTIlMjExczB4NDc4ZjZmZGM1M2FiNzIyZiUyNTNBMHhkNjcwNzYxZjgxNzIzNjhhJTIxMnNIYXVzJTJCU3RlaW5ib2NrJTI1MkMlMkIzOTg3JTJCUmllZGVyYWxwJTIxNWUwJTIxM20yJTIxMXNkZSUyMTJzY2glMjE0djE1MzIxNzU2NjE5MTclMjIlMjB3aWR0aCUzRCUyMjEwMCUyNSUyMiUyMGhlaWdodCUzRCUyMjUzMCUyMiUyMGZyYW1lYm9yZGVyJTNEJTIyMCUyMiUyMHN0eWxlJTNEJTIyYm9yZGVyJTNBMCUyMiUyMGFsbG93ZnVsbHNjcmVlbiUzRSUzQyUyRmlmcmFtZSUzRQ==&#187;][vc_empty_space alter_height=&#187;large&#187; hide_on_mobile=&#187;&#187;][\/vc_column][\/vc_row][vc_row][vc_column]<div class=\"sc_layouts sc_layouts_default sc_layouts_1625\">[vc_row][vc_column icons_position=\"left\"]<div class=\"sc_layouts_item\"><div id=\"sc_title_867756309\"\n\t\tclass=\"sc_title sc_title_default\"><h6 class=\"sc_item_subtitle sc_title_subtitle sc_align_center sc_item_title_style_default\">Alpenhaus Steinbock<\/h6><h1 class=\"sc_item_title sc_title_title sc_align_center sc_item_title_style_default sc_item_title_tag\"> Offre et loisirs<\/h1><\/div><!-- \/.sc_title --><\/div>[vc_empty_space alter_height=\"medium\" hide_on_mobile=\"\" css=\".vc_custom_1491654928648{margin-top: -0.5rem !important;}\"][vc_tta_tabs spacing=\"\" alignment=\"center\" active_section=\"1\" no_fill_content_area=\"true\"][vc_tta_section title=\"Bo\u00eetier\" tab_id=\"1490369526311-f94eb064-a2dc\"]<div class=\"sc_layouts sc_layouts_default sc_layouts_1619\">[vc_row row_delimiter=\"\" row_fixed=\"\" hide_on_tablet=\"\" hide_on_mobile=\"\" hide_on_frontpage=\"\" css=\".vc_custom_1532179288256{margin-top: -3em !important;}\"][vc_column width=\"1\/3\" icons_position=\"left\"]<div class=\" cq-flipbox-container cq-rightleft\" data-frontbg=\"\" data-backbg=\"#eca549\" data-fontcolor=\"\" data-face1=\"cq-flipbox-front\" data-face2=\"cq-flipbox-back\" data-flipdirection=\"rightleft\" data-elementheight=\"\" data-avatarsize=\"80\" data-frontcontentcolor=\"\" data-backcontentcolor=\"#ffffff\" data-titlesize=\"\" data-contentsize=\"\" data-contentwidth=\"\" data-iconcolor=\"\" data-iconbg=\"\" data-elementmargin=\"\" data-elementwidth=\"\" data-cardborder=\"\" data-cardbordersize=\"1px\" data-bordercolor=\"\" data-backbuttonbg=\"\" data-backbuttonhoverbg=\"\" data-contentmargintop=\"\" data-cardshape=\"\" data-frontfullimage=\"https:\/\/alpenhaus-steinbock.ch\/wp-content\/uploads\/2018\/07\/Wohnung-EG.jpg\" data-avatartype=\"none\" data-backfullimage=\"\" data-backavatar=\"none\"><a href=\"\/index.php\/fr\/wohnung-eg-francais\/\" title=\"\" target=\"\" class=\"cq-flipbox-link\"><div class=\"cq-flipbox-flipper\"><div class=\"cq-flipbox-item cq-flipbox-front\"><div class=\"cq-flipbox-content\"><\/div><\/div><div class=\"cq-flipbox-item cq-flipbox-back\"><div class=\"cq-flipbox-content\"><h4 class=\"cq-flipbox-title\"> Cliquez ici...<\/h4>...pour plus d'informations et de photos<\/div><\/div><\/div><\/a><\/div>[vc_empty_space alter_height=\"medium\" hide_on_mobile=\"\"][vc_column_text]\r\n<h4 style=\"text-align: center;\">3\u00bd pi\u00e8ces EG<\/h4>\r\n<p style=\"text-align: center;\">min. 1, max 5 personnes<\/p>\r\n<p style=\"text-align: center;\"><a href=\"\/index.php\/fr\/wohnung-eg-francais\/\">Plus d'informations \/ photos<\/a><\/p>\r\n[\/vc_column_text][\/vc_column][vc_column width=\"1\/3\" icons_position=\"left\"]<div class=\" cq-flipbox-container cq-rightleft\" data-frontbg=\"\" data-backbg=\"#eca549\" data-fontcolor=\"\" data-face1=\"cq-flipbox-front\" data-face2=\"cq-flipbox-back\" data-flipdirection=\"rightleft\" data-elementheight=\"\" data-avatarsize=\"80\" data-frontcontentcolor=\"\" data-backcontentcolor=\"#ffffff\" data-titlesize=\"\" data-contentsize=\"\" data-contentwidth=\"\" data-iconcolor=\"\" data-iconbg=\"\" data-elementmargin=\"\" data-elementwidth=\"\" data-cardborder=\"\" data-cardbordersize=\"1px\" data-bordercolor=\"\" data-backbuttonbg=\"\" data-backbuttonhoverbg=\"\" data-contentmargintop=\"\" data-cardshape=\"\" data-frontfullimage=\"https:\/\/alpenhaus-steinbock.ch\/wp-content\/uploads\/2018\/07\/Wohnung-OG-West.jpg\" data-avatartype=\"none\" data-backfullimage=\"\" data-backavatar=\"none\"><a href=\"\/index.php\/fr\/wohnung-og-west-francais\/\" title=\"\" target=\"\" class=\"cq-flipbox-link\"><div class=\"cq-flipbox-flipper\"><div class=\"cq-flipbox-item cq-flipbox-front\"><div class=\"cq-flipbox-content\"><\/div><\/div><div class=\"cq-flipbox-item cq-flipbox-back\"><div class=\"cq-flipbox-content\"><h4 class=\"cq-flipbox-title\"> Cliquez ici...<\/h4>...pour plus d'informations et de photos<\/div><\/div><\/div><\/a><\/div>[vc_empty_space alter_height=\"medium\" hide_on_mobile=\"\"][vc_column_text]\r\n<h4 style=\"text-align: center;\">3\u00bd pi\u00e8ces 1.OG West<\/h4>\r\n<p style=\"text-align: center;\">min. 1, max 6 personnes<\/p>\r\n<p style=\"text-align: center;\"><a href=\"\/index.php\/fr\/wohnung-og-west-francais\/\">Plus d'informations \/ photos<\/a><\/p>\r\n[\/vc_column_text][\/vc_column][vc_column width=\"1\/3\" icons_position=\"left\"]<div class=\" cq-flipbox-container cq-rightleft\" data-frontbg=\"\" data-backbg=\"#eca549\" data-fontcolor=\"\" data-face1=\"cq-flipbox-front\" data-face2=\"cq-flipbox-back\" data-flipdirection=\"rightleft\" data-elementheight=\"\" data-avatarsize=\"80\" data-frontcontentcolor=\"\" data-backcontentcolor=\"#ffffff\" data-titlesize=\"\" data-contentsize=\"\" data-contentwidth=\"\" data-iconcolor=\"\" data-iconbg=\"\" data-elementmargin=\"\" data-elementwidth=\"\" data-cardborder=\"\" data-cardbordersize=\"1px\" data-bordercolor=\"\" data-backbuttonbg=\"\" data-backbuttonhoverbg=\"\" data-contentmargintop=\"\" data-cardshape=\"\" data-frontfullimage=\"https:\/\/alpenhaus-steinbock.ch\/wp-content\/uploads\/2018\/07\/Wohnung-OG-Ost.jpg\" data-avatartype=\"none\" data-backfullimage=\"\" data-backavatar=\"none\"><a href=\"\/index.php\/fr\/wohnung-og-ost-francais\/\" title=\"\" target=\"\" class=\"cq-flipbox-link\"><div class=\"cq-flipbox-flipper\"><div class=\"cq-flipbox-item cq-flipbox-front\"><div class=\"cq-flipbox-content\"><\/div><\/div><div class=\"cq-flipbox-item cq-flipbox-back\"><div class=\"cq-flipbox-content\"><h4 class=\"cq-flipbox-title\"> Cliquez ici...<\/h4>...pour plus d'informations et de photos<\/div><\/div><\/div><\/a><\/div>[vc_empty_space alter_height=\"medium\" hide_on_mobile=\"\"][vc_column_text]\r\n<h4 style=\"text-align: center;\">3\u00bd pi\u00e8ces 1.OG Ost<\/h4>\r\n<p style=\"text-align: center;\">min. 1, max 6 personnes<\/p>\r\n<p style=\"text-align: center;\"><a href=\"\/index.php\/fr\/wohnung-og-ost-francais\/\">Plus d'informations \/ photos<\/a><\/p>\r\n[\/vc_column_text][\/vc_column][\/vc_row]<\/div>[\/vc_tta_section][vc_tta_section title=\"\u00c9quipement\" tab_id=\"1490369526318-e25077c7-208f\"]<div class=\"sc_layouts sc_layouts_default sc_layouts_1620\">[vc_row row_delimiter=\"\" row_fixed=\"\" hide_on_tablet=\"\" hide_on_mobile=\"\" hide_on_frontpage=\"\" css=\".vc_custom_1532179288256{margin-top: -3em !important;}\"][vc_column width=\"1\/3\" icons_position=\"left\"]<div class=\" cq-flipbox-container cq-rightleft\" data-frontbg=\"\" data-backbg=\"#eca549\" data-fontcolor=\"\" data-face1=\"cq-flipbox-front\" data-face2=\"cq-flipbox-back\" data-flipdirection=\"rightleft\" data-elementheight=\"\" data-avatarsize=\"100\" data-frontcontentcolor=\"#eca549\" data-backcontentcolor=\"#ffffff\" data-titlesize=\"\" data-contentsize=\"\" data-contentwidth=\"\" data-iconcolor=\"\" data-iconbg=\"\" data-elementmargin=\"\" data-elementwidth=\"\" data-cardborder=\"\" data-cardbordersize=\"1px\" data-bordercolor=\"\" data-backbuttonbg=\"\" data-backbuttonhoverbg=\"\" data-contentmargintop=\"\" data-cardshape=\"\" data-frontfullimage=\"\" data-avatartype=\"icon\" data-backfullimage=\"\" data-backavatar=\"none\"><div class=\"cq-flipbox-flipper\"><div class=\"cq-flipbox-item cq-flipbox-front\"><div class=\"cq-flipbox-content\"><i class=\"cq-flipbox-cardavatar cq-shadow typcn typcn-wi-fi\"><\/i><h4 class=\"cq-flipbox-title\"> Wi-Fi gratuit<\/h4><\/div><\/div><div class=\"cq-flipbox-item cq-flipbox-back\"><div class=\"cq-flipbox-content\"><h4 class=\"cq-flipbox-title\"> TV, radio, internet<\/h4>TV, radio et Wi-Fi sont disponibles gratuitement dans tous les appartements<\/div><\/div><\/div><\/div>[\/vc_column][vc_column width=\"1\/3\" icons_position=\"left\"]<div class=\" cq-flipbox-container cq-rightleft\" data-frontbg=\"\" data-backbg=\"#eca549\" data-fontcolor=\"\" data-face1=\"cq-flipbox-front\" data-face2=\"cq-flipbox-back\" data-flipdirection=\"rightleft\" data-elementheight=\"\" data-avatarsize=\"100\" data-frontcontentcolor=\"#eca549\" data-backcontentcolor=\"#ffffff\" data-titlesize=\"\" data-contentsize=\"\" data-contentwidth=\"\" data-iconcolor=\"\" data-iconbg=\"\" data-elementmargin=\"\" data-elementwidth=\"\" data-cardborder=\"\" data-cardbordersize=\"1px\" data-bordercolor=\"\" data-backbuttonbg=\"\" data-backbuttonhoverbg=\"\" data-contentmargintop=\"\" data-cardshape=\"\" data-frontfullimage=\"\" data-avatartype=\"icon\" data-backfullimage=\"\" data-backavatar=\"none\"><div class=\"cq-flipbox-flipper\"><div class=\"cq-flipbox-item cq-flipbox-front\"><div class=\"cq-flipbox-content\"><i class=\"cq-flipbox-cardavatar cq-shadow typcn typcn-adjust-brightness\"><\/i><h4 class=\"cq-flipbox-title\"> Balcon \/ si\u00e8ge<\/h4><\/div><\/div><div class=\"cq-flipbox-item cq-flipbox-back\"><div class=\"cq-flipbox-content\"><h4 class=\"cq-flipbox-title\"> Balcon \/ si\u00e8ge<\/h4>Tous les appartements disposent d'un balcon ou d'une terrasse<\/div><\/div><\/div><\/div>[\/vc_column][vc_column width=\"1\/3\" icons_position=\"left\"]<div class=\" cq-flipbox-container cq-rightleft\" data-frontbg=\"\" data-backbg=\"#eca549\" data-fontcolor=\"\" data-face1=\"cq-flipbox-front\" data-face2=\"cq-flipbox-back\" data-flipdirection=\"rightleft\" data-elementheight=\"\" data-avatarsize=\"100\" data-frontcontentcolor=\"#eca549\" data-backcontentcolor=\"#ffffff\" data-titlesize=\"\" data-contentsize=\"\" data-contentwidth=\"\" data-iconcolor=\"\" data-iconbg=\"\" data-elementmargin=\"\" data-elementwidth=\"\" data-cardborder=\"\" data-cardbordersize=\"1px\" data-bordercolor=\"\" data-backbuttonbg=\"\" data-backbuttonhoverbg=\"\" data-contentmargintop=\"\" data-cardshape=\"\" data-frontfullimage=\"\" data-avatartype=\"icon\" data-backfullimage=\"\" data-backavatar=\"none\"><div class=\"cq-flipbox-flipper\"><div class=\"cq-flipbox-item cq-flipbox-front\"><div class=\"cq-flipbox-content\"><i class=\"cq-flipbox-cardavatar cq-shadow fa fa-car\"><\/i><h4 class=\"cq-flipbox-title\">parking<\/h4><\/div><\/div><div class=\"cq-flipbox-item cq-flipbox-back\"><div class=\"cq-flipbox-content\"><h4 class=\"cq-flipbox-title\">Saison d'hiver \/ taxi<\/h4>Parking r\u00e9serv\u00e9 \u00e0 M\u00f6rel (pendant la saison d'hiver)\r\n- Les clients b\u00e9n\u00e9ficient d'une r\u00e9duction de 50% sur le taxi<\/div><\/div><\/div><\/div>[\/vc_column][\/vc_row]<\/div>[\/vc_tta_section][vc_tta_section title=\"Loisir\" tab_id=\"1490369559225-fdc21af2-1289\"]<div class=\"sc_layouts sc_layouts_default sc_layouts_1618\">[vc_row row_delimiter=\"\" row_fixed=\"\" hide_on_tablet=\"\" hide_on_mobile=\"\" hide_on_frontpage=\"\" css=\".vc_custom_1532179288256{margin-top: -3em !important;}\"][vc_column width=\"1\/3\" icons_position=\"left\"]<div class=\" cq-flipbox-container cq-rightleft\" data-frontbg=\"\" data-backbg=\"#eca549\" data-fontcolor=\"\" data-face1=\"cq-flipbox-front\" data-face2=\"cq-flipbox-back\" data-flipdirection=\"rightleft\" data-elementheight=\"\" data-avatarsize=\"100\" data-frontcontentcolor=\"#eca549\" data-backcontentcolor=\"#ffffff\" data-titlesize=\"\" data-contentsize=\"\" data-contentwidth=\"\" data-iconcolor=\"\" data-iconbg=\"\" data-elementmargin=\"\" data-elementwidth=\"\" data-cardborder=\"\" data-cardbordersize=\"1px\" data-bordercolor=\"\" data-backbuttonbg=\"\" data-backbuttonhoverbg=\"\" data-contentmargintop=\"\" data-cardshape=\"\" data-frontfullimage=\"https:\/\/alpenhaus-steinbock.ch\/wp-content\/uploads\/2018\/07\/golfclub.jpg\" data-avatartype=\"none\" data-backfullimage=\"\" data-backavatar=\"none\"><div class=\"cq-flipbox-flipper\"><div class=\"cq-flipbox-item cq-flipbox-front\"><div class=\"cq-flipbox-content\"><\/div><\/div><div class=\"cq-flipbox-item cq-flipbox-back\"><div class=\"cq-flipbox-content\"><h4 class=\"cq-flipbox-title\"> Club de golf Riederalp<\/h4>Golf pour tout le monde - des d\u00e9butants aux professionnels. Golf de 9 trous \u00e0 2000 m d'altitude.<\/div><\/div><\/div><\/div>[\/vc_column][vc_column width=\"1\/3\" icons_position=\"left\"]<div class=\" cq-flipbox-container cq-rightleft\" data-frontbg=\"\" data-backbg=\"#eca549\" data-fontcolor=\"\" data-face1=\"cq-flipbox-front\" data-face2=\"cq-flipbox-back\" data-flipdirection=\"rightleft\" data-elementheight=\"\" data-avatarsize=\"100\" data-frontcontentcolor=\"#eca549\" data-backcontentcolor=\"#ffffff\" data-titlesize=\"\" data-contentsize=\"\" data-contentwidth=\"\" data-iconcolor=\"\" data-iconbg=\"\" data-elementmargin=\"\" data-elementwidth=\"\" data-cardborder=\"\" data-cardbordersize=\"1px\" data-bordercolor=\"\" data-backbuttonbg=\"\" data-backbuttonhoverbg=\"\" data-contentmargintop=\"\" data-cardshape=\"\" data-frontfullimage=\"https:\/\/alpenhaus-steinbock.ch\/wp-content\/uploads\/2018\/07\/Riederalp.jpg\" data-avatartype=\"none\" data-backfullimage=\"\" data-backavatar=\"none\"><div class=\"cq-flipbox-flipper\"><div class=\"cq-flipbox-item cq-flipbox-front\"><div class=\"cq-flipbox-content\"><\/div><\/div><div class=\"cq-flipbox-item cq-flipbox-back\"><div class=\"cq-flipbox-content\"><h4 class=\"cq-flipbox-title\">Aletsch Arena<\/h4>Au milieu de la belle r\u00e9gion de ski et de randonn\u00e9e. 104 km de pistes en hiver et en \u00e9t\u00e9, la r\u00e9gion comprend 150 km de sentiers de randonn\u00e9e et 100 km de sentiers de v\u00e9lo de montagne.<\/div><\/div><\/div><\/div>[\/vc_column][vc_column width=\"1\/3\" icons_position=\"left\"]<div class=\" cq-flipbox-container cq-rightleft\" data-frontbg=\"\" data-backbg=\"#eca549\" data-fontcolor=\"\" data-face1=\"cq-flipbox-front\" data-face2=\"cq-flipbox-back\" data-flipdirection=\"rightleft\" data-elementheight=\"\" data-avatarsize=\"100\" data-frontcontentcolor=\"#eca549\" data-backcontentcolor=\"#ffffff\" data-titlesize=\"\" data-contentsize=\"\" data-contentwidth=\"\" data-iconcolor=\"\" data-iconbg=\"\" data-elementmargin=\"\" data-elementwidth=\"\" data-cardborder=\"\" data-cardbordersize=\"1px\" data-bordercolor=\"\" data-backbuttonbg=\"\" data-backbuttonhoverbg=\"\" data-contentmargintop=\"\" data-cardshape=\"\" data-frontfullimage=\"https:\/\/alpenhaus-steinbock.ch\/wp-content\/uploads\/2018\/07\/aletschgletscher.jpg\" data-avatartype=\"none\" data-backfullimage=\"\" data-backavatar=\"none\"><a href=\"https:\/\/3color.ch\/alpenhaus-steinbock\/index.php\/fr\/impression-francais\/\" title=\"\" target=\"\" class=\"cq-flipbox-link\"><div class=\"cq-flipbox-flipper\"><div class=\"cq-flipbox-item cq-flipbox-front\"><div class=\"cq-flipbox-content\"><\/div><\/div><div class=\"cq-flipbox-item cq-flipbox-back\"><div class=\"cq-flipbox-content\"><h4 class=\"cq-flipbox-title\">Impressions \/ Galerie<\/h4>Vacances au paradis - Cliquez pour plus de photos et d'impressions ICI<\/div><\/div><\/div><\/a><\/div>[\/vc_column][\/vc_row]<\/div>[\/vc_tta_section][\/vc_tta_tabs][vc_empty_space alter_height=\"medium\" hide_on_mobile=\"\"][\/vc_column][\/vc_row]<\/div>[vc_empty_space alter_height=&#187;small&#187; hide_on_mobile=&#187;&#187;][\/vc_column][\/vc_row]<\/p>\n","protected":false},"excerpt":{"rendered":"<p>[vc_row][vc_column][vc_empty_space alter_height=&#187;medium&#187; hide_on_mobile=&#187;&#187; css=&#187;.vc_custom_1532180509564{margin-top: -0.4rem !important;}&#187;][vc_empty_space alter_height=&#187;large&#187; hide_on_mobile=&#187;&#187; css=&#187;.vc_custom_1532180517193{margin-top: 0.3rem !important;}&#187;][vc_column_text] Emplacement L&#8217;Alpenhaus Steinbock b\u00e9n\u00e9ficie d&#8217;un excellent emplacement au c\u0153ur du Riederalp. De la maison, vous pouvez atteindre en environ 8 minutes la station de t\u00e9l\u00e9ph\u00e9rique, les magasins, la poste, la circulation, le golf et l&#8217;\u00e9cole de ski. Dans le voisinage imm\u00e9diat de la maison est l&#8217;ascenseur d&#8217;entra\u00eenement. Vous avez&hellip;<\/p>\n","protected":false},"author":1,"featured_media":0,"parent":0,"menu_order":0,"comment_status":"closed","ping_status":"closed","template":"","meta":{"footnotes":""},"_links":{"self":[{"href":"https:\/\/alpenhaus-steinbock.ch\/index.php\/wp-json\/wp\/v2\/pages\/1437"}],"collection":[{"href":"https:\/\/alpenhaus-steinbock.ch\/index.php\/wp-json\/wp\/v2\/pages"}],"about":[{"href":"https:\/\/alpenhaus-steinbock.ch\/index.php\/wp-json\/wp\/v2\/types\/page"}],"author":[{"embeddable":true,"href":"https:\/\/alpenhaus-steinbock.ch\/index.php\/wp-json\/wp\/v2\/users\/1"}],"replies":[{"embeddable":true,"href":"https:\/\/alpenhaus-steinbock.ch\/index.php\/wp-json\/wp\/v2\/comments?post=1437"}],"version-history":[{"count":6,"href":"https:\/\/alpenhaus-steinbock.ch\/index.php\/wp-json\/wp\/v2\/pages\/1437\/revisions"}],"predecessor-version":[{"id":1773,"href":"https:\/\/alpenhaus-steinbock.ch\/index.php\/wp-json\/wp\/v2\/pages\/1437\/revisions\/1773"}],"wp:attachment":[{"href":"https:\/\/alpenhaus-steinbock.ch\/index.php\/wp-json\/wp\/v2\/media?parent=1437"}],"curies":[{"name":"wp","href":"https:\/\/api.w.org\/{rel}","templated":true}]}}