{"id":1404,"date":"2018-07-22T13:37:06","date_gmt":"2018-07-22T13:37:06","guid":{"rendered":"https:\/\/3color.ch\/alpenhaus-steinbock\/?page_id=1404"},"modified":"2020-12-10T14:48:20","modified_gmt":"2020-12-10T14:48:20","slug":"wohnung-eg-francais","status":"publish","type":"page","link":"https:\/\/alpenhaus-steinbock.ch\/index.php\/fr\/wohnung-eg-francais\/","title":{"rendered":"3\u00bd Wohnung EG &#8211; Francais"},"content":{"rendered":"<p>[vc_row equal_height=&#187;yes&#187; content_placement=&#187;middle&#187;][vc_column offset=&#187;vc_col-md-6&#8243;][vc_empty_space alter_height=&#187;huge&#187; hide_on_mobile=&#187;&#187;]<div class=\"cq-homeslider customized tinyshadow \" data-captiontop=\"\" data-captionleft=\"\" data-delaytime=\"no\" data-minheight=\"\" data-maxheight=\"\" data-contentbackground=\"rgba(236,165,73,0.77)\" data-vc-stretch-content=\"true\" data-captionwidth=\"\" data-imagestretch=\"default\" data-contentcolor=\"\"><div class=\"cq-homeslider-area btn-medium\"><div class=\"cq-homeslider-cover\"><div class=\"cq-homeslider-itemcontainer\"><div class=\"cq-homeslider-imageitem\"><img decoding=\"async\" src=\"https:\/\/alpenhaus-steinbock.ch\/wp-content\/uploads\/2018\/07\/Wohnen-3-1.jpg\" class=\"cq-homeslider-image\" alt=\"\"\n><\/div><div class=\"cq-homeslider-imageitem\"><img decoding=\"async\" src=\"https:\/\/alpenhaus-steinbock.ch\/wp-content\/uploads\/2018\/07\/Zimmer-1.jpg\" class=\"cq-homeslider-image\" alt=\"\"\n><\/div><\/div><\/div><div class=\"cq-homeslider-contentcontainer square\"><div class=\"cq-homeslider-content\"><div class=\"cq-homeslider-contentitem\"><h4 class=\"cq-homeslider-title\"><\/h4>\n<p><big><strong>Informations g\u00e9n\u00e9rales<\/strong><\/big><\/p>\n<ul>\n<li>min. 1, max 5 personnes<\/li>\n<li>Animaux non admis<\/li>\n<li>Chambres non-fumeurs<\/li>\n<\/ul>\n<p><\/div><div class=\"cq-homeslider-contentitem\">\n<p><big><strong>Appartement<\/strong><\/big><\/p>\n<ul>\n<li>1 chambre double (parents)<\/li>\n<li>Chambre d&#8217;enfants (lit superpos\u00e9 et lit simple)<\/li>\n<li>Douche \/ WC<\/li>\n<li>Cuisine spacieuse avec lave-vaisselle<\/li>\n<li>Salon et salle \u00e0 manger<\/li>\n<li>Beau si\u00e8ge (sud-ouest)<\/li>\n<\/ul>\n<p><br \/>\n<big><\/big><\/p>\n<p><\/div><div class=\"cq-homeslider-contentitem\">\n<p><big><strong>Prix<\/strong><\/big><\/p>\n<p><strong>Saison A: CHF 210.- \/ Jour<br \/>\n<\/strong>20.12.2019 &#8211; 04.01.2020<br \/>\n25.01.2020 &#8211; 07.03.2020<br \/>\n04.04.2020 &#8211; 18.04.2020<\/p>\n<p><strong>Saison B: CHF 190.- \/ Jour<br \/>\n<\/strong>04.01.2020 &#8211; 25.01.2020<br \/>\n07.03.2020 &#8211; 04.04.2020<\/p>\n<p><strong>Saison d&#8217;\u00e9t\u00e9: CHF 120.- \/ Jour<br \/>\n<\/strong>01.06.2020 &#8211; 01.11.2020<\/p>\n<p><\/p>\n<p><\/div><\/div><div class=\"cq-homeslider-navigation btn-medium\"><div class=\"homeslider-navigation-prev\"><i class=\"cq-homeslider-icon entypo-icon entypo-icon-left-open-big\"><\/i><\/div><div class=\"homeslider-navigation-next\"><i class=\"cq-homeslider-icon entypo-icon entypo-icon-right-open-big\"><\/i><\/div><\/div><\/div><\/div><\/div>[vc_empty_space alter_height=&#187;huge&#187; hide_on_mobile=&#187;1&#8243; css=&#187;.vc_custom_1492425939927{margin-top: 1.2rem !important;}&#187;][\/vc_column][vc_column css=&#187;.vc_custom_1492425874349{padding-left: 55px !important;}&#187; el_class=&#187;welcome_column&#187; offset=&#187;vc_col-md-6&#8243;][vc_empty_space alter_height=&#187;huge&#187; hide_on_mobile=&#187;&#187;]<div id=\"sc_title_487966741\"\n\t\tclass=\"sc_title sc_title_default\"><h6 class=\"sc_item_subtitle sc_title_subtitle sc_align_left sc_item_title_style_default\">Alpenhaus Steinbock<\/h6><h3 class=\"sc_item_title sc_title_title sc_align_left sc_item_title_style_default\">3\u00bd pi\u00e8ces EG<\/h3><\/div><!-- \/.sc_title -->[vc_empty_space hide_on_mobile=&#187;&#187; css=&#187;.vc_custom_1492073785547{margin-top: 0.3rem !important;}&#187;][vc_column_text]L\u2019appartement est clair et ensoleill\u00e9. Le salon est \u00e9quip\u00e9 de fauteuils confortables et d\u2019une tv satellite. WLAN gratuit! Sol chauffant.\u00a0La cuisine est bien \u00e9quip\u00e9e avec lave-vaisselle, plaques de cuisson en vitro-c\u00e9ramique, \u00e9tuve \u00e0 circulation d\u2019air, grill-raclette, set \u00e0 Fondue, grill-pain, mixeur, bouilloire \u00e9lectrique, machine \u00e0 caf\u00e9.\u00a0Une chambre \u00e0 coucher avec 2 lits individuels et une chambre \u00e0 coucher avec 1 lit individuel et 2 lits superpos\u00e9s.\u00a0Cabinet avec douche et toilette, s\u00e8che-cheveux et chauffage d\u2019essuie-mains.<\/p>\n<p>Terrasse avec table et chaises et avec une vue merveilleuse sur les Alpes Valaisannes ! En \u00e9t\u00e9, un petit grill \u00e0 bois est \u00e0 votre disposition.<\/p>\n<p>En hiver nos h\u00f4tes estiment le chauffage pour souliers de ski au ski room.[\/vc_column_text][vc_empty_space alter_height=&#187;medium&#187; hide_on_mobile=&#187;&#187; css=&#187;.vc_custom_1492073851908{margin-top: -0.1rem !important;}&#187;]<a href=\"https:\/\/direct.bookingandmore.com\/accommodation\/719e4752-6dc0-4208-8811-0e10f09c5b8c?lang=fr\" id=\"sc_button_2092343930\" class=\"sc_button sc_button_default sc_button_size_large sc_button_icon_left\"><span class=\"sc_button_text\"><span class=\"sc_button_title\">R\u00e9servez l&#039;appartement<\/span><\/span><!-- \/.sc_button_text --><\/a><!-- \/.sc_button -->[vc_empty_space alter_height=&#187;huge&#187; hide_on_mobile=&#187;&#187;][\/vc_column][\/vc_row][vc_row][vc_column][vc_column_text]<\/p>\n<p>&nbsp;<\/p>\n<p>[\/vc_column_text][\/vc_column][\/vc_row][vc_row][vc_column][vc_empty_space hide_on_mobile=&#187;&#187;]<div id=\"sc_title_1778728571\"\n\t\tclass=\"sc_title sc_title_default\"><h6 class=\"sc_item_subtitle sc_title_subtitle sc_align_center sc_item_title_style_default\">3\u00bd pi\u00e8ces EG<\/h6><h3 class=\"sc_item_title sc_title_title sc_align_center sc_item_title_style_default\">Les photos<\/h3><\/div><!-- \/.sc_title -->[vc_empty_space alter_height=&#187;medium&#187; hide_on_mobile=&#187;&#187;]<div class=\"sc_layouts sc_layouts_default sc_layouts_1244\">[vc_row][vc_column icons_position=\"left\"]<div class=\"cq-medium-gallery\" data-gallerywidth=\"\" data-background=\"\" data-layoutno=\"21343522341234232233\" data-lowreswidth=\"\" data-gutter=\"10px\" style=\"margin:0 auto;\"><img decoding=\"async\" src=\"https:\/\/alpenhaus-steinbock.ch\/wp-content\/uploads\/2018\/07\/Wohnen-1.jpg\" data-highres=\"https:\/\/alpenhaus-steinbock.ch\/wp-content\/uploads\/2018\/07\/Wohnen-1.jpg\" class=\"mediumgallery-img \" title=\"\" alt=\"\" \/><img decoding=\"async\" src=\"https:\/\/alpenhaus-steinbock.ch\/wp-content\/uploads\/2018\/07\/Wohnen-3.jpg\" data-highres=\"https:\/\/alpenhaus-steinbock.ch\/wp-content\/uploads\/2018\/07\/Wohnen-3.jpg\" class=\"mediumgallery-img \" title=\"\" alt=\"\" \/><\/div>[vc_empty_space height=\"10px\" alter_height=\"none\" hide_on_mobile=\"\"]<div class=\"cq-medium-gallery\" data-gallerywidth=\"\" data-background=\"\" data-layoutno=\"21343522341234232233\" data-lowreswidth=\"\" data-gutter=\"10px\" style=\"margin:0 auto;\"><img decoding=\"async\" src=\"https:\/\/alpenhaus-steinbock.ch\/wp-content\/uploads\/2018\/07\/Eingang.jpg\" data-highres=\"https:\/\/alpenhaus-steinbock.ch\/wp-content\/uploads\/2018\/07\/Eingang.jpg\" class=\"mediumgallery-img \" title=\"\" alt=\"\" \/><img decoding=\"async\" src=\"https:\/\/alpenhaus-steinbock.ch\/wp-content\/uploads\/2018\/07\/Wohnen-2.jpg\" data-highres=\"https:\/\/alpenhaus-steinbock.ch\/wp-content\/uploads\/2018\/07\/Wohnen-2.jpg\" class=\"mediumgallery-img \" title=\"\" alt=\"\" \/><img decoding=\"async\" src=\"https:\/\/alpenhaus-steinbock.ch\/wp-content\/uploads\/2018\/07\/Sitzplatz.jpg\" data-highres=\"https:\/\/alpenhaus-steinbock.ch\/wp-content\/uploads\/2018\/07\/Sitzplatz.jpg\" class=\"mediumgallery-img \" title=\"\" alt=\"\" \/><\/div>[vc_empty_space height=\"10px\" alter_height=\"none\" hide_on_mobile=\"\"]<div class=\"cq-medium-gallery\" data-gallerywidth=\"\" data-background=\"\" data-layoutno=\"21343522341234232233\" data-lowreswidth=\"\" data-gutter=\"10px\" style=\"margin:0 auto;\"><img decoding=\"async\" src=\"https:\/\/alpenhaus-steinbock.ch\/wp-content\/uploads\/2018\/07\/Du-WC-e1532077376742.jpg\" data-highres=\"https:\/\/alpenhaus-steinbock.ch\/wp-content\/uploads\/2018\/07\/Du-WC-e1532077376742.jpg\" class=\"mediumgallery-img \" title=\"\" alt=\"\" \/><img decoding=\"async\" src=\"https:\/\/alpenhaus-steinbock.ch\/wp-content\/uploads\/2018\/07\/Kinderzimmer.jpg\" data-highres=\"https:\/\/alpenhaus-steinbock.ch\/wp-content\/uploads\/2018\/07\/Kinderzimmer.jpg\" class=\"mediumgallery-img \" title=\"\" alt=\"\" \/><img decoding=\"async\" src=\"https:\/\/alpenhaus-steinbock.ch\/wp-content\/uploads\/2018\/07\/Zimmer.jpg\" data-highres=\"https:\/\/alpenhaus-steinbock.ch\/wp-content\/uploads\/2018\/07\/Zimmer.jpg\" class=\"mediumgallery-img \" title=\"\" alt=\"\" \/><\/div>[vc_empty_space hide_on_mobile=\"\"][\/vc_column][\/vc_row]<\/div>[vc_empty_space hide_on_mobile=&#187;&#187;][\/vc_column][\/vc_row][vc_row][\/vc_row][vc_column][\/vc_column][vc_empty_space alter_height=&#187;huge&#187; hide_on_mobile=&#187;&#187; css=&#187;.vc_custom_1492072195660{margin-top: -0.65rem !important;}&#187;]<div class=\"sc_layouts sc_layouts_default sc_layouts_1625\">[vc_row][vc_column icons_position=\"left\"]<div class=\"sc_layouts_item\"><div id=\"sc_title_1477318367\"\n\t\tclass=\"sc_title sc_title_default\"><h6 class=\"sc_item_subtitle sc_title_subtitle sc_align_center sc_item_title_style_default\">Alpenhaus Steinbock<\/h6><h1 class=\"sc_item_title sc_title_title sc_align_center sc_item_title_style_default sc_item_title_tag\"> Offre et loisirs<\/h1><\/div><!-- \/.sc_title --><\/div>[vc_empty_space alter_height=\"medium\" hide_on_mobile=\"\" css=\".vc_custom_1491654928648{margin-top: -0.5rem !important;}\"][vc_tta_tabs spacing=\"\" alignment=\"center\" active_section=\"1\" no_fill_content_area=\"true\"][vc_tta_section title=\"Bo\u00eetier\" tab_id=\"1490369526311-f94eb064-a2dc\"]<div class=\"sc_layouts sc_layouts_default sc_layouts_1619\">[vc_row row_delimiter=\"\" row_fixed=\"\" hide_on_tablet=\"\" hide_on_mobile=\"\" hide_on_frontpage=\"\" css=\".vc_custom_1532179288256{margin-top: -3em !important;}\"][vc_column width=\"1\/3\" icons_position=\"left\"]<div class=\" cq-flipbox-container cq-rightleft\" data-frontbg=\"\" data-backbg=\"#eca549\" data-fontcolor=\"\" data-face1=\"cq-flipbox-front\" data-face2=\"cq-flipbox-back\" data-flipdirection=\"rightleft\" data-elementheight=\"\" data-avatarsize=\"80\" data-frontcontentcolor=\"\" data-backcontentcolor=\"#ffffff\" data-titlesize=\"\" data-contentsize=\"\" data-contentwidth=\"\" data-iconcolor=\"\" data-iconbg=\"\" data-elementmargin=\"\" data-elementwidth=\"\" data-cardborder=\"\" data-cardbordersize=\"1px\" data-bordercolor=\"\" data-backbuttonbg=\"\" data-backbuttonhoverbg=\"\" data-contentmargintop=\"\" data-cardshape=\"\" data-frontfullimage=\"https:\/\/alpenhaus-steinbock.ch\/wp-content\/uploads\/2018\/07\/Wohnung-EG.jpg\" data-avatartype=\"none\" data-backfullimage=\"\" data-backavatar=\"none\"><a href=\"\/index.php\/fr\/wohnung-eg-francais\/\" title=\"\" target=\"\" class=\"cq-flipbox-link\"><div class=\"cq-flipbox-flipper\"><div class=\"cq-flipbox-item cq-flipbox-front\"><div class=\"cq-flipbox-content\"><\/div><\/div><div class=\"cq-flipbox-item cq-flipbox-back\"><div class=\"cq-flipbox-content\"><h4 class=\"cq-flipbox-title\"> Cliquez ici...<\/h4>...pour plus d'informations et de photos<\/div><\/div><\/div><\/a><\/div>[vc_empty_space alter_height=\"medium\" hide_on_mobile=\"\"][vc_column_text]\r\n<h4 style=\"text-align: center;\">3\u00bd pi\u00e8ces EG<\/h4>\r\n<p style=\"text-align: center;\">min. 1, max 5 personnes<\/p>\r\n<p style=\"text-align: center;\"><a href=\"\/index.php\/fr\/wohnung-eg-francais\/\">Plus d'informations \/ photos<\/a><\/p>\r\n[\/vc_column_text][\/vc_column][vc_column width=\"1\/3\" icons_position=\"left\"]<div class=\" cq-flipbox-container cq-rightleft\" data-frontbg=\"\" data-backbg=\"#eca549\" data-fontcolor=\"\" data-face1=\"cq-flipbox-front\" data-face2=\"cq-flipbox-back\" data-flipdirection=\"rightleft\" data-elementheight=\"\" data-avatarsize=\"80\" data-frontcontentcolor=\"\" data-backcontentcolor=\"#ffffff\" data-titlesize=\"\" data-contentsize=\"\" data-contentwidth=\"\" data-iconcolor=\"\" data-iconbg=\"\" data-elementmargin=\"\" data-elementwidth=\"\" data-cardborder=\"\" data-cardbordersize=\"1px\" data-bordercolor=\"\" data-backbuttonbg=\"\" data-backbuttonhoverbg=\"\" data-contentmargintop=\"\" data-cardshape=\"\" data-frontfullimage=\"https:\/\/alpenhaus-steinbock.ch\/wp-content\/uploads\/2018\/07\/Wohnung-OG-West.jpg\" data-avatartype=\"none\" data-backfullimage=\"\" data-backavatar=\"none\"><a href=\"\/index.php\/fr\/wohnung-og-west-francais\/\" title=\"\" target=\"\" class=\"cq-flipbox-link\"><div class=\"cq-flipbox-flipper\"><div class=\"cq-flipbox-item cq-flipbox-front\"><div class=\"cq-flipbox-content\"><\/div><\/div><div class=\"cq-flipbox-item cq-flipbox-back\"><div class=\"cq-flipbox-content\"><h4 class=\"cq-flipbox-title\"> Cliquez ici...<\/h4>...pour plus d'informations et de photos<\/div><\/div><\/div><\/a><\/div>[vc_empty_space alter_height=\"medium\" hide_on_mobile=\"\"][vc_column_text]\r\n<h4 style=\"text-align: center;\">3\u00bd pi\u00e8ces 1.OG West<\/h4>\r\n<p style=\"text-align: center;\">min. 1, max 6 personnes<\/p>\r\n<p style=\"text-align: center;\"><a href=\"\/index.php\/fr\/wohnung-og-west-francais\/\">Plus d'informations \/ photos<\/a><\/p>\r\n[\/vc_column_text][\/vc_column][vc_column width=\"1\/3\" icons_position=\"left\"]<div class=\" cq-flipbox-container cq-rightleft\" data-frontbg=\"\" data-backbg=\"#eca549\" data-fontcolor=\"\" data-face1=\"cq-flipbox-front\" data-face2=\"cq-flipbox-back\" data-flipdirection=\"rightleft\" data-elementheight=\"\" data-avatarsize=\"80\" data-frontcontentcolor=\"\" data-backcontentcolor=\"#ffffff\" data-titlesize=\"\" data-contentsize=\"\" data-contentwidth=\"\" data-iconcolor=\"\" data-iconbg=\"\" data-elementmargin=\"\" data-elementwidth=\"\" data-cardborder=\"\" data-cardbordersize=\"1px\" data-bordercolor=\"\" data-backbuttonbg=\"\" data-backbuttonhoverbg=\"\" data-contentmargintop=\"\" data-cardshape=\"\" data-frontfullimage=\"https:\/\/alpenhaus-steinbock.ch\/wp-content\/uploads\/2018\/07\/Wohnung-OG-Ost.jpg\" data-avatartype=\"none\" data-backfullimage=\"\" data-backavatar=\"none\"><a href=\"\/index.php\/fr\/wohnung-og-ost-francais\/\" title=\"\" target=\"\" class=\"cq-flipbox-link\"><div class=\"cq-flipbox-flipper\"><div class=\"cq-flipbox-item cq-flipbox-front\"><div class=\"cq-flipbox-content\"><\/div><\/div><div class=\"cq-flipbox-item cq-flipbox-back\"><div class=\"cq-flipbox-content\"><h4 class=\"cq-flipbox-title\"> Cliquez ici...<\/h4>...pour plus d'informations et de photos<\/div><\/div><\/div><\/a><\/div>[vc_empty_space alter_height=\"medium\" hide_on_mobile=\"\"][vc_column_text]\r\n<h4 style=\"text-align: center;\">3\u00bd pi\u00e8ces 1.OG Ost<\/h4>\r\n<p style=\"text-align: center;\">min. 1, max 6 personnes<\/p>\r\n<p style=\"text-align: center;\"><a href=\"\/index.php\/fr\/wohnung-og-ost-francais\/\">Plus d'informations \/ photos<\/a><\/p>\r\n[\/vc_column_text][\/vc_column][\/vc_row]<\/div>[\/vc_tta_section][vc_tta_section title=\"\u00c9quipement\" tab_id=\"1490369526318-e25077c7-208f\"]<div class=\"sc_layouts sc_layouts_default sc_layouts_1620\">[vc_row row_delimiter=\"\" row_fixed=\"\" hide_on_tablet=\"\" hide_on_mobile=\"\" hide_on_frontpage=\"\" css=\".vc_custom_1532179288256{margin-top: -3em !important;}\"][vc_column width=\"1\/3\" icons_position=\"left\"]<div class=\" cq-flipbox-container cq-rightleft\" data-frontbg=\"\" data-backbg=\"#eca549\" data-fontcolor=\"\" data-face1=\"cq-flipbox-front\" data-face2=\"cq-flipbox-back\" data-flipdirection=\"rightleft\" data-elementheight=\"\" data-avatarsize=\"100\" data-frontcontentcolor=\"#eca549\" data-backcontentcolor=\"#ffffff\" data-titlesize=\"\" data-contentsize=\"\" data-contentwidth=\"\" data-iconcolor=\"\" data-iconbg=\"\" data-elementmargin=\"\" data-elementwidth=\"\" data-cardborder=\"\" data-cardbordersize=\"1px\" data-bordercolor=\"\" data-backbuttonbg=\"\" data-backbuttonhoverbg=\"\" data-contentmargintop=\"\" data-cardshape=\"\" data-frontfullimage=\"\" data-avatartype=\"icon\" data-backfullimage=\"\" data-backavatar=\"none\"><div class=\"cq-flipbox-flipper\"><div class=\"cq-flipbox-item cq-flipbox-front\"><div class=\"cq-flipbox-content\"><i class=\"cq-flipbox-cardavatar cq-shadow typcn typcn-wi-fi\"><\/i><h4 class=\"cq-flipbox-title\"> Wi-Fi gratuit<\/h4><\/div><\/div><div class=\"cq-flipbox-item cq-flipbox-back\"><div class=\"cq-flipbox-content\"><h4 class=\"cq-flipbox-title\"> TV, radio, internet<\/h4>TV, radio et Wi-Fi sont disponibles gratuitement dans tous les appartements<\/div><\/div><\/div><\/div>[\/vc_column][vc_column width=\"1\/3\" icons_position=\"left\"]<div class=\" cq-flipbox-container cq-rightleft\" data-frontbg=\"\" data-backbg=\"#eca549\" data-fontcolor=\"\" data-face1=\"cq-flipbox-front\" data-face2=\"cq-flipbox-back\" data-flipdirection=\"rightleft\" data-elementheight=\"\" data-avatarsize=\"100\" data-frontcontentcolor=\"#eca549\" data-backcontentcolor=\"#ffffff\" data-titlesize=\"\" data-contentsize=\"\" data-contentwidth=\"\" data-iconcolor=\"\" data-iconbg=\"\" data-elementmargin=\"\" data-elementwidth=\"\" data-cardborder=\"\" data-cardbordersize=\"1px\" data-bordercolor=\"\" data-backbuttonbg=\"\" data-backbuttonhoverbg=\"\" data-contentmargintop=\"\" data-cardshape=\"\" data-frontfullimage=\"\" data-avatartype=\"icon\" data-backfullimage=\"\" data-backavatar=\"none\"><div class=\"cq-flipbox-flipper\"><div class=\"cq-flipbox-item cq-flipbox-front\"><div class=\"cq-flipbox-content\"><i class=\"cq-flipbox-cardavatar cq-shadow typcn typcn-adjust-brightness\"><\/i><h4 class=\"cq-flipbox-title\"> Balcon \/ si\u00e8ge<\/h4><\/div><\/div><div class=\"cq-flipbox-item cq-flipbox-back\"><div class=\"cq-flipbox-content\"><h4 class=\"cq-flipbox-title\"> Balcon \/ si\u00e8ge<\/h4>Tous les appartements disposent d'un balcon ou d'une terrasse<\/div><\/div><\/div><\/div>[\/vc_column][vc_column width=\"1\/3\" icons_position=\"left\"]<div class=\" cq-flipbox-container cq-rightleft\" data-frontbg=\"\" data-backbg=\"#eca549\" data-fontcolor=\"\" data-face1=\"cq-flipbox-front\" data-face2=\"cq-flipbox-back\" data-flipdirection=\"rightleft\" data-elementheight=\"\" data-avatarsize=\"100\" data-frontcontentcolor=\"#eca549\" data-backcontentcolor=\"#ffffff\" data-titlesize=\"\" data-contentsize=\"\" data-contentwidth=\"\" data-iconcolor=\"\" data-iconbg=\"\" data-elementmargin=\"\" data-elementwidth=\"\" data-cardborder=\"\" data-cardbordersize=\"1px\" data-bordercolor=\"\" data-backbuttonbg=\"\" data-backbuttonhoverbg=\"\" data-contentmargintop=\"\" data-cardshape=\"\" data-frontfullimage=\"\" data-avatartype=\"icon\" data-backfullimage=\"\" data-backavatar=\"none\"><div class=\"cq-flipbox-flipper\"><div class=\"cq-flipbox-item cq-flipbox-front\"><div class=\"cq-flipbox-content\"><i class=\"cq-flipbox-cardavatar cq-shadow fa fa-car\"><\/i><h4 class=\"cq-flipbox-title\">parking<\/h4><\/div><\/div><div class=\"cq-flipbox-item cq-flipbox-back\"><div class=\"cq-flipbox-content\"><h4 class=\"cq-flipbox-title\">Saison d'hiver \/ taxi<\/h4>Parking r\u00e9serv\u00e9 \u00e0 M\u00f6rel (pendant la saison d'hiver)\r\n- Les clients b\u00e9n\u00e9ficient d'une r\u00e9duction de 50% sur le taxi<\/div><\/div><\/div><\/div>[\/vc_column][\/vc_row]<\/div>[\/vc_tta_section][vc_tta_section title=\"Loisir\" tab_id=\"1490369559225-fdc21af2-1289\"]<div class=\"sc_layouts sc_layouts_default sc_layouts_1618\">[vc_row row_delimiter=\"\" row_fixed=\"\" hide_on_tablet=\"\" hide_on_mobile=\"\" hide_on_frontpage=\"\" css=\".vc_custom_1532179288256{margin-top: -3em !important;}\"][vc_column width=\"1\/3\" icons_position=\"left\"]<div class=\" cq-flipbox-container cq-rightleft\" data-frontbg=\"\" data-backbg=\"#eca549\" data-fontcolor=\"\" data-face1=\"cq-flipbox-front\" data-face2=\"cq-flipbox-back\" data-flipdirection=\"rightleft\" data-elementheight=\"\" data-avatarsize=\"100\" data-frontcontentcolor=\"#eca549\" data-backcontentcolor=\"#ffffff\" data-titlesize=\"\" data-contentsize=\"\" data-contentwidth=\"\" data-iconcolor=\"\" data-iconbg=\"\" data-elementmargin=\"\" data-elementwidth=\"\" data-cardborder=\"\" data-cardbordersize=\"1px\" data-bordercolor=\"\" data-backbuttonbg=\"\" data-backbuttonhoverbg=\"\" data-contentmargintop=\"\" data-cardshape=\"\" data-frontfullimage=\"https:\/\/alpenhaus-steinbock.ch\/wp-content\/uploads\/2018\/07\/golfclub.jpg\" data-avatartype=\"none\" data-backfullimage=\"\" data-backavatar=\"none\"><div class=\"cq-flipbox-flipper\"><div class=\"cq-flipbox-item cq-flipbox-front\"><div class=\"cq-flipbox-content\"><\/div><\/div><div class=\"cq-flipbox-item cq-flipbox-back\"><div class=\"cq-flipbox-content\"><h4 class=\"cq-flipbox-title\"> Club de golf Riederalp<\/h4>Golf pour tout le monde - des d\u00e9butants aux professionnels. Golf de 9 trous \u00e0 2000 m d'altitude.<\/div><\/div><\/div><\/div>[\/vc_column][vc_column width=\"1\/3\" icons_position=\"left\"]<div class=\" cq-flipbox-container cq-rightleft\" data-frontbg=\"\" data-backbg=\"#eca549\" data-fontcolor=\"\" data-face1=\"cq-flipbox-front\" data-face2=\"cq-flipbox-back\" data-flipdirection=\"rightleft\" data-elementheight=\"\" data-avatarsize=\"100\" data-frontcontentcolor=\"#eca549\" data-backcontentcolor=\"#ffffff\" data-titlesize=\"\" data-contentsize=\"\" data-contentwidth=\"\" data-iconcolor=\"\" data-iconbg=\"\" data-elementmargin=\"\" data-elementwidth=\"\" data-cardborder=\"\" data-cardbordersize=\"1px\" data-bordercolor=\"\" data-backbuttonbg=\"\" data-backbuttonhoverbg=\"\" data-contentmargintop=\"\" data-cardshape=\"\" data-frontfullimage=\"https:\/\/alpenhaus-steinbock.ch\/wp-content\/uploads\/2018\/07\/Riederalp.jpg\" data-avatartype=\"none\" data-backfullimage=\"\" data-backavatar=\"none\"><div class=\"cq-flipbox-flipper\"><div class=\"cq-flipbox-item cq-flipbox-front\"><div class=\"cq-flipbox-content\"><\/div><\/div><div class=\"cq-flipbox-item cq-flipbox-back\"><div class=\"cq-flipbox-content\"><h4 class=\"cq-flipbox-title\">Aletsch Arena<\/h4>Au milieu de la belle r\u00e9gion de ski et de randonn\u00e9e. 104 km de pistes en hiver et en \u00e9t\u00e9, la r\u00e9gion comprend 150 km de sentiers de randonn\u00e9e et 100 km de sentiers de v\u00e9lo de montagne.<\/div><\/div><\/div><\/div>[\/vc_column][vc_column width=\"1\/3\" icons_position=\"left\"]<div class=\" cq-flipbox-container cq-rightleft\" data-frontbg=\"\" data-backbg=\"#eca549\" data-fontcolor=\"\" data-face1=\"cq-flipbox-front\" data-face2=\"cq-flipbox-back\" data-flipdirection=\"rightleft\" data-elementheight=\"\" data-avatarsize=\"100\" data-frontcontentcolor=\"#eca549\" data-backcontentcolor=\"#ffffff\" data-titlesize=\"\" data-contentsize=\"\" data-contentwidth=\"\" data-iconcolor=\"\" data-iconbg=\"\" data-elementmargin=\"\" data-elementwidth=\"\" data-cardborder=\"\" data-cardbordersize=\"1px\" data-bordercolor=\"\" data-backbuttonbg=\"\" data-backbuttonhoverbg=\"\" data-contentmargintop=\"\" data-cardshape=\"\" data-frontfullimage=\"https:\/\/alpenhaus-steinbock.ch\/wp-content\/uploads\/2018\/07\/aletschgletscher.jpg\" data-avatartype=\"none\" data-backfullimage=\"\" data-backavatar=\"none\"><a href=\"https:\/\/3color.ch\/alpenhaus-steinbock\/index.php\/fr\/impression-francais\/\" title=\"\" target=\"\" class=\"cq-flipbox-link\"><div class=\"cq-flipbox-flipper\"><div class=\"cq-flipbox-item cq-flipbox-front\"><div class=\"cq-flipbox-content\"><\/div><\/div><div class=\"cq-flipbox-item cq-flipbox-back\"><div class=\"cq-flipbox-content\"><h4 class=\"cq-flipbox-title\">Impressions \/ Galerie<\/h4>Vacances au paradis - Cliquez pour plus de photos et d'impressions ICI<\/div><\/div><\/div><\/a><\/div>[\/vc_column][\/vc_row]<\/div>[\/vc_tta_section][\/vc_tta_tabs][vc_empty_space alter_height=\"medium\" hide_on_mobile=\"\"][\/vc_column][\/vc_row]<\/div>[vc_empty_space alter_height=&#187;small&#187; hide_on_mobile=&#187;&#187; css=&#187;.vc_custom_1492072291028{margin-top: 0.4rem !important;}&#187;]<\/p>\n","protected":false},"excerpt":{"rendered":"<p>[vc_row equal_height=&#187;yes&#187; content_placement=&#187;middle&#187;][vc_column offset=&#187;vc_col-md-6&#8243;][vc_empty_space alter_height=&#187;huge&#187; hide_on_mobile=&#187;&#187;][vc_empty_space alter_height=&#187;huge&#187; hide_on_mobile=&#187;1&#8243; css=&#187;.vc_custom_1492425939927{margin-top: 1.2rem !important;}&#187;][\/vc_column][vc_column css=&#187;.vc_custom_1492425874349{padding-left: 55px !important;}&#187; el_class=&#187;welcome_column&#187; offset=&#187;vc_col-md-6&#8243;][vc_empty_space alter_height=&#187;huge&#187; hide_on_mobile=&#187;&#187;][vc_empty_space hide_on_mobile=&#187;&#187; css=&#187;.vc_custom_1492073785547{margin-top: 0.3rem !important;}&#187;][vc_column_text]L\u2019appartement est clair et ensoleill\u00e9. Le salon est \u00e9quip\u00e9 de fauteuils confortables et d\u2019une tv satellite. WLAN gratuit! Sol chauffant.\u00a0La cuisine est bien \u00e9quip\u00e9e avec lave-vaisselle, plaques de cuisson en vitro-c\u00e9ramique, \u00e9tuve \u00e0 circulation d\u2019air, grill-raclette, set \u00e0 Fondue,&hellip;<\/p>\n","protected":false},"author":1,"featured_media":0,"parent":0,"menu_order":0,"comment_status":"closed","ping_status":"closed","template":"","meta":{"footnotes":""},"_links":{"self":[{"href":"https:\/\/alpenhaus-steinbock.ch\/index.php\/wp-json\/wp\/v2\/pages\/1404"}],"collection":[{"href":"https:\/\/alpenhaus-steinbock.ch\/index.php\/wp-json\/wp\/v2\/pages"}],"about":[{"href":"https:\/\/alpenhaus-steinbock.ch\/index.php\/wp-json\/wp\/v2\/types\/page"}],"author":[{"embeddable":true,"href":"https:\/\/alpenhaus-steinbock.ch\/index.php\/wp-json\/wp\/v2\/users\/1"}],"replies":[{"embeddable":true,"href":"https:\/\/alpenhaus-steinbock.ch\/index.php\/wp-json\/wp\/v2\/comments?post=1404"}],"version-history":[{"count":19,"href":"https:\/\/alpenhaus-steinbock.ch\/index.php\/wp-json\/wp\/v2\/pages\/1404\/revisions"}],"predecessor-version":[{"id":2004,"href":"https:\/\/alpenhaus-steinbock.ch\/index.php\/wp-json\/wp\/v2\/pages\/1404\/revisions\/2004"}],"wp:attachment":[{"href":"https:\/\/alpenhaus-steinbock.ch\/index.php\/wp-json\/wp\/v2\/media?parent=1404"}],"curies":[{"name":"wp","href":"https:\/\/api.w.org\/{rel}","templated":true}]}}