{"id":1366,"date":"2018-07-22T10:51:56","date_gmt":"2018-07-22T10:51:56","guid":{"rendered":"https:\/\/3color.ch\/alpenhaus-steinbock\/?page_id=1366"},"modified":"2021-01-28T14:54:03","modified_gmt":"2021-01-28T14:54:03","slug":"book","status":"publish","type":"page","link":"https:\/\/alpenhaus-steinbock.ch\/index.php\/book\/","title":{"rendered":"Buchen &#8211; Deutsch"},"content":{"rendered":"<p>[vc_row][vc_column][vc_empty_space hide_on_mobile=&#187;&#187;][\/vc_column][\/vc_row][vc_row][vc_column]<div class=\"sc_layouts sc_layouts_default sc_layouts_228\">[vc_row][vc_column icons_position=\"left\"]<div class=\"sc_layouts_item\"><div id=\"sc_title_1098044257\"\n\t\tclass=\"sc_title sc_title_default\"><h6 class=\"sc_item_subtitle sc_title_subtitle sc_align_center sc_item_title_style_default\">Alpenhaus Steinbock<\/h6><h1 class=\"sc_item_title sc_title_title sc_align_center sc_item_title_style_default sc_item_title_tag\">Angebot & Freizeit<\/h1><\/div><!-- \/.sc_title --><\/div>[vc_empty_space alter_height=\"medium\" hide_on_mobile=\"\" css=\".vc_custom_1491654928648{margin-top: -0.5rem !important;}\"][vc_tta_tabs spacing=\"\" alignment=\"center\" active_section=\"1\" no_fill_content_area=\"true\"][vc_tta_section title=\"Wohnungen\" tab_id=\"1490369526311-f94eb064-a2dc\"]<div class=\"sc_layouts sc_layouts_default sc_layouts_1318\">[vc_row row_delimiter=\"\" row_fixed=\"\" hide_on_tablet=\"\" hide_on_mobile=\"\" hide_on_frontpage=\"\" css=\".vc_custom_1532179288256{margin-top: -3em !important;}\"][vc_column width=\"1\/3\" icons_position=\"left\"]<div class=\" cq-flipbox-container cq-rightleft\" data-frontbg=\"\" data-backbg=\"#eca549\" data-fontcolor=\"\" data-face1=\"cq-flipbox-front\" data-face2=\"cq-flipbox-back\" data-flipdirection=\"rightleft\" data-elementheight=\"\" data-avatarsize=\"80\" data-frontcontentcolor=\"\" data-backcontentcolor=\"#ffffff\" data-titlesize=\"\" data-contentsize=\"\" data-contentwidth=\"\" data-iconcolor=\"\" data-iconbg=\"\" data-elementmargin=\"\" data-elementwidth=\"\" data-cardborder=\"\" data-cardbordersize=\"1px\" data-bordercolor=\"\" data-backbuttonbg=\"\" data-backbuttonhoverbg=\"\" data-contentmargintop=\"\" data-cardshape=\"\" data-frontfullimage=\"https:\/\/alpenhaus-steinbock.ch\/wp-content\/uploads\/2018\/07\/Wohnung-EG.jpg\" data-avatartype=\"none\" data-backfullimage=\"\" data-backavatar=\"none\"><a href=\"\/index.php\/wohnung-eg\/\" title=\"\" target=\"\" class=\"cq-flipbox-link\"><div class=\"cq-flipbox-flipper\"><div class=\"cq-flipbox-item cq-flipbox-front\"><div class=\"cq-flipbox-content\"><\/div><\/div><div class=\"cq-flipbox-item cq-flipbox-back\"><div class=\"cq-flipbox-content\"><h4 class=\"cq-flipbox-title\">Hier klicken...<\/h4>...f\u00fcr weitere Infos &amp; Fotos<\/div><\/div><\/div><\/a><\/div>[vc_empty_space alter_height=\"medium\" hide_on_mobile=\"\"][vc_column_text]\r\n<h4 style=\"text-align: center;\">3\u00bd Zimmer EG<\/h4>\r\n<p style=\"text-align: center;\">Belegung: mind. 1 bis max. 5 Personen<\/p>\r\n<p style=\"text-align: center;\"><a href=\"\/index.php\/wohnung-eg\/\">Weitere Infos \/ Fotos<\/a><\/p>\r\n[\/vc_column_text][\/vc_column][vc_column width=\"1\/3\" icons_position=\"left\"]<div class=\" cq-flipbox-container cq-rightleft\" data-frontbg=\"\" data-backbg=\"#eca549\" data-fontcolor=\"\" data-face1=\"cq-flipbox-front\" data-face2=\"cq-flipbox-back\" data-flipdirection=\"rightleft\" data-elementheight=\"\" data-avatarsize=\"80\" data-frontcontentcolor=\"\" data-backcontentcolor=\"#ffffff\" data-titlesize=\"\" data-contentsize=\"\" data-contentwidth=\"\" data-iconcolor=\"\" data-iconbg=\"\" data-elementmargin=\"\" data-elementwidth=\"\" data-cardborder=\"\" data-cardbordersize=\"1px\" data-bordercolor=\"\" data-backbuttonbg=\"\" data-backbuttonhoverbg=\"\" data-contentmargintop=\"\" data-cardshape=\"\" data-frontfullimage=\"https:\/\/alpenhaus-steinbock.ch\/wp-content\/uploads\/2018\/07\/Wohnung-OG-West.jpg\" data-avatartype=\"none\" data-backfullimage=\"\" data-backavatar=\"none\"><a href=\"\/index.php\/wohnung-og-west\/\" title=\"\" target=\"\" class=\"cq-flipbox-link\"><div class=\"cq-flipbox-flipper\"><div class=\"cq-flipbox-item cq-flipbox-front\"><div class=\"cq-flipbox-content\"><\/div><\/div><div class=\"cq-flipbox-item cq-flipbox-back\"><div class=\"cq-flipbox-content\"><h4 class=\"cq-flipbox-title\">Hier klicken...<\/h4>...f\u00fcr weitere Infos &amp; Fotos<\/div><\/div><\/div><\/a><\/div>[vc_empty_space alter_height=\"medium\" hide_on_mobile=\"\"][vc_column_text]\r\n<h4 style=\"text-align: center;\">3\u00bd Zimmer 1.OG West<\/h4>\r\n<p style=\"text-align: center;\">Belegung: mind. 1 bis max. 6 Personen<\/p>\r\n<p style=\"text-align: center;\"><a href=\"\/index.php\/wohnung-og-west\/\">Weitere Infos \/ Fotos<\/a><\/p>\r\n[\/vc_column_text][\/vc_column][vc_column width=\"1\/3\" icons_position=\"left\"]<div class=\" cq-flipbox-container cq-rightleft\" data-frontbg=\"\" data-backbg=\"#eca549\" data-fontcolor=\"\" data-face1=\"cq-flipbox-front\" data-face2=\"cq-flipbox-back\" data-flipdirection=\"rightleft\" data-elementheight=\"\" data-avatarsize=\"80\" data-frontcontentcolor=\"\" data-backcontentcolor=\"#ffffff\" data-titlesize=\"\" data-contentsize=\"\" data-contentwidth=\"\" data-iconcolor=\"\" data-iconbg=\"\" data-elementmargin=\"\" data-elementwidth=\"\" data-cardborder=\"\" data-cardbordersize=\"1px\" data-bordercolor=\"\" data-backbuttonbg=\"\" data-backbuttonhoverbg=\"\" data-contentmargintop=\"\" data-cardshape=\"\" data-frontfullimage=\"https:\/\/alpenhaus-steinbock.ch\/wp-content\/uploads\/2018\/07\/Wohnung-OG-Ost.jpg\" data-avatartype=\"none\" data-backfullimage=\"\" data-backavatar=\"none\"><a href=\"\/index.php\/wohnung-og-ost\/\" title=\"\" target=\"\" class=\"cq-flipbox-link\"><div class=\"cq-flipbox-flipper\"><div class=\"cq-flipbox-item cq-flipbox-front\"><div class=\"cq-flipbox-content\"><\/div><\/div><div class=\"cq-flipbox-item cq-flipbox-back\"><div class=\"cq-flipbox-content\"><h4 class=\"cq-flipbox-title\">Hier klicken...<\/h4>...f\u00fcr weitere Infos &amp; Fotos<\/div><\/div><\/div><\/a><\/div>[vc_empty_space alter_height=\"medium\" hide_on_mobile=\"\"][vc_column_text]\r\n<h4 style=\"text-align: center;\">3\u00bd Zimmer 1.OG Ost<\/h4>\r\n<p style=\"text-align: center;\">Belegung: mind. 1 bis max. 6 Personen<\/p>\r\n<p style=\"text-align: center;\"><a href=\"\/index.php\/wohnung-og-ost\/\">Weitere Infos \/ Fotos<\/a><\/p>\r\n[\/vc_column_text][\/vc_column][\/vc_row]<\/div>[\/vc_tta_section][vc_tta_section title=\"Ausstattung\" tab_id=\"1490369526318-e25077c7-208f\"]<div class=\"sc_layouts sc_layouts_default sc_layouts_1328\">[vc_row row_delimiter=\"\" row_fixed=\"\" hide_on_tablet=\"\" hide_on_mobile=\"\" hide_on_frontpage=\"\" css=\".vc_custom_1532179288256{margin-top: -3em !important;}\"][vc_column width=\"1\/3\" icons_position=\"left\"]<div class=\" cq-flipbox-container cq-rightleft\" data-frontbg=\"\" data-backbg=\"#eca549\" data-fontcolor=\"\" data-face1=\"cq-flipbox-front\" data-face2=\"cq-flipbox-back\" data-flipdirection=\"rightleft\" data-elementheight=\"\" data-avatarsize=\"100\" data-frontcontentcolor=\"#eca549\" data-backcontentcolor=\"#ffffff\" data-titlesize=\"\" data-contentsize=\"\" data-contentwidth=\"\" data-iconcolor=\"\" data-iconbg=\"\" data-elementmargin=\"\" data-elementwidth=\"\" data-cardborder=\"\" data-cardbordersize=\"1px\" data-bordercolor=\"\" data-backbuttonbg=\"\" data-backbuttonhoverbg=\"\" data-contentmargintop=\"\" data-cardshape=\"\" data-frontfullimage=\"\" data-avatartype=\"icon\" data-backfullimage=\"\" data-backavatar=\"none\"><div class=\"cq-flipbox-flipper\"><div class=\"cq-flipbox-item cq-flipbox-front\"><div class=\"cq-flipbox-content\"><i class=\"cq-flipbox-cardavatar cq-shadow typcn typcn-wi-fi\"><\/i><h4 class=\"cq-flipbox-title\">Gratis WLAN<\/h4><\/div><\/div><div class=\"cq-flipbox-item cq-flipbox-back\"><div class=\"cq-flipbox-content\"><h4 class=\"cq-flipbox-title\">TV, Radio, Internet<\/h4>TV, Radio sowie WLAN stehen bei allen Wohnungen gratis zur Verf\u00fcgung<\/div><\/div><\/div><\/div>[\/vc_column][vc_column width=\"1\/3\" icons_position=\"left\"]<div class=\" cq-flipbox-container cq-rightleft\" data-frontbg=\"\" data-backbg=\"#eca549\" data-fontcolor=\"\" data-face1=\"cq-flipbox-front\" data-face2=\"cq-flipbox-back\" data-flipdirection=\"rightleft\" data-elementheight=\"\" data-avatarsize=\"100\" data-frontcontentcolor=\"#eca549\" data-backcontentcolor=\"#ffffff\" data-titlesize=\"\" data-contentsize=\"\" data-contentwidth=\"\" data-iconcolor=\"\" data-iconbg=\"\" data-elementmargin=\"\" data-elementwidth=\"\" data-cardborder=\"\" data-cardbordersize=\"1px\" data-bordercolor=\"\" data-backbuttonbg=\"\" data-backbuttonhoverbg=\"\" data-contentmargintop=\"\" data-cardshape=\"\" data-frontfullimage=\"\" data-avatartype=\"icon\" data-backfullimage=\"\" data-backavatar=\"none\"><div class=\"cq-flipbox-flipper\"><div class=\"cq-flipbox-item cq-flipbox-front\"><div class=\"cq-flipbox-content\"><i class=\"cq-flipbox-cardavatar cq-shadow typcn typcn-adjust-brightness\"><\/i><h4 class=\"cq-flipbox-title\">Balkon \/ Sitzplatz<\/h4><\/div><\/div><div class=\"cq-flipbox-item cq-flipbox-back\"><div class=\"cq-flipbox-content\"><h4 class=\"cq-flipbox-title\">Balkon \/ Sitzplatz<\/h4>Alle Wohnungen verf\u00fcgen \u00fcber einen Balkon oder Sitzplatz<\/div><\/div><\/div><\/div>[\/vc_column][vc_column width=\"1\/3\" icons_position=\"left\"]<div class=\" cq-flipbox-container cq-rightleft\" data-frontbg=\"\" data-backbg=\"#eca549\" data-fontcolor=\"\" data-face1=\"cq-flipbox-front\" data-face2=\"cq-flipbox-back\" data-flipdirection=\"rightleft\" data-elementheight=\"\" data-avatarsize=\"100\" data-frontcontentcolor=\"#eca549\" data-backcontentcolor=\"#ffffff\" data-titlesize=\"\" data-contentsize=\"\" data-contentwidth=\"\" data-iconcolor=\"\" data-iconbg=\"\" data-elementmargin=\"\" data-elementwidth=\"\" data-cardborder=\"\" data-cardbordersize=\"1px\" data-bordercolor=\"\" data-backbuttonbg=\"\" data-backbuttonhoverbg=\"\" data-contentmargintop=\"\" data-cardshape=\"\" data-frontfullimage=\"\" data-avatartype=\"icon\" data-backfullimage=\"\" data-backavatar=\"none\"><div class=\"cq-flipbox-flipper\"><div class=\"cq-flipbox-item cq-flipbox-front\"><div class=\"cq-flipbox-content\"><i class=\"cq-flipbox-cardavatar cq-shadow fa fa-car\"><\/i><h4 class=\"cq-flipbox-title\">Parkplatz \/ Taxi<\/h4><\/div><\/div><div class=\"cq-flipbox-item cq-flipbox-back\"><div class=\"cq-flipbox-content\"><h4 class=\"cq-flipbox-title\">Wintersaison<\/h4>Reservierter Parkplatz in M\u00f6rel (w\u00e4hrend der Wintersaison)\r\n- Die G\u00e4ste haben 50% Rabatt auf das Taxi<\/div><\/div><\/div><\/div>[\/vc_column][\/vc_row]<\/div>[\/vc_tta_section][vc_tta_section title=\"Freizeit\" tab_id=\"1490369559225-fdc21af2-1289\"]<div class=\"sc_layouts sc_layouts_default sc_layouts_1331\">[vc_row row_delimiter=\"\" row_fixed=\"\" hide_on_tablet=\"\" hide_on_mobile=\"\" hide_on_frontpage=\"\" css=\".vc_custom_1532179288256{margin-top: -3em !important;}\"][vc_column width=\"1\/3\" icons_position=\"left\"]<div class=\" cq-flipbox-container cq-rightleft\" data-frontbg=\"\" data-backbg=\"#eca549\" data-fontcolor=\"\" data-face1=\"cq-flipbox-front\" data-face2=\"cq-flipbox-back\" data-flipdirection=\"rightleft\" data-elementheight=\"\" data-avatarsize=\"100\" data-frontcontentcolor=\"#eca549\" data-backcontentcolor=\"#ffffff\" data-titlesize=\"\" data-contentsize=\"\" data-contentwidth=\"\" data-iconcolor=\"\" data-iconbg=\"\" data-elementmargin=\"\" data-elementwidth=\"\" data-cardborder=\"\" data-cardbordersize=\"1px\" data-bordercolor=\"\" data-backbuttonbg=\"\" data-backbuttonhoverbg=\"\" data-contentmargintop=\"\" data-cardshape=\"\" data-frontfullimage=\"https:\/\/alpenhaus-steinbock.ch\/wp-content\/uploads\/2018\/07\/golfclub.jpg\" data-avatartype=\"none\" data-backfullimage=\"\" data-backavatar=\"none\"><div class=\"cq-flipbox-flipper\"><div class=\"cq-flipbox-item cq-flipbox-front\"><div class=\"cq-flipbox-content\"><\/div><\/div><div class=\"cq-flipbox-item cq-flipbox-back\"><div class=\"cq-flipbox-content\"><h4 class=\"cq-flipbox-title\">Golfclub Riederalp<\/h4>Golf f\u00fcr Jedermann - vom Anf\u00e4nger bis zum Profi. 9-Loch Golfanlage auf 2000 m \u00fc.M.\r\nHIER klicken f\u00fcr weitere Impressionen<\/div><\/div><\/div><\/div>[\/vc_column][vc_column width=\"1\/3\" icons_position=\"left\"]<div class=\" cq-flipbox-container cq-rightleft\" data-frontbg=\"\" data-backbg=\"#eca549\" data-fontcolor=\"\" data-face1=\"cq-flipbox-front\" data-face2=\"cq-flipbox-back\" data-flipdirection=\"rightleft\" data-elementheight=\"\" data-avatarsize=\"100\" data-frontcontentcolor=\"#eca549\" data-backcontentcolor=\"#ffffff\" data-titlesize=\"\" data-contentsize=\"\" data-contentwidth=\"\" data-iconcolor=\"\" data-iconbg=\"\" data-elementmargin=\"\" data-elementwidth=\"\" data-cardborder=\"\" data-cardbordersize=\"1px\" data-bordercolor=\"\" data-backbuttonbg=\"\" data-backbuttonhoverbg=\"\" data-contentmargintop=\"\" data-cardshape=\"\" data-frontfullimage=\"https:\/\/alpenhaus-steinbock.ch\/wp-content\/uploads\/2018\/07\/Riederalp.jpg\" data-avatartype=\"none\" data-backfullimage=\"\" data-backavatar=\"none\"><div class=\"cq-flipbox-flipper\"><div class=\"cq-flipbox-item cq-flipbox-front\"><div class=\"cq-flipbox-content\"><\/div><\/div><div class=\"cq-flipbox-item cq-flipbox-back\"><div class=\"cq-flipbox-content\"><h4 class=\"cq-flipbox-title\">Aletsch Arena<\/h4>Mitten im sch\u00f6nen Ski- und Wandergebiet. 104 Pistenkilometern im Winter und im Sommer umfasst das Gebiet 150 km Wanderwege und 100 km Mountain-Bike-Trails.<\/div><\/div><\/div><\/div>[\/vc_column][vc_column width=\"1\/3\" icons_position=\"left\"]<div class=\" cq-flipbox-container cq-rightleft\" data-frontbg=\"\" data-backbg=\"#eca549\" data-fontcolor=\"\" data-face1=\"cq-flipbox-front\" data-face2=\"cq-flipbox-back\" data-flipdirection=\"rightleft\" data-elementheight=\"\" data-avatarsize=\"100\" data-frontcontentcolor=\"#eca549\" data-backcontentcolor=\"#ffffff\" data-titlesize=\"\" data-contentsize=\"\" data-contentwidth=\"\" data-iconcolor=\"\" data-iconbg=\"\" data-elementmargin=\"\" data-elementwidth=\"\" data-cardborder=\"\" data-cardbordersize=\"1px\" data-bordercolor=\"\" data-backbuttonbg=\"\" data-backbuttonhoverbg=\"\" data-contentmargintop=\"\" data-cardshape=\"\" data-frontfullimage=\"https:\/\/alpenhaus-steinbock.ch\/wp-content\/uploads\/2018\/07\/aletschgletscher.jpg\" data-avatartype=\"none\" data-backfullimage=\"\" data-backavatar=\"none\"><a href=\"https:\/\/3color.ch\/alpenhaus-steinbock\/index.php\/impression-deutsch\/\" title=\"\" target=\"\" class=\"cq-flipbox-link\"><div class=\"cq-flipbox-flipper\"><div class=\"cq-flipbox-item cq-flipbox-front\"><div class=\"cq-flipbox-content\"><\/div><\/div><div class=\"cq-flipbox-item cq-flipbox-back\"><div class=\"cq-flipbox-content\"><h4 class=\"cq-flipbox-title\">Impressionen \/ Galerie<\/h4>Ferien im Paradies -\r\nF\u00fcr weitere Fotos und Eindr\u00fccke HIER klicken...<\/div><\/div><\/div><\/a><\/div>[\/vc_column][\/vc_row]<\/div>[\/vc_tta_section][\/vc_tta_tabs][vc_empty_space alter_height=\"medium\" hide_on_mobile=\"\"][\/vc_column][\/vc_row]<\/div>[\/vc_column][\/vc_row]<\/p>\n","protected":false},"excerpt":{"rendered":"<p>[vc_row][vc_column][vc_empty_space hide_on_mobile=&#187;&#187;][\/vc_column][\/vc_row][vc_row][vc_column][\/vc_column][\/vc_row]<\/p>\n","protected":false},"author":1,"featured_media":0,"parent":0,"menu_order":0,"comment_status":"closed","ping_status":"closed","template":"","meta":{"footnotes":""},"_links":{"self":[{"href":"https:\/\/alpenhaus-steinbock.ch\/index.php\/wp-json\/wp\/v2\/pages\/1366"}],"collection":[{"href":"https:\/\/alpenhaus-steinbock.ch\/index.php\/wp-json\/wp\/v2\/pages"}],"about":[{"href":"https:\/\/alpenhaus-steinbock.ch\/index.php\/wp-json\/wp\/v2\/types\/page"}],"author":[{"embeddable":true,"href":"https:\/\/alpenhaus-steinbock.ch\/index.php\/wp-json\/wp\/v2\/users\/1"}],"replies":[{"embeddable":true,"href":"https:\/\/alpenhaus-steinbock.ch\/index.php\/wp-json\/wp\/v2\/comments?post=1366"}],"version-history":[{"count":31,"href":"https:\/\/alpenhaus-steinbock.ch\/index.php\/wp-json\/wp\/v2\/pages\/1366\/revisions"}],"predecessor-version":[{"id":2025,"href":"https:\/\/alpenhaus-steinbock.ch\/index.php\/wp-json\/wp\/v2\/pages\/1366\/revisions\/2025"}],"wp:attachment":[{"href":"https:\/\/alpenhaus-steinbock.ch\/index.php\/wp-json\/wp\/v2\/media?parent=1366"}],"curies":[{"name":"wp","href":"https:\/\/api.w.org\/{rel}","templated":true}]}}